{"id":1005,"date":"2025-12-11T12:57:03","date_gmt":"2025-12-11T11:57:03","guid":{"rendered":"https:\/\/vintagespiritgarage.fr\/?post_type=product&#038;p=1005"},"modified":"2025-12-16T15:18:10","modified_gmt":"2025-12-16T14:18:10","slug":"the-falkland-speyside","status":"publish","type":"product","link":"https:\/\/vintagespiritgarage.fr\/?product=the-falkland-speyside","title":{"rendered":"The Falkland &#8211; Speyside"},"content":{"rendered":"<p>Cette histoire commence en 1494, dans le royaume de Fife, ancien si\u00e8ge des rois d&rsquo;\u00c9cosse. Nich\u00e9 au pied des collines de Lomond se trouve le palais de Falkland, o\u00f9 le roi Jacques IV fit appel au c\u00e9l\u00e8bre fr\u00e8re Jon Cor pour qu&rsquo;il fabrique \u00ab l&rsquo;eau de vie \u00bb.<\/p>\n<p>PREMI\u00c8RE \u00c9DITION &#8211; SPEYSIDE &#8211; SINGLE MALT<\/p>\n<p>Un single malt Speyside vif et expressif, alliant douceur et profondeur. Des notes de fruits frais du verger, de malt mielleux, de vanille et d&rsquo;\u00e9corce d&rsquo;agrumes s&rsquo;\u00e9panouissent au nez. Les f\u00fbts de sherry apportent des notes de fruits secs, d&rsquo;\u00e9pices chaudes et de ch\u00eane subtil en bouche, ajoutant de la richesse tout en pr\u00e9servant la vivacit\u00e9 de la jeunesse.<\/p>\n","protected":false},"excerpt":{"rendered":"<div class=\"page\" title=\"Page 39\">\n<div class=\"section\">\n<div class=\"layoutArea\">\n<div class=\"column\">\n<div class=\"page\" title=\"Page 40\">\n<div class=\"section\">\n<div class=\"layoutArea\">\n<div class=\"column\">\n<div class=\"page\" title=\"Page 44\">\n<div class=\"section\">\n<div class=\"layoutArea\">\n<div class=\"column\">\n<p><strong>70 cl \u2022 45\u00b0<br \/>\n<\/strong><\/p>\n<p><strong>Single Malt Scotch Whisky<\/strong><br \/>\n<strong>Nez<\/strong> : Fruits frais du verger, malt mielleux, vanille et zeste d\u2019agrumes.<br \/>\n<strong>Palais<\/strong> : Fruits secs, e\u0301pices chaudes et che\u0302ne subtil.<br \/>\n<strong>Finale<\/strong> : Douce et persistante, avec des notes e\u0301pice\u0301es de\u0301licates et des noix carame\u0301lise\u0301es.<br \/>\n<strong>F\u00fbt<\/strong> : Sherry Oloroso (butt, second fill). Non filtre\u0301 a\u0300 froid.<\/p>\n<\/div>\n<\/div>\n<\/div>\n<\/div>\n<\/div>\n<\/div>\n<\/div>\n<\/div>\n<\/div>\n<\/div>\n<\/div>\n<\/div>\n","protected":false},"featured_media":1006,"comment_status":"open","ping_status":"closed","template":"","meta":[],"product_cat":[24],"product_tag":[],"_links":{"self":[{"href":"https:\/\/vintagespiritgarage.fr\/index.php?rest_route=\/wp\/v2\/product\/1005"}],"collection":[{"href":"https:\/\/vintagespiritgarage.fr\/index.php?rest_route=\/wp\/v2\/product"}],"about":[{"href":"https:\/\/vintagespiritgarage.fr\/index.php?rest_route=\/wp\/v2\/types\/product"}],"replies":[{"embeddable":true,"href":"https:\/\/vintagespiritgarage.fr\/index.php?rest_route=%2Fwp%2Fv2%2Fcomments&post=1005"}],"wp:featuredmedia":[{"embeddable":true,"href":"https:\/\/vintagespiritgarage.fr\/index.php?rest_route=\/wp\/v2\/media\/1006"}],"wp:attachment":[{"href":"https:\/\/vintagespiritgarage.fr\/index.php?rest_route=%2Fwp%2Fv2%2Fmedia&parent=1005"}],"wp:term":[{"taxonomy":"product_cat","embeddable":true,"href":"https:\/\/vintagespiritgarage.fr\/index.php?rest_route=%2Fwp%2Fv2%2Fproduct_cat&post=1005"},{"taxonomy":"product_tag","embeddable":true,"href":"https:\/\/vintagespiritgarage.fr\/index.php?rest_route=%2Fwp%2Fv2%2Fproduct_tag&post=1005"}],"curies":[{"name":"wp","href":"https:\/\/api.w.org\/{rel}","templated":true}]}}