{"id":1014,"date":"2025-12-16T17:59:37","date_gmt":"2025-12-16T16:59:37","guid":{"rendered":"https:\/\/vintagespiritgarage.fr\/?post_type=product&#038;p=1014"},"modified":"2025-12-17T09:39:35","modified_gmt":"2025-12-17T08:39:35","slug":"muyu-liqueur-jasmine-verte","status":"publish","type":"product","link":"https:\/\/vintagespiritgarage.fr\/?product=muyu-liqueur-jasmine-verte","title":{"rendered":"Muyu Liqueur &#8211; Jasmine Verte"},"content":{"rendered":"<p data-start=\"265\" data-end=\"307\"><strong data-start=\"265\" data-end=\"307\">La fleur blanche, fra\u00eeche et lumineuse<\/strong><\/p>\n<p data-start=\"309\" data-end=\"684\">Inspir\u00e9e par le jasmin en pleine floraison, <strong data-start=\"353\" data-end=\"370\">Jasmine Verte<\/strong> est une liqueur imagin\u00e9e par <strong data-start=\"400\" data-end=\"415\">Monica Berg<\/strong> autour de la d\u00e9licatesse et de la clart\u00e9 aromatique. Le jasmin, vert et \u00e9clatant, forme le c\u0153ur de la composition. Il est accompagn\u00e9 par le n\u00e9roli, tandis que le patchouli apporte de la profondeur. Le yuzu vient rafra\u00eechir l\u2019ensemble, pos\u00e9 sur une base poudr\u00e9e d\u2019iris.<\/p>\n<p data-start=\"686\" data-end=\"818\">Une liqueur florale et lumineuse, \u00e0 la fois distincte et subtile, qui exprime toute la sensualit\u00e9 des fleurs blanches sans lourdeur.<\/p>\n<p data-start=\"820\" data-end=\"950\">Pens\u00e9e pour \u00eatre d\u00e9gust\u00e9e en <strong data-start=\"849\" data-end=\"879\">highball avec du champagne<\/strong>, Jasmine Verte apporte fra\u00eecheur, \u00e9l\u00e9gance et verticalit\u00e9 au cocktail.<\/p>\n","protected":false},"excerpt":{"rendered":"<div class=\"page\" title=\"Page 1\">\n<div class=\"section\">\n<div class=\"layoutArea\">\n<div class=\"column\">\n<p>50 cl \u2022 24\u00b0<\/p>\n<p data-start=\"952\" data-end=\"1019\"><strong data-start=\"952\" data-end=\"973\">Profil aromatique<\/strong><br data-start=\"973\" data-end=\"976\" \/>Floral, frais, lumineux, d\u00e9licat, sensuel<\/p>\n<p data-start=\"1021\" data-end=\"1083\"><strong data-start=\"1021\" data-end=\"1041\">Ingr\u00e9dients cl\u00e9s<\/strong><br data-start=\"1041\" data-end=\"1044\" \/>Jasmin, N\u00e9roli, Patchouli, Yuzu, Iris<\/p>\n<p><strong data-start=\"1085\" data-end=\"1112\">Informations techniques<br \/>\n<\/strong>&#8211; C\u0153ur : Jasmin<br \/>\n&#8211; Accents : N\u00e9roli, Patchouli, Yuzu, Iris<br \/>\n&#8211; Sucre : 200 g\/L<br \/>\n&#8211; Autrice : Monica Berg<\/p>\n<\/div>\n<\/div>\n<\/div>\n<\/div>\n","protected":false},"featured_media":1019,"comment_status":"open","ping_status":"closed","template":"","meta":[],"product_cat":[17],"product_tag":[],"_links":{"self":[{"href":"https:\/\/vintagespiritgarage.fr\/index.php?rest_route=\/wp\/v2\/product\/1014"}],"collection":[{"href":"https:\/\/vintagespiritgarage.fr\/index.php?rest_route=\/wp\/v2\/product"}],"about":[{"href":"https:\/\/vintagespiritgarage.fr\/index.php?rest_route=\/wp\/v2\/types\/product"}],"replies":[{"embeddable":true,"href":"https:\/\/vintagespiritgarage.fr\/index.php?rest_route=%2Fwp%2Fv2%2Fcomments&post=1014"}],"wp:featuredmedia":[{"embeddable":true,"href":"https:\/\/vintagespiritgarage.fr\/index.php?rest_route=\/wp\/v2\/media\/1019"}],"wp:attachment":[{"href":"https:\/\/vintagespiritgarage.fr\/index.php?rest_route=%2Fwp%2Fv2%2Fmedia&parent=1014"}],"wp:term":[{"taxonomy":"product_cat","embeddable":true,"href":"https:\/\/vintagespiritgarage.fr\/index.php?rest_route=%2Fwp%2Fv2%2Fproduct_cat&post=1014"},{"taxonomy":"product_tag","embeddable":true,"href":"https:\/\/vintagespiritgarage.fr\/index.php?rest_route=%2Fwp%2Fv2%2Fproduct_tag&post=1014"}],"curies":[{"name":"wp","href":"https:\/\/api.w.org\/{rel}","templated":true}]}}