{"id":1015,"date":"2025-12-16T18:09:44","date_gmt":"2025-12-16T17:09:44","guid":{"rendered":"https:\/\/vintagespiritgarage.fr\/?post_type=product&#038;p=1015"},"modified":"2025-12-17T09:38:35","modified_gmt":"2025-12-17T08:38:35","slug":"muyu-liqueur-chinotto-nero","status":"publish","type":"product","link":"https:\/\/vintagespiritgarage.fr\/?product=muyu-liqueur-chinotto-nero","title":{"rendered":"Muyu Liqueur &#8211; Chinotto Nero"},"content":{"rendered":"<p data-start=\"1271\" data-end=\"1311\"><strong data-start=\"1271\" data-end=\"1311\">L\u2019agrume amer, opulent et myst\u00e9rieux<\/strong><\/p>\n<p data-start=\"1313\" data-end=\"1615\">Cr\u00e9\u00e9e par <strong data-start=\"1323\" data-end=\"1342\">Simone Caporale<\/strong>, <strong data-start=\"1344\" data-end=\"1361\">Chinotto Nero<\/strong> est un hommage au chinotto, cet agrume italien \u00e0 l\u2019amertume singuli\u00e8re. La note de feuille de myrte et d\u2019orange chinotto est envelopp\u00e9e par la chincona et l\u2019orange cura\u00e7ao, reposant sur une base d\u2019oakmoss relev\u00e9e par une touche douce et \u00e9pic\u00e9e de cacao.<\/p>\n<p data-start=\"1617\" data-end=\"1744\">Le r\u00e9sultat est une liqueur intense et structur\u00e9e, \u00e0 la fois zest\u00e9e, opulente et profonde, avec une dimension presque mystique.<\/p>\n<p data-start=\"1746\" data-end=\"1904\">Con\u00e7ue pour \u00eatre appr\u00e9ci\u00e9e en <strong data-start=\"1776\" data-end=\"1810\">highball avec de l\u2019eau tonique<\/strong>, Chinotto Nero r\u00e9v\u00e8le toute sa complexit\u00e9 dans des cocktails longs, amers et rafra\u00eechissants.<\/p>\n","protected":false},"excerpt":{"rendered":"<div class=\"page\" title=\"Page 1\">\n<div class=\"section\">\n<div class=\"layoutArea\">\n<div class=\"column\">\n<p>50 cl \u2022 24\u00b0<\/p>\n<p data-start=\"1906\" data-end=\"1978\"><strong data-start=\"1906\" data-end=\"1927\">Profil aromatique<\/strong><br data-start=\"1927\" data-end=\"1930\" \/>Agrumes, opulent, zest\u00e9, luxuriant, myst\u00e9rieux<\/p>\n<p data-start=\"1980\" data-end=\"2055\"><strong data-start=\"1980\" data-end=\"2000\">Ingr\u00e9dients cl\u00e9s<\/strong><br data-start=\"2000\" data-end=\"2003\" \/>Chinotto, Chincona, Oakmoss, Orange Cura\u00e7ao, Cacao<\/p>\n<p><strong data-start=\"1085\" data-end=\"1112\">Informations techniques<br \/>\n<\/strong>&#8211; C\u0153ur : Chinotto<br \/>\n&#8211; Accents : Chincona, Oakmoss, Orange Cura\u00e7ao, Cacao<br \/>\n&#8211; Sucre : 200 g\/L<br \/>\n&#8211; Autrice : Simone Caporale<\/p>\n<\/div>\n<\/div>\n<\/div>\n<\/div>\n","protected":false},"featured_media":1018,"comment_status":"open","ping_status":"closed","template":"","meta":[],"product_cat":[17],"product_tag":[],"_links":{"self":[{"href":"https:\/\/vintagespiritgarage.fr\/index.php?rest_route=\/wp\/v2\/product\/1015"}],"collection":[{"href":"https:\/\/vintagespiritgarage.fr\/index.php?rest_route=\/wp\/v2\/product"}],"about":[{"href":"https:\/\/vintagespiritgarage.fr\/index.php?rest_route=\/wp\/v2\/types\/product"}],"replies":[{"embeddable":true,"href":"https:\/\/vintagespiritgarage.fr\/index.php?rest_route=%2Fwp%2Fv2%2Fcomments&post=1015"}],"wp:featuredmedia":[{"embeddable":true,"href":"https:\/\/vintagespiritgarage.fr\/index.php?rest_route=\/wp\/v2\/media\/1018"}],"wp:attachment":[{"href":"https:\/\/vintagespiritgarage.fr\/index.php?rest_route=%2Fwp%2Fv2%2Fmedia&parent=1015"}],"wp:term":[{"taxonomy":"product_cat","embeddable":true,"href":"https:\/\/vintagespiritgarage.fr\/index.php?rest_route=%2Fwp%2Fv2%2Fproduct_cat&post=1015"},{"taxonomy":"product_tag","embeddable":true,"href":"https:\/\/vintagespiritgarage.fr\/index.php?rest_route=%2Fwp%2Fv2%2Fproduct_tag&post=1015"}],"curies":[{"name":"wp","href":"https:\/\/api.w.org\/{rel}","templated":true}]}}