{"id":1016,"date":"2025-12-16T18:13:27","date_gmt":"2025-12-16T17:13:27","guid":{"rendered":"https:\/\/vintagespiritgarage.fr\/?post_type=product&#038;p=1016"},"modified":"2025-12-17T09:37:57","modified_gmt":"2025-12-17T08:37:57","slug":"muyu-liqueur-vetiver-gris","status":"publish","type":"product","link":"https:\/\/vintagespiritgarage.fr\/?product=muyu-liqueur-vetiver-gris","title":{"rendered":"Muyu Liqueur &#8211; Vetiver Gris"},"content":{"rendered":"<p data-start=\"2258\" data-end=\"2304\"><strong data-start=\"2258\" data-end=\"2304\">La profondeur bois\u00e9e, s\u00e8che et \u00e9nigmatique<\/strong><\/p>\n<p data-start=\"2306\" data-end=\"2667\">Imagin\u00e9e par <strong data-start=\"2319\" data-end=\"2335\">Alex Kratena<\/strong>, <strong data-start=\"2337\" data-end=\"2353\">Vetiver Gris<\/strong> est une composition construite autour de l\u2019alchimie du bois. Le v\u00e9tiver en constitue le c\u0153ur, avec une base terreuse et cuir\u00e9e. Des notes de pamplemousse viennent apporter de la fra\u00eecheur, tandis que le timur, le patchouli et le petit grain ajoutent vivacit\u00e9 et tension, domin\u00e9s par la structure du bois de c\u00e8dre.<\/p>\n<p data-start=\"2669\" data-end=\"2762\">Une liqueur bois\u00e9e et tellurique, intrigante et persistante, \u00e0 la profondeur presque infinie.<\/p>\n<p data-start=\"2764\" data-end=\"2903\">Pens\u00e9e pour \u00eatre d\u00e9gust\u00e9e en <strong data-start=\"2793\" data-end=\"2834\">highball avec un soda au pamplemousse<\/strong>, Vetiver Gris excelle dans les cocktails longs, secs et aromatiques.<\/p>\n","protected":false},"excerpt":{"rendered":"<div class=\"page\" title=\"Page 1\">\n<div class=\"section\">\n<div class=\"layoutArea\">\n<div class=\"column\">\n<p>50 cl \u2022 22\u00b0<\/p>\n<p data-start=\"1906\" data-end=\"1978\"><strong data-start=\"1906\" data-end=\"1927\">Profil aromatique<\/strong><br data-start=\"1927\" data-end=\"1930\" \/>Terreux, bois\u00e9, mystique, intrigant, profond<\/p>\n<p data-start=\"1980\" data-end=\"2055\"><strong data-start=\"1980\" data-end=\"2000\">Ingr\u00e9dients cl\u00e9s<br \/>\n<\/strong>V\u00e9tiver, Timur, Patchouli, Petit Grain, Bois de C\u00e8dre<\/p>\n<p><strong data-start=\"1085\" data-end=\"1112\">Informations techniques<br \/>\n<\/strong>&#8211; C\u0153ur : V\u00e9tiver<br \/>\n&#8211; Accents : Timur, Patchouli, Petit Grain, Bois de C\u00e8dre<br \/>\n&#8211; Sucre : 200 g\/L<br \/>\n&#8211; Autrice : Alex Kratena<\/p>\n<\/div>\n<\/div>\n<\/div>\n<\/div>\n","protected":false},"featured_media":1017,"comment_status":"open","ping_status":"closed","template":"","meta":[],"product_cat":[17],"product_tag":[],"_links":{"self":[{"href":"https:\/\/vintagespiritgarage.fr\/index.php?rest_route=\/wp\/v2\/product\/1016"}],"collection":[{"href":"https:\/\/vintagespiritgarage.fr\/index.php?rest_route=\/wp\/v2\/product"}],"about":[{"href":"https:\/\/vintagespiritgarage.fr\/index.php?rest_route=\/wp\/v2\/types\/product"}],"replies":[{"embeddable":true,"href":"https:\/\/vintagespiritgarage.fr\/index.php?rest_route=%2Fwp%2Fv2%2Fcomments&post=1016"}],"wp:featuredmedia":[{"embeddable":true,"href":"https:\/\/vintagespiritgarage.fr\/index.php?rest_route=\/wp\/v2\/media\/1017"}],"wp:attachment":[{"href":"https:\/\/vintagespiritgarage.fr\/index.php?rest_route=%2Fwp%2Fv2%2Fmedia&parent=1016"}],"wp:term":[{"taxonomy":"product_cat","embeddable":true,"href":"https:\/\/vintagespiritgarage.fr\/index.php?rest_route=%2Fwp%2Fv2%2Fproduct_cat&post=1016"},{"taxonomy":"product_tag","embeddable":true,"href":"https:\/\/vintagespiritgarage.fr\/index.php?rest_route=%2Fwp%2Fv2%2Fproduct_tag&post=1016"}],"curies":[{"name":"wp","href":"https:\/\/api.w.org\/{rel}","templated":true}]}}