{"id":1031,"date":"2026-04-15T10:38:24","date_gmt":"2026-04-15T09:38:24","guid":{"rendered":"https:\/\/vintagespiritgarage.fr\/?post_type=product&#038;p=1031"},"modified":"2026-04-15T10:41:55","modified_gmt":"2026-04-15T09:41:55","slug":"gin-salvaticu-domaine-vincenti","status":"publish","type":"product","link":"https:\/\/vintagespiritgarage.fr\/?product=gin-salvaticu-domaine-vincenti","title":{"rendered":"Gin SALVATICU &#8211; Domaine VINCENTI"},"content":{"rendered":"<div class=\"page\" title=\"Page 25\">\n<div class=\"section\">\n<div class=\"layoutArea\">\n<div class=\"column\">\n<p>Premi\u00e8re distillerie 100% bio de Corse, le Domaine Vincenti transforme m\u00eame ses t\u00eates et queues de distillation en \u00e9thanol de raisin &#8211; la base de ce gin.<\/p>\n<\/div>\n<\/div>\n<\/div>\n<\/div>\n","protected":false},"excerpt":{"rendered":"<div class=\"page\" title=\"Page 25\">\n<div class=\"section\">\n<div class=\"layoutArea\">\n<div class=\"column\">\n<p><b>50 cl \u2022 45\u00b0<\/b><\/p>\n<p><strong>Gin bio<\/strong><\/p>\n<p><strong>Nez<\/strong> : explosif sur le citron et le c\u00e9drat, notes de figuier et de myrte.<br \/>\n<strong>Palais<\/strong> : vif et aromatique, mont\u00e9e d&rsquo;herbes corses, immortelle discr\u00e8te.<br \/>\n<strong>Finale<\/strong> : longue, suave, noix de coco en r\u00e9tro-olfaction.<\/p>\n<p>Douze botaniques dont immortelle (produite \u00e0 200 m du domaine en partenariat avec Clos Belle Ceppe), myrte, feuille de figuier, thym citron et \u00e9corce de citron. \u00c0 conserver \u00e0 l&rsquo;abri de la lumi\u00e8re : la chlorophylle qui lui donne sa robe vert naturelle \u00e9volue aux UV, sans impact sur le go\u00fbt.<\/p>\n<\/div>\n<\/div>\n<\/div>\n<\/div>\n","protected":false},"featured_media":1032,"comment_status":"open","ping_status":"closed","template":"","meta":[],"product_cat":[19],"product_tag":[],"_links":{"self":[{"href":"https:\/\/vintagespiritgarage.fr\/index.php?rest_route=\/wp\/v2\/product\/1031"}],"collection":[{"href":"https:\/\/vintagespiritgarage.fr\/index.php?rest_route=\/wp\/v2\/product"}],"about":[{"href":"https:\/\/vintagespiritgarage.fr\/index.php?rest_route=\/wp\/v2\/types\/product"}],"replies":[{"embeddable":true,"href":"https:\/\/vintagespiritgarage.fr\/index.php?rest_route=%2Fwp%2Fv2%2Fcomments&post=1031"}],"wp:featuredmedia":[{"embeddable":true,"href":"https:\/\/vintagespiritgarage.fr\/index.php?rest_route=\/wp\/v2\/media\/1032"}],"wp:attachment":[{"href":"https:\/\/vintagespiritgarage.fr\/index.php?rest_route=%2Fwp%2Fv2%2Fmedia&parent=1031"}],"wp:term":[{"taxonomy":"product_cat","embeddable":true,"href":"https:\/\/vintagespiritgarage.fr\/index.php?rest_route=%2Fwp%2Fv2%2Fproduct_cat&post=1031"},{"taxonomy":"product_tag","embeddable":true,"href":"https:\/\/vintagespiritgarage.fr\/index.php?rest_route=%2Fwp%2Fv2%2Fproduct_tag&post=1031"}],"curies":[{"name":"wp","href":"https:\/\/api.w.org\/{rel}","templated":true}]}}