{"id":1033,"date":"2026-04-15T10:42:08","date_gmt":"2026-04-15T09:42:08","guid":{"rendered":"https:\/\/vintagespiritgarage.fr\/?post_type=product&#038;p=1033"},"modified":"2026-04-15T11:34:17","modified_gmt":"2026-04-15T10:34:17","slug":"warners-london-dry-gin","status":"publish","type":"product","link":"https:\/\/vintagespiritgarage.fr\/?product=warners-london-dry-gin","title":{"rendered":"WARNER&rsquo;S London Dry Gin"},"content":{"rendered":"<div class=\"page\" title=\"Page 25\">\n<div class=\"section\">\n<div class=\"layoutArea\">\n<div class=\"column\">\n<p>R\u00e9compens\u00e9 d&rsquo;un titre de Master au Gin Masters 2021 et d&rsquo;une m\u00e9daille d&rsquo;or au San Francisco World Spirits Competition, ce gin se savoure id\u00e9alement en G&amp;T avec un tonic premium et un zeste d&rsquo;orange.<\/p>\n<p>Warner&rsquo;s Distillery est une distillerie artisanale prim\u00e9e \u00e0 l&rsquo;\u00e9chelle internationale, fond\u00e9e par Tom Warner sur la ferme familiale, dans une grange bicentenaire reconvertie dans le pittoresque village de Harrington, Northamptonshire. Lanc\u00e9e en 2012 par Tom et Tina Warner, cette entreprise familiale et ind\u00e9pendante s&rsquo;est donn\u00e9 pour mission de sauver le monde des spiritueux m\u00e9diocres, tout en prenant soin de la plan\u00e8te. Le c\u0153ur de la distillerie bat au rythme de <em>Curiosity<\/em>, un alambic en cuivre Arnold Holstein (tradition oblige, les alambics ont toujours un pr\u00e9nom ici). Les botaniques cl\u00e9s : lavande, racine d&rsquo;ang\u00e9lique, verveine citronn\u00e9e &#8211; sont cueillis \u00e0 la main et associ\u00e9s \u00e0 un gen\u00e9vrier classique ainsi qu&rsquo;\u00e0 des \u00e9corces d&rsquo;agrumes r\u00e9cup\u00e9r\u00e9es aupr\u00e8s d&rsquo;une usine locale, \u00e9vitant ainsi leur mise en d\u00e9charge. L&rsquo;eau utilis\u00e9e pour la distillation est elle aussi locale, puis\u00e9e \u00e0 une source situ\u00e9e \u00e0 300 m\u00e8tres \u00e0 peine de la distillerie. Chez Warner&rsquo;s, la provenance n&rsquo;est pas un argument marketing : c&rsquo;est une philosophie ancr\u00e9e dans la terre.<\/p>\n<\/div>\n<\/div>\n<\/div>\n<\/div>\n","protected":false},"excerpt":{"rendered":"<div class=\"page\" title=\"Page 25\">\n<div class=\"section\">\n<div class=\"layoutArea\">\n<div class=\"column\">\n<p>70 cl \u2022 40\u00b0<\/p>\n<p class=\"font-claude-response-body break-words whitespace-normal leading-[1.7]\">\u00c9labor\u00e9 \u00e0 partir de 11 botaniques : gen\u00e9vrier, \u00e9corce de citron, coriandre, fleur de sureau, cannelle, amande, racine d&rsquo;ang\u00e9lique, lavande, verveine citronn\u00e9e et noix de muscade &#8211; ce London Dry Gin est audacieux, honn\u00eate, et n&rsquo;a jamais eu besoin de se cacher derri\u00e8re des artifices.<\/p>\n<p class=\"font-claude-response-body break-words whitespace-normal leading-[1.7]\"><strong>Nez :<\/strong> Doux et floral, fleur de sureau, cardamome et citron.<br \/>\n<strong>Palais :<\/strong> Gen\u00e9vrier affirm\u00e9, citron zest\u00e9, puis nuances florales et terreuses.<br \/>\n<strong>Finale :<\/strong> \u00c9pic\u00e9e et douce, coriandre, cannelle et ang\u00e9lique dans un sillage long et subtil.<\/p>\n<\/div>\n<\/div>\n<\/div>\n<\/div>\n","protected":false},"featured_media":1034,"comment_status":"open","ping_status":"closed","template":"","meta":[],"product_cat":[19],"product_tag":[],"_links":{"self":[{"href":"https:\/\/vintagespiritgarage.fr\/index.php?rest_route=\/wp\/v2\/product\/1033"}],"collection":[{"href":"https:\/\/vintagespiritgarage.fr\/index.php?rest_route=\/wp\/v2\/product"}],"about":[{"href":"https:\/\/vintagespiritgarage.fr\/index.php?rest_route=\/wp\/v2\/types\/product"}],"replies":[{"embeddable":true,"href":"https:\/\/vintagespiritgarage.fr\/index.php?rest_route=%2Fwp%2Fv2%2Fcomments&post=1033"}],"wp:featuredmedia":[{"embeddable":true,"href":"https:\/\/vintagespiritgarage.fr\/index.php?rest_route=\/wp\/v2\/media\/1034"}],"wp:attachment":[{"href":"https:\/\/vintagespiritgarage.fr\/index.php?rest_route=%2Fwp%2Fv2%2Fmedia&parent=1033"}],"wp:term":[{"taxonomy":"product_cat","embeddable":true,"href":"https:\/\/vintagespiritgarage.fr\/index.php?rest_route=%2Fwp%2Fv2%2Fproduct_cat&post=1033"},{"taxonomy":"product_tag","embeddable":true,"href":"https:\/\/vintagespiritgarage.fr\/index.php?rest_route=%2Fwp%2Fv2%2Fproduct_tag&post=1033"}],"curies":[{"name":"wp","href":"https:\/\/api.w.org\/{rel}","templated":true}]}}