{"id":1046,"date":"2026-04-15T11:53:28","date_gmt":"2026-04-15T10:53:28","guid":{"rendered":"https:\/\/vintagespiritgarage.fr\/?post_type=product&#038;p=1046"},"modified":"2026-04-15T11:54:58","modified_gmt":"2026-04-15T10:54:58","slug":"charbon-le-flambe","status":"publish","type":"product","link":"https:\/\/vintagespiritgarage.fr\/?product=charbon-le-flambe","title":{"rendered":"Charbon &#8211; Le Flamb\u00e9"},"content":{"rendered":"<p><i>Cinq alcools de s\u00e9same bio, \u00e9labor\u00e9s \u00e0 la main dans les Monts du Lyonnais.<\/i><i><\/i><\/p>\n<p>St\u00e9phanie et Samuel ont voulu cr\u00e9er un alcool artisanal fran\u00e7ais aux notes tourb\u00e9es &#8211; sans toucher aux tourbi\u00e8res d&rsquo;\u00c9cosse.<span class=\"Apple-converted-space\">\u00a0 <\/span>Pas de whisky ni de gin : tous les spiritueux sont distill\u00e9s \u00e0 base de s\u00e9same bio, graine aux mille facettes, tour \u00e0 tour douce, torr\u00e9fi\u00e9e ou fum\u00e9e.<\/p>\n","protected":false},"excerpt":{"rendered":"<p><b>50 cl \u2022 43\u00b0<\/b><\/p>\n<p><strong>Nez<\/strong> : s\u00e9same flamb\u00e9, caramel fum\u00e9, sirop de canne.<br \/>\n<strong>Palais<\/strong> : notes sucr\u00e9es-sal\u00e9es, \u00e9vocation de bacon au sirop d&rsquo;\u00e9rable.<br \/>\n<strong>Finale<\/strong> : longue, fum\u00e9e et caram\u00e9lis\u00e9e.<span class=\"Apple-converted-space\">\u00a0<\/span><\/p>\n<p>Le Flamb\u00e9 est un d\u00e9riv\u00e9 du Br\u00fbl\u00e9 avec 5% de canne \u00e0 sucre &#8211; il s\u00e9duit par sa rondeur et sa signature charbonneuse.<\/p>\n","protected":false},"featured_media":1039,"comment_status":"open","ping_status":"closed","template":"","meta":[],"product_cat":[17],"product_tag":[],"_links":{"self":[{"href":"https:\/\/vintagespiritgarage.fr\/index.php?rest_route=\/wp\/v2\/product\/1046"}],"collection":[{"href":"https:\/\/vintagespiritgarage.fr\/index.php?rest_route=\/wp\/v2\/product"}],"about":[{"href":"https:\/\/vintagespiritgarage.fr\/index.php?rest_route=\/wp\/v2\/types\/product"}],"replies":[{"embeddable":true,"href":"https:\/\/vintagespiritgarage.fr\/index.php?rest_route=%2Fwp%2Fv2%2Fcomments&post=1046"}],"wp:featuredmedia":[{"embeddable":true,"href":"https:\/\/vintagespiritgarage.fr\/index.php?rest_route=\/wp\/v2\/media\/1039"}],"wp:attachment":[{"href":"https:\/\/vintagespiritgarage.fr\/index.php?rest_route=%2Fwp%2Fv2%2Fmedia&parent=1046"}],"wp:term":[{"taxonomy":"product_cat","embeddable":true,"href":"https:\/\/vintagespiritgarage.fr\/index.php?rest_route=%2Fwp%2Fv2%2Fproduct_cat&post=1046"},{"taxonomy":"product_tag","embeddable":true,"href":"https:\/\/vintagespiritgarage.fr\/index.php?rest_route=%2Fwp%2Fv2%2Fproduct_tag&post=1046"}],"curies":[{"name":"wp","href":"https:\/\/api.w.org\/{rel}","templated":true}]}}