{"id":1048,"date":"2026-04-16T08:33:01","date_gmt":"2026-04-16T07:33:01","guid":{"rendered":"https:\/\/vintagespiritgarage.fr\/?post_type=product&#038;p=1048"},"modified":"2026-04-16T08:36:06","modified_gmt":"2026-04-16T07:36:06","slug":"pastis-san-fiorenzo-domaine-vincenti","status":"publish","type":"product","link":"https:\/\/vintagespiritgarage.fr\/?product=pastis-san-fiorenzo-domaine-vincenti","title":{"rendered":"Pastis San Fiorenzo &#8211; Domaine VINCENTI"},"content":{"rendered":"<div class=\"page\" title=\"Page 25\">\n<div class=\"section\">\n<div class=\"layoutArea\">\n<div class=\"column\">\n<p>San Fiorenzo est une cr\u00e9ation originale de la distillerie du Domaine Vincenti, con\u00e7ue en hommage \u00e0 leurs anc\u00eatres \u00e9tablis \u00e0 l&rsquo;origine \u00e0 Saint-Florent (San Fiorenzo \u00e9tant l&rsquo;ancienne appellation g\u00e9noise de ce port embl\u00e9matique) avant qu&rsquo;un des leurs ne s&rsquo;exile au XIXe si\u00e8cle vers Porto Rico. Fond\u00e9 en 2011 \u00e0 Poggio-d&rsquo;Oletta, au c\u0153ur de la Conca d&rsquo;Oru, le Domaine Vincenti se distingue en Corse en \u00e9tant le seul \u00e0 valoriser l&rsquo;int\u00e9gralit\u00e9 de ses coproduits viti-vinicoles en spiritueux, gr\u00e2ce \u00e0 sa propre distillerie, dans une logique d&rsquo;agriculture circulaire certifi\u00e9e 100 % biologique.<\/p>\n<\/div>\n<\/div>\n<\/div>\n<\/div>\n","protected":false},"excerpt":{"rendered":"<div class=\"page\" title=\"Page 25\">\n<div class=\"section\">\n<div class=\"layoutArea\">\n<div class=\"column\">\n<p><b>50 cl \u2022 45\u00b0<\/b><\/p>\n<p>Le Pastis San Fiorenzo puise son caract\u00e8re dans l&rsquo;infusion de plantes sauvages dans un alcool pur et biologique. L&rsquo;eucalyptus, qui borde les plages de Saint-Florent, apporte une fra\u00eecheur vive, tandis que l&rsquo;orange douce, gorg\u00e9e de soleil, conf\u00e8re rondeur et \u00e9clat. Le poivre de Timut r\u00e9v\u00e8le de subtils accents zest\u00e9s aux notes \u00e9pic\u00e9es. Ce mariage d&rsquo;ingr\u00e9dients donne naissance \u00e0 un pastis harmonieux et lumineux, qui r\u00e9interpr\u00e8te avec finesse l&rsquo;esprit de cet ap\u00e9ritif m\u00e9diterran\u00e9en. \u00c0 d\u00e9guster pur, sur glace ou en cocktail.<\/p>\n<\/div>\n<\/div>\n<\/div>\n<\/div>\n","protected":false},"featured_media":1049,"comment_status":"open","ping_status":"closed","template":"","meta":[],"product_cat":[17],"product_tag":[],"_links":{"self":[{"href":"https:\/\/vintagespiritgarage.fr\/index.php?rest_route=\/wp\/v2\/product\/1048"}],"collection":[{"href":"https:\/\/vintagespiritgarage.fr\/index.php?rest_route=\/wp\/v2\/product"}],"about":[{"href":"https:\/\/vintagespiritgarage.fr\/index.php?rest_route=\/wp\/v2\/types\/product"}],"replies":[{"embeddable":true,"href":"https:\/\/vintagespiritgarage.fr\/index.php?rest_route=%2Fwp%2Fv2%2Fcomments&post=1048"}],"wp:featuredmedia":[{"embeddable":true,"href":"https:\/\/vintagespiritgarage.fr\/index.php?rest_route=\/wp\/v2\/media\/1049"}],"wp:attachment":[{"href":"https:\/\/vintagespiritgarage.fr\/index.php?rest_route=%2Fwp%2Fv2%2Fmedia&parent=1048"}],"wp:term":[{"taxonomy":"product_cat","embeddable":true,"href":"https:\/\/vintagespiritgarage.fr\/index.php?rest_route=%2Fwp%2Fv2%2Fproduct_cat&post=1048"},{"taxonomy":"product_tag","embeddable":true,"href":"https:\/\/vintagespiritgarage.fr\/index.php?rest_route=%2Fwp%2Fv2%2Fproduct_tag&post=1048"}],"curies":[{"name":"wp","href":"https:\/\/api.w.org\/{rel}","templated":true}]}}