{"id":134,"date":"2015-05-01T07:04:48","date_gmt":"2015-05-01T06:04:48","guid":{"rendered":"http:\/\/localhost:8888\/?product=pisco-mosto-verde-italia"},"modified":"2022-11-14T17:03:19","modified_gmt":"2022-11-14T16:03:19","slug":"pisco-mosto-verde-italia","status":"publish","type":"product","link":"https:\/\/vintagespiritgarage.fr\/?product=pisco-mosto-verde-italia","title":{"rendered":"Pisco Mosto Verde Italia"},"content":{"rendered":"<div class=\"page\" title=\"Page 15\">\n<div class=\"section\">\n<div class=\"section\">\n<div class=\"layoutArea\">\n<div class=\"column\">\n<div class=\"page\" title=\"Page 17\">\n<div class=\"section\">\n<div class=\"layoutArea\">\n<div class=\"column\">\n<p>La cave Quattro Gallos est fond\u00e9e en 1990, une petite affaire familiale\u00a0qui commence \u00e0 produire de fa\u00e7on tr\u00e8s artisanale du Pisco pour les amis. Peu \u00e0 peu la renomm\u00e9e s\u2019\u00e9tend et le Pisco Quattro Gallos devenu c\u00e9l\u00e8bre d\u00e8s 2010 est oblig\u00e9 de prendre au P\u00e9rou une dimension industrielle, mais sans abandonner l\u2019esprit familial\u00a0et artisanal. Install\u00e9s dans\u00a0<span style=\"line-height: 1.5;\">la Vall\u00e9e de l\u2019Ica, les vignes couvrent une terre de plus de 40 hectares, faites d\u2019alluvions et de sables semblables aux grands vignobles fran\u00e7ais. Les 40 hectares de Quattro Gallos sont plant\u00e9s avec des raisins de pisco de la plus haute qualit\u00e9, aromatiques (Albilla, Italie, Moscatel, Torontel)\u00a0<\/span><span style=\"line-height: 1.5;\">et non aromatiques (Mollar, Negra Criolla, Quebranta). <\/span><\/p>\n<p><span style=\"line-height: 1.5;\">Plusieurs fois m\u00e9daill\u00e9, Pisco Quattro Gallos est export\u00e9 vers l\u2019Europe depuis 2011.<\/span><\/p>\n<p>Le Pisco est une eau de vie de vin fabriqu\u00e9e depuis plus de 400 ans. Il est \u00e9labor\u00e9 \u00e0 partir\u00a0des mo\u00fbts de raisin que l\u2019on presse en ayant soins de ne pas briser les p\u00e9pins ni d\u2019inclure les peaux.<\/p>\n<p>Il existe plusieurs types de Pisco :<\/p>\n<p>&#8211; Puro : lorsque la fermentation du raisin est compl\u00e8te<br \/>\n&#8211; Mosto Verde : lorsque la distillation est faite avant la fin de la fermentation.<\/p>\n<p>Quattro Gallos propose 3 Pisco Puro :<\/p>\n<ul>\n<li>c\u00e9page Quebranta,<\/li>\n<li>c\u00e9page Italia,<\/li>\n<li>Acholado qui est un blend.<\/li>\n<\/ul>\n<\/div>\n<\/div>\n<\/div>\n<\/div>\n<\/div>\n<\/div>\n<\/div>\n<\/div>\n<\/div>\n","protected":false},"excerpt":{"rendered":"<div class=\"page\" title=\"Page 16\">\n<div class=\"section\">\n<div class=\"layoutArea\">\n<div class=\"column\">\n<div class=\"page\" title=\"Page 16\">\n<div class=\"section\">\n<div class=\"layoutArea\">\n<div class=\"column\">\n<div class=\"page\" title=\"Page 18\">\n<div class=\"section\">\n<div class=\"layoutArea\">\n<div class=\"column\">\n<div class=\"page\" title=\"Page 18\">\n<div class=\"section\">\n<div class=\"layoutArea\">\n<div class=\"column\">\n<div class=\"page\" title=\"Page 19\">\n<div class=\"section\">\n<div class=\"layoutArea\">\n<div class=\"column\">\n<p>Dans le cas des Mosto Verde, le processus de fermentation est interrompu et donc la\u00a0distillation est faite avant que tous les sucres du jus de raisin soient transform\u00e9s en alcools.<\/p>\n<p>Ce processus et l\u2019utilisation de c\u00e9pages sp\u00e9ciaux produisent des pisco tr\u00e8s aromatiques.<\/p>\n<div class=\"page\" title=\"Page 19\">\n<div class=\"section\">\n<div class=\"layoutArea\">\n<div class=\"column\">\n<p>Le Mosto Verde Italia est domin\u00e9 par les ar\u00f4mes croquant du muscat. Touches fruit\u00e9es\u00a0de pomelos et de fruits exotiques, notes de fleurs de jasmin et de citronnelle. Finale piquante et persistante.<\/p>\n<\/div>\n<\/div>\n<\/div>\n<\/div>\n<\/div>\n<\/div>\n<\/div>\n<\/div>\n<\/div>\n<\/div>\n<\/div>\n<\/div>\n<\/div>\n<\/div>\n<\/div>\n<\/div>\n<\/div>\n<\/div>\n<\/div>\n<\/div>\n<\/div>\n<\/div>\n<\/div>\n<\/div>\n","protected":false},"featured_media":434,"comment_status":"open","ping_status":"closed","template":"","meta":[],"product_cat":[18],"product_tag":[],"_links":{"self":[{"href":"https:\/\/vintagespiritgarage.fr\/index.php?rest_route=\/wp\/v2\/product\/134"}],"collection":[{"href":"https:\/\/vintagespiritgarage.fr\/index.php?rest_route=\/wp\/v2\/product"}],"about":[{"href":"https:\/\/vintagespiritgarage.fr\/index.php?rest_route=\/wp\/v2\/types\/product"}],"replies":[{"embeddable":true,"href":"https:\/\/vintagespiritgarage.fr\/index.php?rest_route=%2Fwp%2Fv2%2Fcomments&post=134"}],"wp:featuredmedia":[{"embeddable":true,"href":"https:\/\/vintagespiritgarage.fr\/index.php?rest_route=\/wp\/v2\/media\/434"}],"wp:attachment":[{"href":"https:\/\/vintagespiritgarage.fr\/index.php?rest_route=%2Fwp%2Fv2%2Fmedia&parent=134"}],"wp:term":[{"taxonomy":"product_cat","embeddable":true,"href":"https:\/\/vintagespiritgarage.fr\/index.php?rest_route=%2Fwp%2Fv2%2Fproduct_cat&post=134"},{"taxonomy":"product_tag","embeddable":true,"href":"https:\/\/vintagespiritgarage.fr\/index.php?rest_route=%2Fwp%2Fv2%2Fproduct_tag&post=134"}],"curies":[{"name":"wp","href":"https:\/\/api.w.org\/{rel}","templated":true}]}}