{"id":136,"date":"2015-05-01T07:14:47","date_gmt":"2015-05-01T06:14:47","guid":{"rendered":"http:\/\/localhost:8888\/?product=cremorne-gentleman-badgers"},"modified":"2021-05-05T16:26:55","modified_gmt":"2021-05-05T15:26:55","slug":"cremorne-gentleman-badgers","status":"publish","type":"product","link":"https:\/\/vintagespiritgarage.fr\/?product=cremorne-gentleman-badgers","title":{"rendered":"Cremorne Gentleman Badger\u2019s"},"content":{"rendered":"<p><strong>1859 a \u00e9t\u00e9 une ann\u00e9e m\u00e9morable <\/strong>lorsque\u00a0deux choses \u00e9tonnantes se sont produites. Darwin publie\u00a0L\u2019Origine des Esp\u00e8ces et les Victoriens ont\u00a0\u00e9t\u00e9 choqu\u00e9s d\u2019apprendre qu\u2019ils \u00e9taient en fait des animaux. Dans le m\u00eame temps, la photographie est devenue assez courante pour que chacun puisse se permettre d\u2019avoir sa propre photo.<\/p>\n<p>Les Jardins d\u2019Agr\u00e9ment Cremorne sur les rives de la Tamise \u00e0 Chelsea \u00e9taient \u00e9galement \u00e0 leur apog\u00e9e de popularit\u00e9. C\u2019est donc tout naturellement que mes Victoriens (personnages provenant de cartes de visite et de taxidermie) aiment leur nourriture, leurs boissons et les plaisirs du parc alors pr\u00e9sid\u00e9s par le c\u00e9l\u00e8bre Colonel Fox qui a concoct\u00e9 son propre gin si d\u00e9licieux &#8211; et\u00a0dont nous sommes assez chanceux pour en profiter aujourd\u2019hui.<\/p>\n<p>Une boisson traditionnelle impr\u00e9gn\u00e9e des notes et des \u00e9motions de l\u2019\u00e9poque.<\/p>\n","protected":false},"excerpt":{"rendered":"<p>1859 a \u00e9t\u00e9 une ann\u00e9e m\u00e9morable lorsque\u00a0deux choses \u00e9tonnantes se sont produites. Darwin publie\u00a0L\u2019Origine des Esp\u00e8ces et les Victoriens ont\u00a0\u00e9t\u00e9 choqu\u00e9s d\u2019apprendre qu\u2019ils \u00e9taient en fait des animaux. Dans le m\u00eame temps, la photographie est devenue assez courante pour que chacun puisse se permettre d\u2019avoir sa propre photo. Les Jardins d\u2019Agr\u00e9ment Cremorne sur les rives [&hellip;]<\/p>\n","protected":false},"featured_media":653,"comment_status":"open","ping_status":"closed","template":"","meta":[],"product_cat":[19],"product_tag":[],"_links":{"self":[{"href":"https:\/\/vintagespiritgarage.fr\/index.php?rest_route=\/wp\/v2\/product\/136"}],"collection":[{"href":"https:\/\/vintagespiritgarage.fr\/index.php?rest_route=\/wp\/v2\/product"}],"about":[{"href":"https:\/\/vintagespiritgarage.fr\/index.php?rest_route=\/wp\/v2\/types\/product"}],"replies":[{"embeddable":true,"href":"https:\/\/vintagespiritgarage.fr\/index.php?rest_route=%2Fwp%2Fv2%2Fcomments&post=136"}],"wp:featuredmedia":[{"embeddable":true,"href":"https:\/\/vintagespiritgarage.fr\/index.php?rest_route=\/wp\/v2\/media\/653"}],"wp:attachment":[{"href":"https:\/\/vintagespiritgarage.fr\/index.php?rest_route=%2Fwp%2Fv2%2Fmedia&parent=136"}],"wp:term":[{"taxonomy":"product_cat","embeddable":true,"href":"https:\/\/vintagespiritgarage.fr\/index.php?rest_route=%2Fwp%2Fv2%2Fproduct_cat&post=136"},{"taxonomy":"product_tag","embeddable":true,"href":"https:\/\/vintagespiritgarage.fr\/index.php?rest_route=%2Fwp%2Fv2%2Fproduct_tag&post=136"}],"curies":[{"name":"wp","href":"https:\/\/api.w.org\/{rel}","templated":true}]}}