{"id":140,"date":"2015-05-01T07:31:40","date_gmt":"2015-05-01T06:31:40","guid":{"rendered":"http:\/\/localhost:8888\/?post_type=product&#038;p=140"},"modified":"2025-06-23T16:13:01","modified_gmt":"2025-06-23T15:13:01","slug":"braulio-amaro","status":"publish","type":"product","link":"https:\/\/vintagespiritgarage.fr\/?product=braulio-amaro","title":{"rendered":"Vecchio Amaro Piemontese &#8211; Antica Distilleria Quaglia"},"content":{"rendered":"<p>Antica Distilleria Quaglia a \u00e9t\u00e9 fond\u00e9e en 1890 par Giuseppe Quaglia et s&rsquo;est progressivement d\u00e9velopp\u00e9e, toujours comme une entreprise familiale, \u00e0 travers quatre g\u00e9n\u00e9rations.<br \/>\nGr\u00e2ce aux comp\u00e9tences de l&rsquo;arri\u00e8re-petit-fils Carlo, la distillerie s&rsquo;est concentr\u00e9e sur des spiritueux, liqueurs et vermouths artisanaux de haute qualit\u00e9, dans le respect de la tradition et selon l&rsquo;extraordinaire h\u00e9ritage de recettes historiques qui incarnent la meilleure qualit\u00e9 et le meilleur savoir-faire pi\u00e9montais.<br \/>\nLa distillerie est fi\u00e8rement certifi\u00e9e biologique.<\/p>\n","protected":false},"excerpt":{"rendered":"<div class=\"page\" title=\"Page 54\">\n<div class=\"section\">\n<div class=\"layoutArea\">\n<div class=\"column\">\n<p>Infusion de plus de 20 plantes pendant 2 mois, dont certaines re\u0301colte\u0301es dans les montagnes en e\u0301te\u0301. Le produit repose 30 jours avant la mise en bouteille afin qu\u2019elle puisse mu\u0302rir.<\/p>\n<p><strong>Couleur<\/strong> : Naturelle<\/p>\n<p><strong>De\u0301gustation<\/strong> : Digestif que l\u2019on sirote frais ou a\u0300 tempe\u0301rature ambiante, avec ou sans glace. Sa saveur forte permet aux barmen de cre\u0301er des cocktails aussi baroques que m\u00e9morables.<\/p>\n<p>Il peut \u00e9galement se boire en ap\u00e9ritif allong\u00e9 de vin blanc p\u00e9tillant de type prosecco, \u00e0 la mani\u00e8re d\u2019un spritz.<\/p>\n<p>Mamma mia !<\/p>\n<\/div>\n<\/div>\n<\/div>\n<\/div>\n","protected":false},"featured_media":781,"comment_status":"open","ping_status":"closed","template":"","meta":[],"product_cat":[20,22],"product_tag":[],"_links":{"self":[{"href":"https:\/\/vintagespiritgarage.fr\/index.php?rest_route=\/wp\/v2\/product\/140"}],"collection":[{"href":"https:\/\/vintagespiritgarage.fr\/index.php?rest_route=\/wp\/v2\/product"}],"about":[{"href":"https:\/\/vintagespiritgarage.fr\/index.php?rest_route=\/wp\/v2\/types\/product"}],"replies":[{"embeddable":true,"href":"https:\/\/vintagespiritgarage.fr\/index.php?rest_route=%2Fwp%2Fv2%2Fcomments&post=140"}],"wp:featuredmedia":[{"embeddable":true,"href":"https:\/\/vintagespiritgarage.fr\/index.php?rest_route=\/wp\/v2\/media\/781"}],"wp:attachment":[{"href":"https:\/\/vintagespiritgarage.fr\/index.php?rest_route=%2Fwp%2Fv2%2Fmedia&parent=140"}],"wp:term":[{"taxonomy":"product_cat","embeddable":true,"href":"https:\/\/vintagespiritgarage.fr\/index.php?rest_route=%2Fwp%2Fv2%2Fproduct_cat&post=140"},{"taxonomy":"product_tag","embeddable":true,"href":"https:\/\/vintagespiritgarage.fr\/index.php?rest_route=%2Fwp%2Fv2%2Fproduct_tag&post=140"}],"curies":[{"name":"wp","href":"https:\/\/api.w.org\/{rel}","templated":true}]}}