{"id":269,"date":"2016-03-30T19:57:04","date_gmt":"2016-03-30T18:57:04","guid":{"rendered":"http:\/\/vintagespiritgarage.fr\/?post_type=product&#038;p=269"},"modified":"2025-07-15T14:49:38","modified_gmt":"2025-07-15T13:49:38","slug":"fino-la-ina","status":"publish","type":"product","link":"https:\/\/vintagespiritgarage.fr\/?product=fino-la-ina","title":{"rendered":"FINO LA INA"},"content":{"rendered":"","protected":false},"excerpt":{"rendered":"<p>Pourquoi LA INA parmi les Sherry ?<\/p>\n<p>Un savoir-faire tr\u00e8s ancien puisque les Solera de ces Jerez ont \u00e9t\u00e9 cr\u00e9\u00e9es au d\u00e9but du si\u00e8cle. 4500 f\u00fbts de Sherry ont \u00e9t\u00e9 pr\u00e9serv\u00e9s et conserv\u00e9s selon\u2028 des m\u00e9thodes traditionnelles de vieillissement propre au Sherry. Ils ont m\u00eame rafl\u00e9 pas mal de prix : m\u00e9daille d\u2019or \u00e0 l\u2019International Wine Challenge de Londres et Parker a attribu\u00e9 une note de 92 \u00e0 L\u2019Amontillado.<\/p>\n<p><strong>La Ina <\/strong>est un \u00e9tonnant fino dont la Solera a \u00e9t\u00e9 fond\u00e9e en 1919. Il est tr\u00e8s intense et aromatique parmi tous les finos. Il est vieilli en f\u00fbts de ch\u00eane am\u00e9ricain pendant 5 ans, en utilisant le syst\u00e8me traditionnel de \u00abSolera y Criaderas\u00bb \u00e0 Jerez de la Frontera et surtout en milieu biologique sous son \u00ab Flor \u00bb. La fortication a lieu juste avant la mise en bouteille.<\/p>\n<p><strong>Note de d\u00e9gustation : <\/strong><em>lumineux couleur jaune paille. Piquant sur le nez et avec des notes min\u00e9rales. Bouche s\u00e8che et croustillante, une belle finale sur le fruit sec et l\u2019amande.<\/em><\/p>\n","protected":false},"featured_media":320,"comment_status":"open","ping_status":"closed","template":"","meta":[],"product_cat":[25],"product_tag":[],"_links":{"self":[{"href":"https:\/\/vintagespiritgarage.fr\/index.php?rest_route=\/wp\/v2\/product\/269"}],"collection":[{"href":"https:\/\/vintagespiritgarage.fr\/index.php?rest_route=\/wp\/v2\/product"}],"about":[{"href":"https:\/\/vintagespiritgarage.fr\/index.php?rest_route=\/wp\/v2\/types\/product"}],"replies":[{"embeddable":true,"href":"https:\/\/vintagespiritgarage.fr\/index.php?rest_route=%2Fwp%2Fv2%2Fcomments&post=269"}],"wp:featuredmedia":[{"embeddable":true,"href":"https:\/\/vintagespiritgarage.fr\/index.php?rest_route=\/wp\/v2\/media\/320"}],"wp:attachment":[{"href":"https:\/\/vintagespiritgarage.fr\/index.php?rest_route=%2Fwp%2Fv2%2Fmedia&parent=269"}],"wp:term":[{"taxonomy":"product_cat","embeddable":true,"href":"https:\/\/vintagespiritgarage.fr\/index.php?rest_route=%2Fwp%2Fv2%2Fproduct_cat&post=269"},{"taxonomy":"product_tag","embeddable":true,"href":"https:\/\/vintagespiritgarage.fr\/index.php?rest_route=%2Fwp%2Fv2%2Fproduct_tag&post=269"}],"curies":[{"name":"wp","href":"https:\/\/api.w.org\/{rel}","templated":true}]}}