{"id":272,"date":"2016-03-30T19:56:14","date_gmt":"2016-03-30T18:56:14","guid":{"rendered":"http:\/\/vintagespiritgarage.fr\/?post_type=product&#038;p=272"},"modified":"2025-07-11T07:38:46","modified_gmt":"2025-07-11T06:38:46","slug":"oloroso-rio-viejo","status":"publish","type":"product","link":"https:\/\/vintagespiritgarage.fr\/?product=oloroso-rio-viejo","title":{"rendered":"OLOROSO RIO VIEJO"},"content":{"rendered":"","protected":false},"excerpt":{"rendered":"<p>Le Solera de R\u00edo Viejo a \u00e9t\u00e9 fond\u00e9e en 1918. Ce Sherry est \u00e9lev\u00e9 en f\u00fbts de ch\u00eane am\u00e9ricain dans le syst\u00e8me traditionnel \u00ab\u00a0Solera y Criaderas\u00a0\u00bb depuis plus de 10 ans. Il tire son nom de la maison de campagne \u00ab\u00a0R\u00edo Viejo\u00a0\u00bb, situ\u00e9 sur les rives de la rivi\u00e8re Guadalete, \u00e0 la p\u00e9riph\u00e9rie de Jerez.<\/p>\n<p><strong>Note de d\u00e9gustation : <\/strong><em>Or de couleur fonc\u00e9e avec d\u2019\u00e9l\u00e9gants ar\u00f4mes de bois enfum\u00e9s. Saveurs pleine de chocolat et de noix am\u00e8re. Ce vin a un arri\u00e8re-go\u00fbt intense, long et concentr\u00e9, avec une belle acidit\u00e9. <\/em><\/p>\n","protected":false},"featured_media":321,"comment_status":"open","ping_status":"closed","template":"","meta":[],"product_cat":[25],"product_tag":[],"_links":{"self":[{"href":"https:\/\/vintagespiritgarage.fr\/index.php?rest_route=\/wp\/v2\/product\/272"}],"collection":[{"href":"https:\/\/vintagespiritgarage.fr\/index.php?rest_route=\/wp\/v2\/product"}],"about":[{"href":"https:\/\/vintagespiritgarage.fr\/index.php?rest_route=\/wp\/v2\/types\/product"}],"replies":[{"embeddable":true,"href":"https:\/\/vintagespiritgarage.fr\/index.php?rest_route=%2Fwp%2Fv2%2Fcomments&post=272"}],"wp:featuredmedia":[{"embeddable":true,"href":"https:\/\/vintagespiritgarage.fr\/index.php?rest_route=\/wp\/v2\/media\/321"}],"wp:attachment":[{"href":"https:\/\/vintagespiritgarage.fr\/index.php?rest_route=%2Fwp%2Fv2%2Fmedia&parent=272"}],"wp:term":[{"taxonomy":"product_cat","embeddable":true,"href":"https:\/\/vintagespiritgarage.fr\/index.php?rest_route=%2Fwp%2Fv2%2Fproduct_cat&post=272"},{"taxonomy":"product_tag","embeddable":true,"href":"https:\/\/vintagespiritgarage.fr\/index.php?rest_route=%2Fwp%2Fv2%2Fproduct_tag&post=272"}],"curies":[{"name":"wp","href":"https:\/\/api.w.org\/{rel}","templated":true}]}}