{"id":273,"date":"2016-03-30T19:55:04","date_gmt":"2016-03-30T18:55:04","guid":{"rendered":"http:\/\/vintagespiritgarage.fr\/?post_type=product&#038;p=273"},"modified":"2016-04-04T08:49:50","modified_gmt":"2016-04-04T07:49:50","slug":"creme-candella","status":"publish","type":"product","link":"https:\/\/vintagespiritgarage.fr\/?product=creme-candella","title":{"rendered":"CREME CANDELA"},"content":{"rendered":"","protected":false},"excerpt":{"rendered":"<div class=\"page\" title=\"Page 32\">\n<div class=\"section\">\n<div class=\"layoutArea\">\n<div class=\"column\">\n<p>Candela est le r\u00e9sultat de l\u2019assemblage de tr\u00e8s vieux Oloroso Sherry (80%) avec du Pedro Xim\u00e9nez doux (20%). Ces deux vins sont assembl\u00e9s dans un \u00e9quilibre parfait et offre une combinaison d\u00e9licieuse et complexe.<\/p>\n<div class=\"page\" title=\"Page 32\">\n<div class=\"section\">\n<div class=\"layoutArea\">\n<div class=\"column\">\n<p><strong>Note de d\u00e9gustation<\/strong> :\u00a0Bronze fonc\u00e9\u00a0en couleur avec des ar\u00f4mes \u00e9l\u00e9gants de pruneaux et de chocolat. Bouche douce et riche avec une acidit\u00e9 rafra\u00eechissante. Le vin a un go\u00fbt chaud, long et complexe.<\/p>\n<\/div>\n<\/div>\n<\/div>\n<\/div>\n<\/div>\n<\/div>\n<\/div>\n<\/div>\n","protected":false},"featured_media":319,"comment_status":"open","ping_status":"closed","template":"","meta":[],"product_cat":[25],"product_tag":[],"_links":{"self":[{"href":"https:\/\/vintagespiritgarage.fr\/index.php?rest_route=\/wp\/v2\/product\/273"}],"collection":[{"href":"https:\/\/vintagespiritgarage.fr\/index.php?rest_route=\/wp\/v2\/product"}],"about":[{"href":"https:\/\/vintagespiritgarage.fr\/index.php?rest_route=\/wp\/v2\/types\/product"}],"replies":[{"embeddable":true,"href":"https:\/\/vintagespiritgarage.fr\/index.php?rest_route=%2Fwp%2Fv2%2Fcomments&post=273"}],"wp:featuredmedia":[{"embeddable":true,"href":"https:\/\/vintagespiritgarage.fr\/index.php?rest_route=\/wp\/v2\/media\/319"}],"wp:attachment":[{"href":"https:\/\/vintagespiritgarage.fr\/index.php?rest_route=%2Fwp%2Fv2%2Fmedia&parent=273"}],"wp:term":[{"taxonomy":"product_cat","embeddable":true,"href":"https:\/\/vintagespiritgarage.fr\/index.php?rest_route=%2Fwp%2Fv2%2Fproduct_cat&post=273"},{"taxonomy":"product_tag","embeddable":true,"href":"https:\/\/vintagespiritgarage.fr\/index.php?rest_route=%2Fwp%2Fv2%2Fproduct_tag&post=273"}],"curies":[{"name":"wp","href":"https:\/\/api.w.org\/{rel}","templated":true}]}}