{"id":274,"date":"2016-03-22T13:42:43","date_gmt":"2016-03-22T12:42:43","guid":{"rendered":"http:\/\/vintagespiritgarage.fr\/?post_type=product&#038;p=274"},"modified":"2025-06-23T16:13:01","modified_gmt":"2025-06-23T15:13:01","slug":"pedro-ximenez-vina-25","status":"publish","type":"product","link":"https:\/\/vintagespiritgarage.fr\/?product=pedro-ximenez-vina-25","title":{"rendered":"PEDRO XIMENEZ VINA 25"},"content":{"rendered":"<p><a href=\"http:\/\/vintagespiritgarage.fr\/wp-content\/uploads\/2016\/03\/vina-25.jpg\" rel=\"attachment wp-att-285\"><img loading=\"lazy\" class=\"alignnone  wp-image-285\" src=\"http:\/\/vintagespiritgarage.fr\/wp-content\/uploads\/2016\/03\/vina-25-214x300.jpg\" alt=\"vina-25\" width=\"136\" height=\"190\" \/><\/a><\/p>\n","protected":false},"excerpt":{"rendered":"<p>Ce vin, dont la Solera a \u00e9t\u00e9 fond\u00e9e en 1918, tire son nom de la vigne \u00abVi\u00f1a 25\u00bb, situ\u00e9e sur la route de Sanl\u00faca. Les raisins Pedro Ximenez sont expos\u00e9s au soleil apr\u00e8s la fin de la r\u00e9colte. Cette exposition au soleil provoque une \u00e9vaporation et la\u2028 concentration du sucre naturel. Ils sont ensuite press\u00e9s pour obtenir un mo\u00fbt riche et concentr\u00e9. Ce mo\u00fbt n\u2019est ferment\u00e9 qu\u2019en partie, car la fermentation est arr\u00eat\u00e9e par addition d\u2019alcool de vin. Les vins sont ensuite mis en vieillissement oxydatif au sein du syst\u00e8me de Solera ou Criaderas. Les vins sont ensuite mis en bouteille soit comme vins monovari\u00e9taux soit m\u00e9lang\u00e9s pour d\u2019autres styles de Sherry.<\/p>\n<p><strong>Note de d\u00e9gustation<\/strong>\u00a0: <em>Brun fonc\u00e9, dense, presque opaque et tr\u00e8s riche. Avec un bouquet de fruits m\u00fbrs (raisins et figues s\u00e8ches). Tr\u00e8s doux, velout\u00e9 et onctueux dans la bouche avec une longue finale fra\u00eeche. <\/em><\/p>\n","protected":false},"featured_media":322,"comment_status":"open","ping_status":"closed","template":"","meta":[],"product_cat":[25],"product_tag":[],"_links":{"self":[{"href":"https:\/\/vintagespiritgarage.fr\/index.php?rest_route=\/wp\/v2\/product\/274"}],"collection":[{"href":"https:\/\/vintagespiritgarage.fr\/index.php?rest_route=\/wp\/v2\/product"}],"about":[{"href":"https:\/\/vintagespiritgarage.fr\/index.php?rest_route=\/wp\/v2\/types\/product"}],"replies":[{"embeddable":true,"href":"https:\/\/vintagespiritgarage.fr\/index.php?rest_route=%2Fwp%2Fv2%2Fcomments&post=274"}],"wp:featuredmedia":[{"embeddable":true,"href":"https:\/\/vintagespiritgarage.fr\/index.php?rest_route=\/wp\/v2\/media\/322"}],"wp:attachment":[{"href":"https:\/\/vintagespiritgarage.fr\/index.php?rest_route=%2Fwp%2Fv2%2Fmedia&parent=274"}],"wp:term":[{"taxonomy":"product_cat","embeddable":true,"href":"https:\/\/vintagespiritgarage.fr\/index.php?rest_route=%2Fwp%2Fv2%2Fproduct_cat&post=274"},{"taxonomy":"product_tag","embeddable":true,"href":"https:\/\/vintagespiritgarage.fr\/index.php?rest_route=%2Fwp%2Fv2%2Fproduct_tag&post=274"}],"curies":[{"name":"wp","href":"https:\/\/api.w.org\/{rel}","templated":true}]}}