{"id":306,"date":"2016-03-30T20:57:36","date_gmt":"2016-03-30T19:57:36","guid":{"rendered":"http:\/\/vintagespiritgarage.fr\/?post_type=product&#038;p=306"},"modified":"2025-03-27T11:47:46","modified_gmt":"2025-03-27T10:47:46","slug":"fortaleza-reposado","status":"publish","type":"product","link":"https:\/\/vintagespiritgarage.fr\/?product=fortaleza-reposado","title":{"rendered":"Tequila Fortaleza Reposado"},"content":{"rendered":"","protected":false},"excerpt":{"rendered":"<p><span id=\"tran0\">NOM : 1493<\/span><br \/>\n<span id=\"tran1\">Source d&rsquo;Agave : Vall\u00e9e de Tequila<\/span><br \/>\n<span id=\"tran2\">M\u00e9thode de cuisson : four en brique<\/span><br \/>\n<span id=\"tran3\">M\u00e9thode \u00c9crasante : pierre de 100 % \u00e9cras\u00e9e<\/span><br \/>\n<span id=\"tran4\">Distillation : Double Distillation<\/span><br \/>\n<span id=\"tran5\">Style de Pot : pots de cuivre<\/span><br \/>\n<span id=\"tran7\">Fermentation : r\u00e9servoirs en bois en plein air<\/span><br \/>\n<span id=\"tran8\">Sucres : 100 % agave\u00a0<\/span><br \/>\n<span id=\"tran9\">Eau de source naturelle \u00a0: Vall\u00e9e de Tequila<\/span><br \/>\n<span id=\"tran10\">Bouteilles : Souffl\u00e9 \u00e0 la main au Mexique<\/span><\/p>\n<p>Vieillissement : 8 mois en futs am\u00e9ricain<\/p>\n","protected":false},"featured_media":583,"comment_status":"open","ping_status":"closed","template":"","meta":[],"product_cat":[14],"product_tag":[],"_links":{"self":[{"href":"https:\/\/vintagespiritgarage.fr\/index.php?rest_route=\/wp\/v2\/product\/306"}],"collection":[{"href":"https:\/\/vintagespiritgarage.fr\/index.php?rest_route=\/wp\/v2\/product"}],"about":[{"href":"https:\/\/vintagespiritgarage.fr\/index.php?rest_route=\/wp\/v2\/types\/product"}],"replies":[{"embeddable":true,"href":"https:\/\/vintagespiritgarage.fr\/index.php?rest_route=%2Fwp%2Fv2%2Fcomments&post=306"}],"wp:featuredmedia":[{"embeddable":true,"href":"https:\/\/vintagespiritgarage.fr\/index.php?rest_route=\/wp\/v2\/media\/583"}],"wp:attachment":[{"href":"https:\/\/vintagespiritgarage.fr\/index.php?rest_route=%2Fwp%2Fv2%2Fmedia&parent=306"}],"wp:term":[{"taxonomy":"product_cat","embeddable":true,"href":"https:\/\/vintagespiritgarage.fr\/index.php?rest_route=%2Fwp%2Fv2%2Fproduct_cat&post=306"},{"taxonomy":"product_tag","embeddable":true,"href":"https:\/\/vintagespiritgarage.fr\/index.php?rest_route=%2Fwp%2Fv2%2Fproduct_tag&post=306"}],"curies":[{"name":"wp","href":"https:\/\/api.w.org\/{rel}","templated":true}]}}