{"id":326,"date":"2016-05-29T04:00:56","date_gmt":"2016-05-29T03:00:56","guid":{"rendered":"http:\/\/vintagespiritgarage.fr\/?post_type=product&#038;p=326"},"modified":"2022-07-12T13:46:12","modified_gmt":"2022-07-12T12:46:12","slug":"magnifica-tradicional","status":"publish","type":"product","link":"https:\/\/vintagespiritgarage.fr\/?product=magnifica-tradicional","title":{"rendered":"Magnifica Tradicional"},"content":{"rendered":"<p>Jo\u00e3o Luiz de Faria a ach\u00e8t\u00e9 sa ferme la \u00ab\u00a0Fazenda do Anil\u00a0\u00bb en 1985,\u00a0Une distillerie au milieu d\u2019un parc naturel de 450 ha, situ\u00e9e \u00e0 115 km de Rio de Janeiro. Magnificat est\u00a0Class\u00e9e 2<sup>\u00e8me<\/sup> meilleure cacha\u00e7a au Br\u00e9sil par un jury d\u2019expert ind\u00e9pendant<\/p>\n<p>La canne \u00e0 sucre est r\u00e9colt\u00e9e manuellement, sans br\u00fbler les champs avant, et press\u00e9e le m\u00eame jour, pour garder sa fra\u00eecheur et ses propri\u00e9t\u00e9s d&rsquo;origine.<\/p>\n<p>La fermentation se fait avec la levure locale naturelle, dans des r\u00e9servoirs en acier inoxydable, processus de 16 heures<\/p>\n<p>La distillation en Triple Alambic \u00ab\u00a0ALEGRIA\u00a0\u00bb, effectu\u00e9e par lots, permet de s\u00e9parer la meilleure cacha\u00e7a<\/p>\n<p>Un production limit\u00e9e, n\u00e9cessita une surveillance humaine constante<\/p>\n","protected":false},"excerpt":{"rendered":"<p>Repose dans des f\u00fbts de bois de Ip\u00ea.\u00a0Couleur ambre claire, forts ar\u00f4mes de canne \u00e0 sucre fra\u00eeche\u00a0: drinks et cocktails, caipirinha.<\/p>\n","protected":false},"featured_media":522,"comment_status":"open","ping_status":"closed","template":"","meta":[],"product_cat":[21],"product_tag":[],"_links":{"self":[{"href":"https:\/\/vintagespiritgarage.fr\/index.php?rest_route=\/wp\/v2\/product\/326"}],"collection":[{"href":"https:\/\/vintagespiritgarage.fr\/index.php?rest_route=\/wp\/v2\/product"}],"about":[{"href":"https:\/\/vintagespiritgarage.fr\/index.php?rest_route=\/wp\/v2\/types\/product"}],"replies":[{"embeddable":true,"href":"https:\/\/vintagespiritgarage.fr\/index.php?rest_route=%2Fwp%2Fv2%2Fcomments&post=326"}],"wp:featuredmedia":[{"embeddable":true,"href":"https:\/\/vintagespiritgarage.fr\/index.php?rest_route=\/wp\/v2\/media\/522"}],"wp:attachment":[{"href":"https:\/\/vintagespiritgarage.fr\/index.php?rest_route=%2Fwp%2Fv2%2Fmedia&parent=326"}],"wp:term":[{"taxonomy":"product_cat","embeddable":true,"href":"https:\/\/vintagespiritgarage.fr\/index.php?rest_route=%2Fwp%2Fv2%2Fproduct_cat&post=326"},{"taxonomy":"product_tag","embeddable":true,"href":"https:\/\/vintagespiritgarage.fr\/index.php?rest_route=%2Fwp%2Fv2%2Fproduct_tag&post=326"}],"curies":[{"name":"wp","href":"https:\/\/api.w.org\/{rel}","templated":true}]}}