{"id":329,"date":"2016-05-29T04:01:15","date_gmt":"2016-05-29T03:01:15","guid":{"rendered":"http:\/\/vintagespiritgarage.fr\/?post_type=product&#038;p=329"},"modified":"2019-11-19T17:31:44","modified_gmt":"2019-11-19T16:31:44","slug":"magnifica-envelhecida","status":"publish","type":"product","link":"https:\/\/vintagespiritgarage.fr\/?product=magnifica-envelhecida","title":{"rendered":"Magnifica Envelhecida"},"content":{"rendered":"","protected":false},"excerpt":{"rendered":"<p>Vieillie 2 ans dans des barrils de bourbon.<\/p>\n<p>Couleur or fonc\u00e9, avec une saveur douce et un ar\u00f4me parfum\u00e9 : le mix parfait entre la canne \u00e0 sucre et le ch\u00eane\u00a0pur, en digestif ou en ap\u00e9ritif, base de caipirinhas plus subtiles et d\u00e9licates (avec des baies par exemple).<\/p>\n","protected":false},"featured_media":521,"comment_status":"open","ping_status":"closed","template":"","meta":[],"product_cat":[21],"product_tag":[],"_links":{"self":[{"href":"https:\/\/vintagespiritgarage.fr\/index.php?rest_route=\/wp\/v2\/product\/329"}],"collection":[{"href":"https:\/\/vintagespiritgarage.fr\/index.php?rest_route=\/wp\/v2\/product"}],"about":[{"href":"https:\/\/vintagespiritgarage.fr\/index.php?rest_route=\/wp\/v2\/types\/product"}],"replies":[{"embeddable":true,"href":"https:\/\/vintagespiritgarage.fr\/index.php?rest_route=%2Fwp%2Fv2%2Fcomments&post=329"}],"wp:featuredmedia":[{"embeddable":true,"href":"https:\/\/vintagespiritgarage.fr\/index.php?rest_route=\/wp\/v2\/media\/521"}],"wp:attachment":[{"href":"https:\/\/vintagespiritgarage.fr\/index.php?rest_route=%2Fwp%2Fv2%2Fmedia&parent=329"}],"wp:term":[{"taxonomy":"product_cat","embeddable":true,"href":"https:\/\/vintagespiritgarage.fr\/index.php?rest_route=%2Fwp%2Fv2%2Fproduct_cat&post=329"},{"taxonomy":"product_tag","embeddable":true,"href":"https:\/\/vintagespiritgarage.fr\/index.php?rest_route=%2Fwp%2Fv2%2Fproduct_tag&post=329"}],"curies":[{"name":"wp","href":"https:\/\/api.w.org\/{rel}","templated":true}]}}