{"id":331,"date":"2016-05-29T04:01:38","date_gmt":"2016-05-29T03:01:38","guid":{"rendered":"http:\/\/vintagespiritgarage.fr\/?post_type=product&#038;p=331"},"modified":"2023-07-04T17:41:50","modified_gmt":"2023-07-04T16:41:50","slug":"magnifica-reserva-soleira","status":"publish","type":"product","link":"https:\/\/vintagespiritgarage.fr\/?product=magnifica-reserva-soleira","title":{"rendered":"Magnifica Reserva Soleira"},"content":{"rendered":"","protected":false},"excerpt":{"rendered":"<p>Vieillie par le syst\u00e8me Soleira (en cascade) pendant 8 ans minimum<\/p>\n<p>Production d\u00e9bute en 2004, vieillie jusqu\u2019\u00e0 10 ans dans des f\u00fbts de ch\u00eane (200L) par le syst\u00e8me de vieillissement \u00ab\u00a0Soleira\u00a0\u00bb .\u00a0F\u00fbts pr\u00e9c\u00e9demment utilis\u00e9s pour le bourbon.<\/p>\n<p>Cacha\u00e7a extra-premium Production limit\u00e9e<\/p>\n","protected":false},"featured_media":520,"comment_status":"open","ping_status":"closed","template":"","meta":[],"product_cat":[21],"product_tag":[],"_links":{"self":[{"href":"https:\/\/vintagespiritgarage.fr\/index.php?rest_route=\/wp\/v2\/product\/331"}],"collection":[{"href":"https:\/\/vintagespiritgarage.fr\/index.php?rest_route=\/wp\/v2\/product"}],"about":[{"href":"https:\/\/vintagespiritgarage.fr\/index.php?rest_route=\/wp\/v2\/types\/product"}],"replies":[{"embeddable":true,"href":"https:\/\/vintagespiritgarage.fr\/index.php?rest_route=%2Fwp%2Fv2%2Fcomments&post=331"}],"wp:featuredmedia":[{"embeddable":true,"href":"https:\/\/vintagespiritgarage.fr\/index.php?rest_route=\/wp\/v2\/media\/520"}],"wp:attachment":[{"href":"https:\/\/vintagespiritgarage.fr\/index.php?rest_route=%2Fwp%2Fv2%2Fmedia&parent=331"}],"wp:term":[{"taxonomy":"product_cat","embeddable":true,"href":"https:\/\/vintagespiritgarage.fr\/index.php?rest_route=%2Fwp%2Fv2%2Fproduct_cat&post=331"},{"taxonomy":"product_tag","embeddable":true,"href":"https:\/\/vintagespiritgarage.fr\/index.php?rest_route=%2Fwp%2Fv2%2Fproduct_tag&post=331"}],"curies":[{"name":"wp","href":"https:\/\/api.w.org\/{rel}","templated":true}]}}