{"id":343,"date":"2017-04-03T13:36:44","date_gmt":"2017-04-03T12:36:44","guid":{"rendered":"http:\/\/vintagespiritgarage.fr\/?post_type=product&#038;p=343"},"modified":"2022-07-12T13:46:12","modified_gmt":"2022-07-12T12:46:12","slug":"helsingfors-fiskehamns","status":"publish","type":"product","link":"https:\/\/vintagespiritgarage.fr\/?product=helsingfors-fiskehamns","title":{"rendered":"Helsingfors Fiskehamns"},"content":{"rendered":"<p>The Helsinki Distilling Company est le re\u0301sultat des ambitions de trois amis de longue date experts et passionne\u0301s de spiritueux : Se\u0301amus Holohan, Kai Kilpinen et Mikko Mykka\u0308nen. Leur objectif est de produire des spiritueux haut de gamme.<\/p>\n","protected":false},"excerpt":{"rendered":"<p>Helsingfors Fiskehamns est une aquavit lisse et \u00e9pic\u00e9e. Son go\u00fbt intense et sa belle couleur or viennent de la maturation dans des tonneaux de ch\u00eane fran\u00e7ais.<\/p>\n<p>Helsingfors Aromatique Fiskehamns aquavit est le seul aquavit finlandais sur le march\u00e9. Il est fait avec le cumin finlandais, le fenouil \u00e9pic\u00e9, des graines d&rsquo;aneth et l\u2019\u00e9corce fraiche de citron.<\/p>\n<p>Les plantes sont infus\u00e9es dans l&rsquo;alcool de grain avant une distillation dans un alambic en cuivre. Une partie de l&rsquo;aquavit est m\u00fbrie dans des tonneaux de ch\u00eane fran\u00e7ais pendant 12 semaines et m\u00e9lang\u00e9e ensuite avec une aquavit claire. Il devient ainsi lisse et rafra\u00eechissant au go\u00fbt.<\/p>\n<p>Helsingfors Fiskehamns est le schnaps parfait pour un d\u00eener de fruits de mer, des langoustes, \u00e9crevisses, ou avec un sandwich de hareng sup\u00e9rieur. C&rsquo;est aussi tr\u00e8s agr\u00e9able en digestif ou en cocktail.<\/p>\n<p>Chaque bouteille est individuellement num\u00e9rot\u00e9e et porte la signature du Maitre Distillateur Mikko Mykk\u00e4nen.<\/p>\n","protected":false},"featured_media":706,"comment_status":"open","ping_status":"closed","template":"","meta":[],"product_cat":[27],"product_tag":[],"_links":{"self":[{"href":"https:\/\/vintagespiritgarage.fr\/index.php?rest_route=\/wp\/v2\/product\/343"}],"collection":[{"href":"https:\/\/vintagespiritgarage.fr\/index.php?rest_route=\/wp\/v2\/product"}],"about":[{"href":"https:\/\/vintagespiritgarage.fr\/index.php?rest_route=\/wp\/v2\/types\/product"}],"replies":[{"embeddable":true,"href":"https:\/\/vintagespiritgarage.fr\/index.php?rest_route=%2Fwp%2Fv2%2Fcomments&post=343"}],"wp:featuredmedia":[{"embeddable":true,"href":"https:\/\/vintagespiritgarage.fr\/index.php?rest_route=\/wp\/v2\/media\/706"}],"wp:attachment":[{"href":"https:\/\/vintagespiritgarage.fr\/index.php?rest_route=%2Fwp%2Fv2%2Fmedia&parent=343"}],"wp:term":[{"taxonomy":"product_cat","embeddable":true,"href":"https:\/\/vintagespiritgarage.fr\/index.php?rest_route=%2Fwp%2Fv2%2Fproduct_cat&post=343"},{"taxonomy":"product_tag","embeddable":true,"href":"https:\/\/vintagespiritgarage.fr\/index.php?rest_route=%2Fwp%2Fv2%2Fproduct_tag&post=343"}],"curies":[{"name":"wp","href":"https:\/\/api.w.org\/{rel}","templated":true}]}}