{"id":371,"date":"2018-12-18T11:51:56","date_gmt":"2018-12-18T10:51:56","guid":{"rendered":"http:\/\/vintagespiritgarage.fr\/?post_type=product&#038;p=371"},"modified":"2023-11-23T08:30:00","modified_gmt":"2023-11-23T07:30:00","slug":"casa-martelletti-vermouth-dry","status":"publish","type":"product","link":"https:\/\/vintagespiritgarage.fr\/?product=casa-martelletti-vermouth-dry","title":{"rendered":"Casa Martelletti Vermouth Dry"},"content":{"rendered":"<p>Vermouth Dry Casa Martelletti.<\/p>\n<p class=\"title\"><strong>Couleur<\/strong> : Ambre<\/p>\n<p class=\"title\"><strong>Nez<\/strong> : Vanille, herbes, orange am\u00e8re et gentiane<\/p>\n<p class=\"title\"><strong>Palais<\/strong> : Doux<\/p>\n<p class=\"title\">Parfait pour l&rsquo;ap\u00e9ritif, id\u00e9al avec du chocolat<\/p>\n<p class=\"title\">\n","protected":false},"excerpt":{"rendered":"<p>Vermouth Dry Casa Martelletti. Couleur : Ambre Nez : Vanille, herbes, orange am\u00e8re et gentiane Palais : Doux Parfait pour l&rsquo;ap\u00e9ritif, id\u00e9al avec du chocolat<\/p>\n","protected":false},"featured_media":649,"comment_status":"open","ping_status":"closed","template":"","meta":[],"product_cat":[22],"product_tag":[],"_links":{"self":[{"href":"https:\/\/vintagespiritgarage.fr\/index.php?rest_route=\/wp\/v2\/product\/371"}],"collection":[{"href":"https:\/\/vintagespiritgarage.fr\/index.php?rest_route=\/wp\/v2\/product"}],"about":[{"href":"https:\/\/vintagespiritgarage.fr\/index.php?rest_route=\/wp\/v2\/types\/product"}],"replies":[{"embeddable":true,"href":"https:\/\/vintagespiritgarage.fr\/index.php?rest_route=%2Fwp%2Fv2%2Fcomments&post=371"}],"wp:featuredmedia":[{"embeddable":true,"href":"https:\/\/vintagespiritgarage.fr\/index.php?rest_route=\/wp\/v2\/media\/649"}],"wp:attachment":[{"href":"https:\/\/vintagespiritgarage.fr\/index.php?rest_route=%2Fwp%2Fv2%2Fmedia&parent=371"}],"wp:term":[{"taxonomy":"product_cat","embeddable":true,"href":"https:\/\/vintagespiritgarage.fr\/index.php?rest_route=%2Fwp%2Fv2%2Fproduct_cat&post=371"},{"taxonomy":"product_tag","embeddable":true,"href":"https:\/\/vintagespiritgarage.fr\/index.php?rest_route=%2Fwp%2Fv2%2Fproduct_tag&post=371"}],"curies":[{"name":"wp","href":"https:\/\/api.w.org\/{rel}","templated":true}]}}