{"id":503,"date":"2019-09-09T14:21:31","date_gmt":"2019-09-09T13:21:31","guid":{"rendered":"http:\/\/vintagespiritgarage.fr\/?post_type=product&#038;p=503"},"modified":"2021-04-08T10:09:58","modified_gmt":"2021-04-08T09:09:58","slug":"tequila-fortaleza-blanco-still-strength","status":"publish","type":"product","link":"https:\/\/vintagespiritgarage.fr\/?product=tequila-fortaleza-blanco-still-strength","title":{"rendered":"Tequila Fortaleza Blanco Still Strength"},"content":{"rendered":"<p class=\"p1\"><span class=\"s1\">ORIGINE <\/span>: MEXIQUE &#8211; Jalisco, Vall\u00e9e de Tequila<\/p>\n<p class=\"p1\">Maison familiale datant de 1873<\/p>\n<p class=\"p1\">70 cl<\/p>\n<p class=\"p1\"><span class=\"s1\">Mati\u00e8re premi\u00e8re <\/span>: agave bleue, pousse \u00e0 4000 pieds au-dessus de la mer.<\/p>\n<p class=\"p1\">R\u00e9colt\u00e9e apr\u00e8s 7 \u00e0 8 ans.<\/p>\n<p class=\"p1\">Sucr\u00e9e et riche en min\u00e9raux<\/p>\n<p class=\"p1\">Cuisson de l\u2019agave dans un four en briques puis broy\u00e9e \u00e0 la pierre<\/p>\n<p class=\"p1\">Fermentation en plein air avec levure indig\u00e8ne sans adjuvant ext\u00e9rieur<\/p>\n<p class=\"p1\"><span class=\"s2\">Double Distillation <\/span>dans des alambics traditionnels<\/p>\n<p class=\"p2\">Style de Pot : pots de cuivre<\/p>\n<p class=\"p2\">Eau de source naturelle : vall\u00e9e de Tequila<\/p>\n<p class=\"p2\">Bouteilles : souffl\u00e9es \u00e0 la main au Mexique<\/p>\n","protected":false},"excerpt":{"rendered":"<p class=\"p1\">46\u00b0<span class=\"s1\">, <\/span>ar\u00f4mes de fruits, agaves m\u00fbres cuites et olive verte<\/p>\n","protected":false},"featured_media":581,"comment_status":"open","ping_status":"closed","template":"","meta":[],"product_cat":[14],"product_tag":[],"_links":{"self":[{"href":"https:\/\/vintagespiritgarage.fr\/index.php?rest_route=\/wp\/v2\/product\/503"}],"collection":[{"href":"https:\/\/vintagespiritgarage.fr\/index.php?rest_route=\/wp\/v2\/product"}],"about":[{"href":"https:\/\/vintagespiritgarage.fr\/index.php?rest_route=\/wp\/v2\/types\/product"}],"replies":[{"embeddable":true,"href":"https:\/\/vintagespiritgarage.fr\/index.php?rest_route=%2Fwp%2Fv2%2Fcomments&post=503"}],"wp:featuredmedia":[{"embeddable":true,"href":"https:\/\/vintagespiritgarage.fr\/index.php?rest_route=\/wp\/v2\/media\/581"}],"wp:attachment":[{"href":"https:\/\/vintagespiritgarage.fr\/index.php?rest_route=%2Fwp%2Fv2%2Fmedia&parent=503"}],"wp:term":[{"taxonomy":"product_cat","embeddable":true,"href":"https:\/\/vintagespiritgarage.fr\/index.php?rest_route=%2Fwp%2Fv2%2Fproduct_cat&post=503"},{"taxonomy":"product_tag","embeddable":true,"href":"https:\/\/vintagespiritgarage.fr\/index.php?rest_route=%2Fwp%2Fv2%2Fproduct_tag&post=503"}],"curies":[{"name":"wp","href":"https:\/\/api.w.org\/{rel}","templated":true}]}}