{"id":529,"date":"2019-11-19T18:27:20","date_gmt":"2019-11-19T17:27:20","guid":{"rendered":"http:\/\/vintagespiritgarage.fr\/?post_type=product&#038;p=529"},"modified":"2019-11-19T18:27:20","modified_gmt":"2019-11-19T17:27:20","slug":"magnifica-single-cask","status":"publish","type":"product","link":"https:\/\/vintagespiritgarage.fr\/?product=magnifica-single-cask","title":{"rendered":"Magnifica Single Cask"},"content":{"rendered":"<p class=\"p1\"><span class=\"s1\">ORIGINE\u00a0<\/span>: BR\u00c9SIL, \u00c9tat de Rio de Janeiro<\/p>\n<p class=\"p1\"><span class=\"s1\">Distillateur\u00a0<\/span>: Jo\u00e3o Luiz de Faria ach\u00e8te sa ferme la \u00ab Fazenda do Anil \u00bb en 1985<\/p>\n<p class=\"p1\">Une distillerie au milieu d\u2019un parc naturel de 500 ha, situ\u00e9e \u00e0 115 km de Rio de Janeiro.<\/p>\n<p class=\"p1\">Class\u00e9e 2<span class=\"s2\">\u00e8me\u00a0<\/span>meilleure cacha\u00e7a au Br\u00e9sil par un jury d\u2019experts ind\u00e9pendants<\/p>\n<p class=\"p2\"><strong>La r\u00e9colte<\/strong><\/p>\n<p class=\"p2\">La canne \u00e0 sucre est r\u00e9colt\u00e9e manuellement dans la plantation appartenant \u00e0 Magnifica. Elle est press\u00e9e le jour m\u00eame, pour garder sa fra\u00eecheur et ses propri\u00e9t\u00e9s d&rsquo;origine.<\/p>\n<p class=\"p2\"><strong>La fermentation<\/strong><\/p>\n<p class=\"p1\">Avec la levure locale naturelle, dans des r\u00e9servoirs en acier inoxydable. Le processus dure 18 heures.<\/p>\n<p class=\"p2\"><strong>La distillation en Triple Alambic \u00ab Alegria \u00bb, unique au Br\u00e9sil<\/strong><\/p>\n<p class=\"p1\">Effectu\u00e9e par lots, elle permet de s\u00e9parer la meilleure cacha\u00e7a. Production limit\u00e9e, n\u00e9cessite une surveillance humaine constante.<\/p>\n","protected":false},"excerpt":{"rendered":"<p class=\"p1\"><span class=\"s1\">Single Cask <\/span>\u2013 70 cl \u2013 39\u00b0 et 50\u00b0<\/p>\n<p class=\"p1\">Une s\u00e9lection des meilleures barriques des chais de Magnifica, vieillies 10 ans ou plus, en f\u00fbts de ch\u00eane am\u00e9ricain. Chaque barrique est embouteill\u00e9e s\u00e9par\u00e9ment et \u00e9tiquet\u00e9e manuellement. Des produits rares, pour connaisseurs de distillats d\u2019exception.<\/p>\n","protected":false},"featured_media":530,"comment_status":"open","ping_status":"closed","template":"","meta":[],"product_cat":[21],"product_tag":[],"_links":{"self":[{"href":"https:\/\/vintagespiritgarage.fr\/index.php?rest_route=\/wp\/v2\/product\/529"}],"collection":[{"href":"https:\/\/vintagespiritgarage.fr\/index.php?rest_route=\/wp\/v2\/product"}],"about":[{"href":"https:\/\/vintagespiritgarage.fr\/index.php?rest_route=\/wp\/v2\/types\/product"}],"replies":[{"embeddable":true,"href":"https:\/\/vintagespiritgarage.fr\/index.php?rest_route=%2Fwp%2Fv2%2Fcomments&post=529"}],"wp:featuredmedia":[{"embeddable":true,"href":"https:\/\/vintagespiritgarage.fr\/index.php?rest_route=\/wp\/v2\/media\/530"}],"wp:attachment":[{"href":"https:\/\/vintagespiritgarage.fr\/index.php?rest_route=%2Fwp%2Fv2%2Fmedia&parent=529"}],"wp:term":[{"taxonomy":"product_cat","embeddable":true,"href":"https:\/\/vintagespiritgarage.fr\/index.php?rest_route=%2Fwp%2Fv2%2Fproduct_cat&post=529"},{"taxonomy":"product_tag","embeddable":true,"href":"https:\/\/vintagespiritgarage.fr\/index.php?rest_route=%2Fwp%2Fv2%2Fproduct_tag&post=529"}],"curies":[{"name":"wp","href":"https:\/\/api.w.org\/{rel}","templated":true}]}}