{"id":538,"date":"2019-11-20T15:40:00","date_gmt":"2019-11-20T14:40:00","guid":{"rendered":"http:\/\/vintagespiritgarage.fr\/?post_type=product&#038;p=538"},"modified":"2022-01-25T11:36:19","modified_gmt":"2022-01-25T10:36:19","slug":"sailors-gin","status":"publish","type":"product","link":"https:\/\/vintagespiritgarage.fr\/?product=sailors-gin","title":{"rendered":"Sailor&rsquo;s gin"},"content":{"rendered":"<p>The Helsinki Distilling Company est le re\u0301sultat des ambitions de trois amis de longue date experts et passionne\u0301s de spiritueux : Se\u0301amus Holohan, Kai Kilpinen et Mikko Mykka\u0308nen. Leur objectif est de produire des spiritueux haut de gamme.<\/p>\n","protected":false},"excerpt":{"rendered":"<p><strong>Helsinki Sailor\u2019s Gin<\/strong> est un gin artisanal premium distill\u00e9 \u00e0 la mani\u00e8re traditionnelle d\u2019un Navy Strength, \u00e0 57,2%.<\/p>\n<p>M\u00e9lang\u00e9 avec la plus pure eau finlandaise, le Sailor\u2019s Gin d\u2019Helsinki est riche en geni\u00e8vre, bien \u00e9quilibr\u00e9 et aux ar\u00f4mes floraux d&rsquo;agrumes. C&rsquo;est un excellent gin pour les cocktails.<\/p>\n","protected":false},"featured_media":708,"comment_status":"open","ping_status":"closed","template":"","meta":[],"product_cat":[19],"product_tag":[],"_links":{"self":[{"href":"https:\/\/vintagespiritgarage.fr\/index.php?rest_route=\/wp\/v2\/product\/538"}],"collection":[{"href":"https:\/\/vintagespiritgarage.fr\/index.php?rest_route=\/wp\/v2\/product"}],"about":[{"href":"https:\/\/vintagespiritgarage.fr\/index.php?rest_route=\/wp\/v2\/types\/product"}],"replies":[{"embeddable":true,"href":"https:\/\/vintagespiritgarage.fr\/index.php?rest_route=%2Fwp%2Fv2%2Fcomments&post=538"}],"wp:featuredmedia":[{"embeddable":true,"href":"https:\/\/vintagespiritgarage.fr\/index.php?rest_route=\/wp\/v2\/media\/708"}],"wp:attachment":[{"href":"https:\/\/vintagespiritgarage.fr\/index.php?rest_route=%2Fwp%2Fv2%2Fmedia&parent=538"}],"wp:term":[{"taxonomy":"product_cat","embeddable":true,"href":"https:\/\/vintagespiritgarage.fr\/index.php?rest_route=%2Fwp%2Fv2%2Fproduct_cat&post=538"},{"taxonomy":"product_tag","embeddable":true,"href":"https:\/\/vintagespiritgarage.fr\/index.php?rest_route=%2Fwp%2Fv2%2Fproduct_tag&post=538"}],"curies":[{"name":"wp","href":"https:\/\/api.w.org\/{rel}","templated":true}]}}