{"id":553,"date":"2020-06-25T14:22:54","date_gmt":"2020-06-25T13:22:54","guid":{"rendered":"http:\/\/vintagespiritgarage.fr\/?post_type=product&#038;p=553"},"modified":"2023-01-02T16:04:50","modified_gmt":"2023-01-02T15:04:50","slug":"berto-liquore-aperitivo","status":"publish","type":"product","link":"https:\/\/vintagespiritgarage.fr\/?product=berto-liquore-aperitivo","title":{"rendered":"Berto Liquore Aperitivo"},"content":{"rendered":"<p>La distillerie a \u00e9t\u00e9 fond\u00e9e en 1890. Aujourd\u2019hui, elle est dirig\u00e9e par Carlo, l\u2019arri\u00e8re-petit-fils du fondateur.<\/p>\n","protected":false},"excerpt":{"rendered":"<p>100 cl &#8211; 15\u00b0<\/p>\n<p>Infusion de zestes d\u2019orange, racine de gentiane et de rhubarbe.<\/p>\n<p><strong>Nez<\/strong>\u00a0: intense avec des notes vives de gingembre, de c\u00e8dre et d\u2019agrumes italiens<\/p>\n<p><strong>Palais<\/strong>\u00a0: Doux et riche en bouche, il a un arri\u00e8re-gout persistant et \u00e9l\u00e9gant, avec des notes am\u00e8res.<\/p>\n<p>Le produit est harmonieux, il se boit en ap\u00e9ritif allong\u00e9 de vin blanc p\u00e9tillant de type <em>prosecco<\/em>, \u00e0 la mani\u00e8re d\u2019un <em>spritz<\/em>.<\/p>\n","protected":false},"featured_media":555,"comment_status":"open","ping_status":"closed","template":"","meta":[],"product_cat":[17],"product_tag":[],"_links":{"self":[{"href":"https:\/\/vintagespiritgarage.fr\/index.php?rest_route=\/wp\/v2\/product\/553"}],"collection":[{"href":"https:\/\/vintagespiritgarage.fr\/index.php?rest_route=\/wp\/v2\/product"}],"about":[{"href":"https:\/\/vintagespiritgarage.fr\/index.php?rest_route=\/wp\/v2\/types\/product"}],"replies":[{"embeddable":true,"href":"https:\/\/vintagespiritgarage.fr\/index.php?rest_route=%2Fwp%2Fv2%2Fcomments&post=553"}],"wp:featuredmedia":[{"embeddable":true,"href":"https:\/\/vintagespiritgarage.fr\/index.php?rest_route=\/wp\/v2\/media\/555"}],"wp:attachment":[{"href":"https:\/\/vintagespiritgarage.fr\/index.php?rest_route=%2Fwp%2Fv2%2Fmedia&parent=553"}],"wp:term":[{"taxonomy":"product_cat","embeddable":true,"href":"https:\/\/vintagespiritgarage.fr\/index.php?rest_route=%2Fwp%2Fv2%2Fproduct_cat&post=553"},{"taxonomy":"product_tag","embeddable":true,"href":"https:\/\/vintagespiritgarage.fr\/index.php?rest_route=%2Fwp%2Fv2%2Fproduct_tag&post=553"}],"curies":[{"name":"wp","href":"https:\/\/api.w.org\/{rel}","templated":true}]}}