{"id":556,"date":"2020-06-25T14:24:30","date_gmt":"2020-06-25T13:24:30","guid":{"rendered":"http:\/\/vintagespiritgarage.fr\/?post_type=product&#038;p=556"},"modified":"2025-06-23T16:13:01","modified_gmt":"2025-06-23T15:13:01","slug":"berto-liquore-bitter","status":"publish","type":"product","link":"https:\/\/vintagespiritgarage.fr\/?product=berto-liquore-bitter","title":{"rendered":"Berto Liquore Bitter"},"content":{"rendered":"<p>La distillerie a \u00e9t\u00e9 fond\u00e9e en 1890. Aujourd\u2019hui, elle est dirig\u00e9e par Carlo, l\u2019arri\u00e8re-petit-fils du fondateur.<\/p>\n","protected":false},"excerpt":{"rendered":"<p>100 cl \u2013 25\u00b0<\/p>\n<p>La gentiane <em>quassia carlina acaulis<\/em> infus\u00e9e dans l\u2019alcool donne des notes am\u00e8res, d\u2019agrumes et d\u2019\u00e9pices.<\/p>\n","protected":false},"featured_media":557,"comment_status":"open","ping_status":"closed","template":"","meta":[],"product_cat":[20,17],"product_tag":[],"_links":{"self":[{"href":"https:\/\/vintagespiritgarage.fr\/index.php?rest_route=\/wp\/v2\/product\/556"}],"collection":[{"href":"https:\/\/vintagespiritgarage.fr\/index.php?rest_route=\/wp\/v2\/product"}],"about":[{"href":"https:\/\/vintagespiritgarage.fr\/index.php?rest_route=\/wp\/v2\/types\/product"}],"replies":[{"embeddable":true,"href":"https:\/\/vintagespiritgarage.fr\/index.php?rest_route=%2Fwp%2Fv2%2Fcomments&post=556"}],"wp:featuredmedia":[{"embeddable":true,"href":"https:\/\/vintagespiritgarage.fr\/index.php?rest_route=\/wp\/v2\/media\/557"}],"wp:attachment":[{"href":"https:\/\/vintagespiritgarage.fr\/index.php?rest_route=%2Fwp%2Fv2%2Fmedia&parent=556"}],"wp:term":[{"taxonomy":"product_cat","embeddable":true,"href":"https:\/\/vintagespiritgarage.fr\/index.php?rest_route=%2Fwp%2Fv2%2Fproduct_cat&post=556"},{"taxonomy":"product_tag","embeddable":true,"href":"https:\/\/vintagespiritgarage.fr\/index.php?rest_route=%2Fwp%2Fv2%2Fproduct_tag&post=556"}],"curies":[{"name":"wp","href":"https:\/\/api.w.org\/{rel}","templated":true}]}}