{"id":560,"date":"2020-06-25T14:27:35","date_gmt":"2020-06-25T13:27:35","guid":{"rendered":"http:\/\/vintagespiritgarage.fr\/?post_type=product&#038;p=560"},"modified":"2020-06-25T14:27:57","modified_gmt":"2020-06-25T13:27:57","slug":"vermouth-berto-rosso","status":"publish","type":"product","link":"https:\/\/vintagespiritgarage.fr\/?product=vermouth-berto-rosso","title":{"rendered":"Vermouth Berto Rosso"},"content":{"rendered":"<p><strong>ORIGINE<\/strong>\u00a0: Italie &#8211; <em>Castelnuovo Don Bosco <\/em><\/p>\n<p><em>Province d\u2019Asti<\/em> dans le Piemont<\/p>\n<p>La distillerie a \u00e9t\u00e9 fond\u00e9e en 1890. Aujourd\u2019hui, elle est dirig\u00e9e par Carlo, l\u2019arri\u00e8re-petit-fils du fondateur.<\/p>\n<p>&nbsp;<\/p>\n","protected":false},"excerpt":{"rendered":"<p>100 cl \u2013 17\u00b0<\/p>\n<p>Vin piemontais associ\u00e9 \u00e0 des herbes aromatiques, et des \u00e9pices<\/p>\n<p>La maturation lente en r\u00e9servoir d\u2019acier donne une \u00e9tonnante couleur grenat, avec des \u00e9clats d\u2019ambre, des notes de vanille et d\u2019agrumes<\/p>\n<p><strong>Consommation\u00a0<\/strong>: temp\u00e9rature ambiante<\/p>\n","protected":false},"featured_media":561,"comment_status":"open","ping_status":"closed","template":"","meta":[],"product_cat":[22],"product_tag":[],"_links":{"self":[{"href":"https:\/\/vintagespiritgarage.fr\/index.php?rest_route=\/wp\/v2\/product\/560"}],"collection":[{"href":"https:\/\/vintagespiritgarage.fr\/index.php?rest_route=\/wp\/v2\/product"}],"about":[{"href":"https:\/\/vintagespiritgarage.fr\/index.php?rest_route=\/wp\/v2\/types\/product"}],"replies":[{"embeddable":true,"href":"https:\/\/vintagespiritgarage.fr\/index.php?rest_route=%2Fwp%2Fv2%2Fcomments&post=560"}],"wp:featuredmedia":[{"embeddable":true,"href":"https:\/\/vintagespiritgarage.fr\/index.php?rest_route=\/wp\/v2\/media\/561"}],"wp:attachment":[{"href":"https:\/\/vintagespiritgarage.fr\/index.php?rest_route=%2Fwp%2Fv2%2Fmedia&parent=560"}],"wp:term":[{"taxonomy":"product_cat","embeddable":true,"href":"https:\/\/vintagespiritgarage.fr\/index.php?rest_route=%2Fwp%2Fv2%2Fproduct_cat&post=560"},{"taxonomy":"product_tag","embeddable":true,"href":"https:\/\/vintagespiritgarage.fr\/index.php?rest_route=%2Fwp%2Fv2%2Fproduct_tag&post=560"}],"curies":[{"name":"wp","href":"https:\/\/api.w.org\/{rel}","templated":true}]}}