{"id":575,"date":"2021-04-08T09:40:46","date_gmt":"2021-04-08T08:40:46","guid":{"rendered":"http:\/\/vintagespiritgarage.fr\/?post_type=product&#038;p=575"},"modified":"2021-04-08T09:40:46","modified_gmt":"2021-04-08T08:40:46","slug":"tequila-calle-23-anejo-single-barrel","status":"publish","type":"product","link":"https:\/\/vintagespiritgarage.fr\/?product=tequila-calle-23-anejo-single-barrel","title":{"rendered":"Tequila Calle 23 A\u00f1ejo Single Barrel"},"content":{"rendered":"<p class=\"p1\"><span class=\"s1\">La productrice de cette beaut\u00e9 est Sophie Decobecq. Install\u00e9e au Mexique depuis 15 ans,<span class=\"Apple-converted-space\">\u00a0 <\/span>elle a su conqu\u00e9rir la confiance et le respect des Mexicains eux-m\u00eames.<\/span><\/p>\n<p class=\"p1\"><span class=\"s1\">Elle a choisi l\u2019Agave bleu <i>de Los altos<\/i>, \u00e9pic\u00e9e et tr\u00e8s fruit\u00e9e. Cet agave pousse sur les hauteurs, sur un sol rouge, riche en min\u00e9raux, associ\u00e9 au climat mexicain o\u00f9 alternent saison de pluies et saison s\u00e8che. Ainsi les c\u0153urs d\u2019agaves (<i>pi\u00f1as<\/i>) sont gorg\u00e9s de sucre et d\u2019ar\u00f4mes. <\/span><\/p>\n","protected":false},"excerpt":{"rendered":"<p class=\"p1\"><span class=\"s1\">R\u00e9veillez-vous ! La production est tr\u00e8s limit\u00e9e : 5 barriques dans le monde. Ce tr\u00e9sor est obtenu par double distillation en alambic et 28 mois de vieillissement.<\/span><\/p>\n<p class=\"p1\">70 cl \u2022 50,73\u00b0<\/p>\n<p class=\"p1\">Production tr\u00e8s limit\u00e9e, seulement 30 bouteilles disponibles !<\/p>\n<p class=\"p1\"><b>Maturation<\/b> : 28 mois<\/p>\n<p class=\"p1\"><b>Couleur : <\/b><span class=\"s1\">Ambre moyen<\/span><\/p>\n<p class=\"p1\"><span class=\"s1\"><b>Nez<\/b> : Doux et \u00e9quilibr\u00e9, vanille, fruits tropicaux (litchi, ananas, banane), caramel et poivre noir<\/span><\/p>\n<p class=\"p1\"><span class=\"s1\"><b>Palais<\/b> : Doux, herbac\u00e9, notes de vanille, agave<\/span><\/p>\n<p class=\"p1\"><b>Finale<\/b> : D\u00e9licate, agave cuite<\/p>\n","protected":false},"featured_media":576,"comment_status":"open","ping_status":"closed","template":"","meta":[],"product_cat":[14],"product_tag":[],"_links":{"self":[{"href":"https:\/\/vintagespiritgarage.fr\/index.php?rest_route=\/wp\/v2\/product\/575"}],"collection":[{"href":"https:\/\/vintagespiritgarage.fr\/index.php?rest_route=\/wp\/v2\/product"}],"about":[{"href":"https:\/\/vintagespiritgarage.fr\/index.php?rest_route=\/wp\/v2\/types\/product"}],"replies":[{"embeddable":true,"href":"https:\/\/vintagespiritgarage.fr\/index.php?rest_route=%2Fwp%2Fv2%2Fcomments&post=575"}],"wp:featuredmedia":[{"embeddable":true,"href":"https:\/\/vintagespiritgarage.fr\/index.php?rest_route=\/wp\/v2\/media\/576"}],"wp:attachment":[{"href":"https:\/\/vintagespiritgarage.fr\/index.php?rest_route=%2Fwp%2Fv2%2Fmedia&parent=575"}],"wp:term":[{"taxonomy":"product_cat","embeddable":true,"href":"https:\/\/vintagespiritgarage.fr\/index.php?rest_route=%2Fwp%2Fv2%2Fproduct_cat&post=575"},{"taxonomy":"product_tag","embeddable":true,"href":"https:\/\/vintagespiritgarage.fr\/index.php?rest_route=%2Fwp%2Fv2%2Fproduct_tag&post=575"}],"curies":[{"name":"wp","href":"https:\/\/api.w.org\/{rel}","templated":true}]}}