{"id":585,"date":"2021-04-08T10:14:20","date_gmt":"2021-04-08T09:14:20","guid":{"rendered":"http:\/\/vintagespiritgarage.fr\/?post_type=product&#038;p=585"},"modified":"2021-04-08T10:15:14","modified_gmt":"2021-04-08T09:15:14","slug":"tequila-fortaleza-winter-blend-reposado","status":"publish","type":"product","link":"https:\/\/vintagespiritgarage.fr\/?product=tequila-fortaleza-winter-blend-reposado","title":{"rendered":"Tequila Fortaleza Winter Blend Reposado"},"content":{"rendered":"<p class=\"p1\"><span class=\"s1\">La maison familiale date de 1873, vous n\u2019\u00e9tiez pas n\u00e9s.<\/span><\/p>\n<p class=\"p1\"><span class=\"s1\">L\u2019agave bleu qui pousse \u00e0 4000 pieds au-dessus de la mer est r\u00e9colt\u00e9e apr\u00e8s 7 \u00e0 8 ans. Sucr\u00e9e et riche en min\u00e9raux, on la cuit dans un four en briques puis elle est broy\u00e9e \u00e0 la pierre&#8230;Attention aux mains ! La fermentation se fait en plein air avec levure, sans adjuvant ext\u00e9rieur. Fortaleza m\u00e9rite une double distillation dans des alambics traditionnels aux pots de cuivre. L\u2019eau de source naturelle vient de la vall\u00e9e de Tequila ! Et les bouteilles sont souffl\u00e9es bouche au Mexique.<\/span><\/p>\n","protected":false},"excerpt":{"rendered":"<p class=\"p1\">70 cl \u2022 45,7\u00b0<\/p>\n<p class=\"p1\">\u00c9dition limit\u00e9e, totalement collector et bien s\u00fbr d\u00e9licieuse<\/p>\n<p class=\"p1\"><b>Vieillissement<\/b> : 6 mois (ch\u00eane am\u00e9ricain) et 11 mois (ch\u00eane fran\u00e7ais)<\/p>\n<p class=\"p1\"><b>Nez<\/b> : Chaud avec des notes de cr\u00e8me anglaise aux agrumes et d\u2019\u00e9pices<\/p>\n<p class=\"p1\"><b>Palais<\/b> : Cr\u00e9meux mais l\u00e9ger et sec<\/p>\n<p class=\"p1\"><b>Finale<\/b> : Longue et lumineuse comme une chaude journ\u00e9e ensoleill\u00e9e : parfaite pour les froides soir\u00e9es d\u2019hiver.<\/p>\n","protected":false},"featured_media":586,"comment_status":"open","ping_status":"closed","template":"","meta":[],"product_cat":[14],"product_tag":[],"_links":{"self":[{"href":"https:\/\/vintagespiritgarage.fr\/index.php?rest_route=\/wp\/v2\/product\/585"}],"collection":[{"href":"https:\/\/vintagespiritgarage.fr\/index.php?rest_route=\/wp\/v2\/product"}],"about":[{"href":"https:\/\/vintagespiritgarage.fr\/index.php?rest_route=\/wp\/v2\/types\/product"}],"replies":[{"embeddable":true,"href":"https:\/\/vintagespiritgarage.fr\/index.php?rest_route=%2Fwp%2Fv2%2Fcomments&post=585"}],"wp:featuredmedia":[{"embeddable":true,"href":"https:\/\/vintagespiritgarage.fr\/index.php?rest_route=\/wp\/v2\/media\/586"}],"wp:attachment":[{"href":"https:\/\/vintagespiritgarage.fr\/index.php?rest_route=%2Fwp%2Fv2%2Fmedia&parent=585"}],"wp:term":[{"taxonomy":"product_cat","embeddable":true,"href":"https:\/\/vintagespiritgarage.fr\/index.php?rest_route=%2Fwp%2Fv2%2Fproduct_cat&post=585"},{"taxonomy":"product_tag","embeddable":true,"href":"https:\/\/vintagespiritgarage.fr\/index.php?rest_route=%2Fwp%2Fv2%2Fproduct_tag&post=585"}],"curies":[{"name":"wp","href":"https:\/\/api.w.org\/{rel}","templated":true}]}}