{"id":594,"date":"2021-04-08T10:53:31","date_gmt":"2021-04-08T09:53:31","guid":{"rendered":"http:\/\/vintagespiritgarage.fr\/?post_type=product&#038;p=594"},"modified":"2021-04-08T10:54:02","modified_gmt":"2021-04-08T09:54:02","slug":"romeos-gin","status":"publish","type":"product","link":"https:\/\/vintagespiritgarage.fr\/?product=romeos-gin","title":{"rendered":"Romeo&rsquo;s gin"},"content":{"rendered":"<p class=\"p1\"><strong>L&rsquo;art du gin<\/strong><\/p>\n<p class=\"p1\"><span class=\"s1\">Imagin\u00e9 \u00e0 Montr\u00e9al, ce gin c\u00e9l\u00e8bre la cr\u00e9ativit\u00e9. Voil\u00e0 une eau-de-vie con\u00e7ue pour les non-conformistes; ceux pour qui les limites n\u2019existent pas et qui cr\u00e9ent ce qui nous fait r\u00e9fl\u00e9chir et avancer. Ensemble, nous pouvons faire une diff\u00e9rence, d\u00e9mocratiser l\u2019art et se faire entendre. Chaque \u00e9dition limit\u00e9e met en valeur des artistes urbains s\u00e9lectionn\u00e9s, de Montr\u00e9al et d\u2019ailleurs.<br \/>\n<\/span><span class=\"s1\">C\u2019est la grande f\u00eate des cinq sens !<\/span><\/p>\n<p class=\"p1\"><strong><span class=\"s1\"> \u00c9DITION 01 : STIKKI PEACHES <\/span><\/strong><\/p>\n<p class=\"p3\"><span class=\"s2\">La premi\u00e8re \u00e9dition met en valeur Mo\u2019z, une \u0153uvre de Stikki Peaches. Plusieurs collaborations avec l\u2019artiste ont eu lieu, dont une exposition au Mus\u00e9e National des Beaux- Arts du Qu\u00e9bec. Le slogan de Stikki Peaches, \u201cWhat if Art Ruled the World?\u201d r\u00e9sonne \u00e0 Montr\u00e9al, mais aussi \u00e0 Paris, Londres, Berlin et Stockholm depuis 2009.<br \/>\n<\/span><span class=\"s2\">Levons nos verres \u00e0 l\u2019Art du Gin !<\/span><\/p>\n","protected":false},"excerpt":{"rendered":"<p class=\"p1\">70 cl \u2022 46\u00b0<\/p>\n<p class=\"p1\"><span class=\"s1\"><b>Palais <\/b>: De style London dry, Romeo\u2019s est v\u00e9g\u00e9tal, printanier, avec des notes de lavande et de geni\u00e8vre suivies par l\u2019aneth et l\u2019amande<\/span><\/p>\n<p class=\"p1\"><b>Finale<\/b> : citronn\u00e9e et d\u00e9licate<\/p>\n","protected":false},"featured_media":595,"comment_status":"open","ping_status":"closed","template":"","meta":[],"product_cat":[19],"product_tag":[],"_links":{"self":[{"href":"https:\/\/vintagespiritgarage.fr\/index.php?rest_route=\/wp\/v2\/product\/594"}],"collection":[{"href":"https:\/\/vintagespiritgarage.fr\/index.php?rest_route=\/wp\/v2\/product"}],"about":[{"href":"https:\/\/vintagespiritgarage.fr\/index.php?rest_route=\/wp\/v2\/types\/product"}],"replies":[{"embeddable":true,"href":"https:\/\/vintagespiritgarage.fr\/index.php?rest_route=%2Fwp%2Fv2%2Fcomments&post=594"}],"wp:featuredmedia":[{"embeddable":true,"href":"https:\/\/vintagespiritgarage.fr\/index.php?rest_route=\/wp\/v2\/media\/595"}],"wp:attachment":[{"href":"https:\/\/vintagespiritgarage.fr\/index.php?rest_route=%2Fwp%2Fv2%2Fmedia&parent=594"}],"wp:term":[{"taxonomy":"product_cat","embeddable":true,"href":"https:\/\/vintagespiritgarage.fr\/index.php?rest_route=%2Fwp%2Fv2%2Fproduct_cat&post=594"},{"taxonomy":"product_tag","embeddable":true,"href":"https:\/\/vintagespiritgarage.fr\/index.php?rest_route=%2Fwp%2Fv2%2Fproduct_tag&post=594"}],"curies":[{"name":"wp","href":"https:\/\/api.w.org\/{rel}","templated":true}]}}