{"id":596,"date":"2021-04-08T10:58:40","date_gmt":"2021-04-08T09:58:40","guid":{"rendered":"http:\/\/vintagespiritgarage.fr\/?post_type=product&#038;p=596"},"modified":"2021-04-08T10:58:40","modified_gmt":"2021-04-08T09:58:40","slug":"berto-gin","status":"publish","type":"product","link":"https:\/\/vintagespiritgarage.fr\/?product=berto-gin","title":{"rendered":"Berto gin"},"content":{"rendered":"<p class=\"p1\"><span class=\"s1\">Le gin Berto est un London Dry Gin, avec un profil Geni\u00e8vre classique. Le distillat est infus\u00e9 avec les principales plantes botaniques avant une double distillation du spiritueux dans un alambic, qui prend g\u00e9n\u00e9ralement un peu moins d&rsquo;une semaine pour compl\u00e9ter cette distillation. L&rsquo;id\u00e9e de ce gin est venue de Federico Ricatto, le producteur artisanal avec qui travaille le Jerry Thomas Project. Federico a souhait\u00e9 incorporer les ar\u00f4mes classiques de geni\u00e8vre dans ce gin, avec une s\u00e9lection harmonieuse et \u00e9l\u00e9gante d&rsquo;autres plantes m\u00e9diterran\u00e9ennes aromatiques telles que le romarin, l&rsquo;iris, l&rsquo;absinthe et les feuilles de laurier. Toutes les plantes sont cultiv\u00e9es en Italie&#8230; Mais Pininfarina semble avoir repris sa carrosserie !<\/span><\/p>\n","protected":false},"excerpt":{"rendered":"<p class=\"p1\">70 cl \u2022 43\u00b0<\/p>\n<p class=\"p1\"><b>Principales botaniques<\/b> : Gen\u00e9vrier, romarin, absinthe, iris et laurier<\/p>\n<p class=\"p1\"><b>Palais : <\/b>Notes douces, aromatiques et florales. Puis saveurs intenses, plantes complexes, parfait \u00e9quilibre et belle texture<\/p>\n<p class=\"p1\"><span class=\"s1\"><b>D\u00e9gustation <\/b>: Parfait pour un Gin tonic classique ou un Negroni italien<\/span><\/p>\n<p class=\"p1\"><span class=\"s1\">Un gin qui plaira aussi bien aux novices qu\u2019aux plus experts !<\/span><\/p>\n","protected":false},"featured_media":597,"comment_status":"open","ping_status":"closed","template":"","meta":[],"product_cat":[19],"product_tag":[],"_links":{"self":[{"href":"https:\/\/vintagespiritgarage.fr\/index.php?rest_route=\/wp\/v2\/product\/596"}],"collection":[{"href":"https:\/\/vintagespiritgarage.fr\/index.php?rest_route=\/wp\/v2\/product"}],"about":[{"href":"https:\/\/vintagespiritgarage.fr\/index.php?rest_route=\/wp\/v2\/types\/product"}],"replies":[{"embeddable":true,"href":"https:\/\/vintagespiritgarage.fr\/index.php?rest_route=%2Fwp%2Fv2%2Fcomments&post=596"}],"wp:featuredmedia":[{"embeddable":true,"href":"https:\/\/vintagespiritgarage.fr\/index.php?rest_route=\/wp\/v2\/media\/597"}],"wp:attachment":[{"href":"https:\/\/vintagespiritgarage.fr\/index.php?rest_route=%2Fwp%2Fv2%2Fmedia&parent=596"}],"wp:term":[{"taxonomy":"product_cat","embeddable":true,"href":"https:\/\/vintagespiritgarage.fr\/index.php?rest_route=%2Fwp%2Fv2%2Fproduct_cat&post=596"},{"taxonomy":"product_tag","embeddable":true,"href":"https:\/\/vintagespiritgarage.fr\/index.php?rest_route=%2Fwp%2Fv2%2Fproduct_tag&post=596"}],"curies":[{"name":"wp","href":"https:\/\/api.w.org\/{rel}","templated":true}]}}