{"id":598,"date":"2021-04-08T11:05:14","date_gmt":"2021-04-08T10:05:14","guid":{"rendered":"http:\/\/vintagespiritgarage.fr\/?post_type=product&#038;p=598"},"modified":"2022-01-25T11:33:33","modified_gmt":"2022-01-25T10:33:33","slug":"helsinki-distilling-tyrnipontikka","status":"publish","type":"product","link":"https:\/\/vintagespiritgarage.fr\/?product=helsinki-distilling-tyrnipontikka","title":{"rendered":"Helsinki Distilling Tyrnipontikka"},"content":{"rendered":"<p class=\"p1\"><span class=\"s1\">The Helsinki Distilling est le r\u00e9sultat des ambitions de trois amis de longue date experts et passionn\u00e9s de spiritueux, S\u00e9amus Holohan, Kai Kilpinen et Mikko Mykk\u00e4nen. Leur objectif est de produire des spiritueux haut de gamme.<\/span><\/p>\n","protected":false},"excerpt":{"rendered":"<p class=\"p1\"><span class=\"s1\">Eau de vie \u00e0 l&rsquo;argousier<\/span><\/p>\n<p class=\"p1\">50 cl \u2022 41,7\u00b0<\/p>\n<p class=\"p1\"><b>Palais<\/b> : <span class=\"s1\">Doux et aromatique <\/span><\/p>\n<p class=\"p1\"><span class=\"s1\"><b>D\u00e9gustation<\/b> : Avec un expresso apr\u00e8s un repas, ou seul. Peut \u00e9galement \u00eatre utilis\u00e9 dans divers cocktails.<\/span><\/p>\n","protected":false},"featured_media":709,"comment_status":"open","ping_status":"closed","template":"","meta":[],"product_cat":[17],"product_tag":[],"_links":{"self":[{"href":"https:\/\/vintagespiritgarage.fr\/index.php?rest_route=\/wp\/v2\/product\/598"}],"collection":[{"href":"https:\/\/vintagespiritgarage.fr\/index.php?rest_route=\/wp\/v2\/product"}],"about":[{"href":"https:\/\/vintagespiritgarage.fr\/index.php?rest_route=\/wp\/v2\/types\/product"}],"replies":[{"embeddable":true,"href":"https:\/\/vintagespiritgarage.fr\/index.php?rest_route=%2Fwp%2Fv2%2Fcomments&post=598"}],"wp:featuredmedia":[{"embeddable":true,"href":"https:\/\/vintagespiritgarage.fr\/index.php?rest_route=\/wp\/v2\/media\/709"}],"wp:attachment":[{"href":"https:\/\/vintagespiritgarage.fr\/index.php?rest_route=%2Fwp%2Fv2%2Fmedia&parent=598"}],"wp:term":[{"taxonomy":"product_cat","embeddable":true,"href":"https:\/\/vintagespiritgarage.fr\/index.php?rest_route=%2Fwp%2Fv2%2Fproduct_cat&post=598"},{"taxonomy":"product_tag","embeddable":true,"href":"https:\/\/vintagespiritgarage.fr\/index.php?rest_route=%2Fwp%2Fv2%2Fproduct_tag&post=598"}],"curies":[{"name":"wp","href":"https:\/\/api.w.org\/{rel}","templated":true}]}}