{"id":612,"date":"2021-04-08T11:45:27","date_gmt":"2021-04-08T10:45:27","guid":{"rendered":"http:\/\/vintagespiritgarage.fr\/?post_type=product&#038;p=612"},"modified":"2021-04-08T11:45:27","modified_gmt":"2021-04-08T10:45:27","slug":"vermouth-rouge-la-ina","status":"publish","type":"product","link":"https:\/\/vintagespiritgarage.fr\/?product=vermouth-rouge-la-ina","title":{"rendered":"Vermouth Rouge La Ina"},"content":{"rendered":"","protected":false},"excerpt":{"rendered":"<p class=\"p1\">70 cl \u2022 15\u00b0<\/p>\n<p class=\"p1\"><b>Couleur<\/b> : Acajou avec reflets ambr\u00e9s<\/p>\n<p class=\"p1\"><b>Palais<\/b> : Notes de raisin, de cannelle et de clou de girofle, d\u2019agrumes et d\u2019herbes. Velout\u00e9 et doux avec une abondance d&rsquo;\u00e9pices, d&rsquo;orange confite et une subtile amertume rappelant le chocolat noir. L\u2019authenticit\u00e9 de ce vermouth provient de la combinaison de plantes soigneusement s\u00e9lectionn\u00e9es et d\u2019une combinaison de vins du monde : un Oloroso sec et aromatique et un Pedro Xim\u00e9nez doux et soyeux. Les principales plantes caract\u00e9risant la saveur de ce vermouth sont la gentiane, la cannelle et l\u2019orange.<\/p>\n","protected":false},"featured_media":613,"comment_status":"open","ping_status":"closed","template":"","meta":[],"product_cat":[22],"product_tag":[],"_links":{"self":[{"href":"https:\/\/vintagespiritgarage.fr\/index.php?rest_route=\/wp\/v2\/product\/612"}],"collection":[{"href":"https:\/\/vintagespiritgarage.fr\/index.php?rest_route=\/wp\/v2\/product"}],"about":[{"href":"https:\/\/vintagespiritgarage.fr\/index.php?rest_route=\/wp\/v2\/types\/product"}],"replies":[{"embeddable":true,"href":"https:\/\/vintagespiritgarage.fr\/index.php?rest_route=%2Fwp%2Fv2%2Fcomments&post=612"}],"wp:featuredmedia":[{"embeddable":true,"href":"https:\/\/vintagespiritgarage.fr\/index.php?rest_route=\/wp\/v2\/media\/613"}],"wp:attachment":[{"href":"https:\/\/vintagespiritgarage.fr\/index.php?rest_route=%2Fwp%2Fv2%2Fmedia&parent=612"}],"wp:term":[{"taxonomy":"product_cat","embeddable":true,"href":"https:\/\/vintagespiritgarage.fr\/index.php?rest_route=%2Fwp%2Fv2%2Fproduct_cat&post=612"},{"taxonomy":"product_tag","embeddable":true,"href":"https:\/\/vintagespiritgarage.fr\/index.php?rest_route=%2Fwp%2Fv2%2Fproduct_tag&post=612"}],"curies":[{"name":"wp","href":"https:\/\/api.w.org\/{rel}","templated":true}]}}