{"id":630,"date":"2021-04-09T10:59:57","date_gmt":"2021-04-09T09:59:57","guid":{"rendered":"http:\/\/vintagespiritgarage.fr\/?post_type=product&#038;p=630"},"modified":"2023-12-21T08:01:09","modified_gmt":"2023-12-21T07:01:09","slug":"dolin-liqueur-de-sapin","status":"publish","type":"product","link":"https:\/\/vintagespiritgarage.fr\/?product=dolin-liqueur-de-sapin","title":{"rendered":"Dolin Liqueur de sapin"},"content":{"rendered":"<p class=\"p1\">En 1815, Joseph Chavasse, titulaire du dipl\u00f4me de liquoriste distillateur, cr\u00e9e une liquoristerie-distillerie dans la commune Les \u00c9chelles en Savoie. Il d\u00e9bute par l\u2019\u00e9laboration de liqueurs. Six ans plus tard, en 1821, il est l\u2019inventeur d\u2019une nouvelle recette de vermouth.<\/p>\n<p class=\"p1\">En 1843, Marie Rosalie Chavasse \u00e9pouse Louis-Ferdinand Dolin qui devient vermoutier. Aid\u00e9 financi\u00e8rement par son oncle, un r\u00e9v\u00e9rend, Louis-Ferdinand s\u2019installe \u00e0 Chamb\u00e9ry sur les rives de la Leysse en vue d\u2019y ouvrir une nouvelle vermouterie. L\u2019entreprise prend d\u00e8s lors le nom de Dolin. En 1919, l\u2019entreprise est achet\u00e9e par Joseph et Charles Sevez. Ces commer\u00e7ants chamb\u00e9riens dans l\u2019agroalimentaire conservent le nom de la soci\u00e9t\u00e9 et perp\u00e9tuent le savoir-faire acquis au sein de la vermouterie.<\/p>\n","protected":false},"excerpt":{"rendered":"<p class=\"p1\">35 cl \u2022 35\u00b0<\/p>\n<p class=\"p1\">Obtenue par mac\u00e9ration et distillation de pousses ou de bourgeons de sapins<br \/>\nBien plus l\u00e9g\u00e8res en alcool qu\u2019une eau-de-vie, cette liqueur de montagne est un petit plaisir accessible \u00e0 tous qui ne constitue pas un bien gros p\u00each\u00e9&#8230;<\/p>\n<p class=\"p1\"><b>Palais<\/b> : Frais et v\u00e9g\u00e9tal, parfum\u00e9<\/p>\n<p class=\"p1\"><b>D\u00e9gustation<\/b> : Fin de repas, nature ou sur glace, en ap\u00e9ritif, en cocktail<\/p>\n","protected":false},"featured_media":631,"comment_status":"open","ping_status":"closed","template":"","meta":[],"product_cat":[17],"product_tag":[],"_links":{"self":[{"href":"https:\/\/vintagespiritgarage.fr\/index.php?rest_route=\/wp\/v2\/product\/630"}],"collection":[{"href":"https:\/\/vintagespiritgarage.fr\/index.php?rest_route=\/wp\/v2\/product"}],"about":[{"href":"https:\/\/vintagespiritgarage.fr\/index.php?rest_route=\/wp\/v2\/types\/product"}],"replies":[{"embeddable":true,"href":"https:\/\/vintagespiritgarage.fr\/index.php?rest_route=%2Fwp%2Fv2%2Fcomments&post=630"}],"wp:featuredmedia":[{"embeddable":true,"href":"https:\/\/vintagespiritgarage.fr\/index.php?rest_route=\/wp\/v2\/media\/631"}],"wp:attachment":[{"href":"https:\/\/vintagespiritgarage.fr\/index.php?rest_route=%2Fwp%2Fv2%2Fmedia&parent=630"}],"wp:term":[{"taxonomy":"product_cat","embeddable":true,"href":"https:\/\/vintagespiritgarage.fr\/index.php?rest_route=%2Fwp%2Fv2%2Fproduct_cat&post=630"},{"taxonomy":"product_tag","embeddable":true,"href":"https:\/\/vintagespiritgarage.fr\/index.php?rest_route=%2Fwp%2Fv2%2Fproduct_tag&post=630"}],"curies":[{"name":"wp","href":"https:\/\/api.w.org\/{rel}","templated":true}]}}