{"id":719,"date":"2022-02-01T14:26:11","date_gmt":"2022-02-01T13:26:11","guid":{"rendered":"https:\/\/vintagespiritgarage.fr\/?post_type=product&#038;p=719"},"modified":"2022-02-01T14:31:17","modified_gmt":"2022-02-01T13:31:17","slug":"muteman-rye-whiskey","status":"publish","type":"product","link":"https:\/\/vintagespiritgarage.fr\/?product=muteman-rye-whiskey","title":{"rendered":"Muteman Rye Whiskey"},"content":{"rendered":"\n<p>Muteman Rye Whiskey est un whisky de seigle d&rsquo;entr\u00e9e de gamme avec un prix attractif et un ABV inf\u00e9rieur pour ceux qui commencent leur voyage avec du seigle. Les spiritueux Muteman offrent la m\u00eame qualit\u00e9 que tous les spiritueux The Helsinki Distilling Company.<\/p>\n\n\n\n<p>Comme gage de qualit\u00e9, chaque bouteille num\u00e9rot\u00e9e porte la signature du ma\u00eetre distillateur Mikko Mykk\u00e4nen. Muteman Rye Whisky est vendu en cartons de six bouteilles.<\/p>\n","protected":false},"excerpt":{"rendered":"<div class=\"page\" title=\"Page 41\">\n<div class=\"section\">\n<div class=\"layoutArea\">\n<div class=\"column\">\n<p>Le whisky Muteman Rye est fabrique\u0301 a\u0300 partir du meilleur seigle malte\u0301 finlandais et de l&rsquo;orge. La distillation en petits lots et la maturation dans des fu\u0302ts de che\u0302ne se\u0301lectionne\u0301s a\u0300 la main avec une finition spe\u0301ciale en fu\u0302t de sherry garantissent un gou\u0302t doux et bien e\u0301quilibre\u0301 pour ce whisky de seigle de Finlande.<\/p>\n<p><strong>50 cl \u2022 40\u00b0<\/p>\n<p><\/strong><strong>Composition<\/strong> : Finnish malted rye and barley<br \/>\n<strong>Cask<\/strong> : Oak<br \/>\n<strong>Finition<\/strong> : Fu\u0302ts de sherry<br \/>\n<strong>Palais<\/strong> : Doux et bien e\u0301quilibre\u0301<\/p>\n<\/div>\n<\/div>\n<\/div>\n<\/div>\n","protected":false},"featured_media":720,"comment_status":"open","ping_status":"closed","template":"","meta":[],"product_cat":[24],"product_tag":[],"_links":{"self":[{"href":"https:\/\/vintagespiritgarage.fr\/index.php?rest_route=\/wp\/v2\/product\/719"}],"collection":[{"href":"https:\/\/vintagespiritgarage.fr\/index.php?rest_route=\/wp\/v2\/product"}],"about":[{"href":"https:\/\/vintagespiritgarage.fr\/index.php?rest_route=\/wp\/v2\/types\/product"}],"replies":[{"embeddable":true,"href":"https:\/\/vintagespiritgarage.fr\/index.php?rest_route=%2Fwp%2Fv2%2Fcomments&post=719"}],"wp:featuredmedia":[{"embeddable":true,"href":"https:\/\/vintagespiritgarage.fr\/index.php?rest_route=\/wp\/v2\/media\/720"}],"wp:attachment":[{"href":"https:\/\/vintagespiritgarage.fr\/index.php?rest_route=%2Fwp%2Fv2%2Fmedia&parent=719"}],"wp:term":[{"taxonomy":"product_cat","embeddable":true,"href":"https:\/\/vintagespiritgarage.fr\/index.php?rest_route=%2Fwp%2Fv2%2Fproduct_cat&post=719"},{"taxonomy":"product_tag","embeddable":true,"href":"https:\/\/vintagespiritgarage.fr\/index.php?rest_route=%2Fwp%2Fv2%2Fproduct_tag&post=719"}],"curies":[{"name":"wp","href":"https:\/\/api.w.org\/{rel}","templated":true}]}}