{"id":721,"date":"2022-02-01T16:03:24","date_gmt":"2022-02-01T15:03:24","guid":{"rendered":"https:\/\/vintagespiritgarage.fr\/?post_type=product&#038;p=721"},"modified":"2022-02-01T16:10:56","modified_gmt":"2022-02-01T15:10:56","slug":"sailors-home-the-journey","status":"publish","type":"product","link":"https:\/\/vintagespiritgarage.fr\/?product=sailors-home-the-journey","title":{"rendered":"Sailor&rsquo;s Home &#8211; The Journey"},"content":{"rendered":"\n<p><strong>VOTRE NOUVEAU WHISK(E)Y: THE JOURNEY (THE EXPLORER SERIES)<\/strong><\/p>\n\n\n\n<p>Aucun whisky irlandais n\u2019est fait comme The Journey. Le grain est d\u2019abord vieilli en f\u00fbts de ch\u00eane vierge am\u00e9ricain, avant d\u2019\u00eatre remis en f\u00fbts de bourbon am\u00e9ricain. Le malt est vieilli dans du bourbon am\u00e9ricain et fini dans des f\u00fbts de rhum jama\u00efcain. Le blend rigoureux conclut le voyage remarquable du liquide. D\u00e9gustez-le pur et\/ou comme base d\u00e9licieuse pour des cocktails \u00e9tonnants. Pour vous inspirer, d\u00e9couvrez le Sailor\u2019s Home Whisky Sour du Taylor\u2019s Bar \u00e0 Galway, le King Kong Manhattan de Dockleaf \u00e0 Liverpool ou le Smoky Sailor de Butter \u00e0 Liverpool.<\/p>\n\n\n\n<p><strong>Fait en Irlande, fa\u00e7onn\u00e9 par le monde<\/strong><\/p>\n\n\n\n<p>Limerick est situ\u00e9 \u00e0 l\u2019estuaire de la rivi\u00e8re Shannon, o\u00f9 le plus grand fleuve d\u2019Irlande rencontre l\u2019oc\u00e9an Atlantique sur la c\u00f4te ouest du pays. C\u2019est un endroit o\u00f9 la vie et l\u2019histoire des gens sont compl\u00e8tement li\u00e9es \u00e0 l\u2019exploration de l\u2019oc\u00e9an et aux plaisirs de la <em>Wild Atlantic Way <\/em>sauvage. L\u2019original Sailor\u2019s Home a \u00e9t\u00e9 construit en 1856 comme un havre de paix, pour offrir un accueil et un sanctuaire lors du voyage aux marins et aux explorateurs passant par Limerick.<\/p>\n\n\n\n<p>Inspir\u00e9es par cet h\u00e9ritage, des expressions tout \u00e0 fait distinctives ont \u00e9t\u00e9 \u00e9labor\u00e9es par le l\u00e9gendaire <em>whiskey maker<\/em>, Dr Jack \u00d3\u2019S\u00e9, pour r\u00e9compenser ceux qui recherchent de nouvelles exp\u00e9riences gustatives dans de grands endroits. Sailor\u2019s Home ne ressemble \u00e0 aucun autre whiskey irlandais. Chaque expression explore la qualit\u00e9 de la distillation, du vieillissement et de la finition du whiskey irlandais avec des infusions de saveurs incroyables provenant de f\u00fbts d\u2019Espagne, des \u00c9tats-Unis et des climats tropicaux des Cara\u00efbes.<\/p>\n","protected":false},"excerpt":{"rendered":"<div class=\"page\" title=\"Page 39\">\n<div class=\"section\">\n<div class=\"layoutArea\">\n<div class=\"column\">\n<p style=\"text-align: left;\"><strong>70 cl \u2022 43\u00b0<\/p>\n<p><\/strong><strong>Vieillissement<\/strong> : Fu\u0302ts de che\u0302ne puis fu\u0302ts de bourbon ame\u0301ricains Assemblage avec du whisky irlandais de malt mu\u0302ri dans du bourbon ame\u0301ricain et fini dans des fu\u0302ts de rhum jamai\u0308cain<br \/><strong>Nez<\/strong> : Caramel, che\u0302ne grille\u0301, rhum brun<br \/><strong>Palais<\/strong> : Caramel collant, rondeur de la me\u0301lasse parfaitement e\u0301quilibre\u0301e avec la profondeur du malt<br \/><strong>Finale<\/strong> : Banane mu\u0302re &amp; vanille<\/p>\n<\/div>\n<\/div>\n<\/div>\n<\/div>\n","protected":false},"featured_media":722,"comment_status":"open","ping_status":"closed","template":"","meta":[],"product_cat":[24],"product_tag":[],"_links":{"self":[{"href":"https:\/\/vintagespiritgarage.fr\/index.php?rest_route=\/wp\/v2\/product\/721"}],"collection":[{"href":"https:\/\/vintagespiritgarage.fr\/index.php?rest_route=\/wp\/v2\/product"}],"about":[{"href":"https:\/\/vintagespiritgarage.fr\/index.php?rest_route=\/wp\/v2\/types\/product"}],"replies":[{"embeddable":true,"href":"https:\/\/vintagespiritgarage.fr\/index.php?rest_route=%2Fwp%2Fv2%2Fcomments&post=721"}],"wp:featuredmedia":[{"embeddable":true,"href":"https:\/\/vintagespiritgarage.fr\/index.php?rest_route=\/wp\/v2\/media\/722"}],"wp:attachment":[{"href":"https:\/\/vintagespiritgarage.fr\/index.php?rest_route=%2Fwp%2Fv2%2Fmedia&parent=721"}],"wp:term":[{"taxonomy":"product_cat","embeddable":true,"href":"https:\/\/vintagespiritgarage.fr\/index.php?rest_route=%2Fwp%2Fv2%2Fproduct_cat&post=721"},{"taxonomy":"product_tag","embeddable":true,"href":"https:\/\/vintagespiritgarage.fr\/index.php?rest_route=%2Fwp%2Fv2%2Fproduct_tag&post=721"}],"curies":[{"name":"wp","href":"https:\/\/api.w.org\/{rel}","templated":true}]}}