{"id":726,"date":"2022-02-01T16:12:24","date_gmt":"2022-02-01T15:12:24","guid":{"rendered":"https:\/\/vintagespiritgarage.fr\/?post_type=product&#038;p=726"},"modified":"2022-02-01T16:15:43","modified_gmt":"2022-02-01T15:15:43","slug":"sailors-home-the-haven","status":"publish","type":"product","link":"https:\/\/vintagespiritgarage.fr\/?product=sailors-home-the-haven","title":{"rendered":"Sailor&rsquo;s Home &#8211; The Haven Single Pot Still"},"content":{"rendered":"\n<p><strong>MIEUX QUE N\u2019IMPORTE QUEL PORT DANS UNE TEMP\u00caTE<\/strong><\/p>\n\n\n\n<p>La premi\u00e8re version de l\u2019unique pot still de style Irish Whiskey, Haven, est fabriqu\u00e9 \u00e0 partir d\u2019une facture de pur\u00e9e d\u2019orge et d\u2019avoine irlandaise malt\u00e9e et non malt\u00e9e. Distill\u00e9 en trois pots, le whiskey est vieilli dans des f\u00fbts de bourbon am\u00e9ricain et des f\u00fbts de sherry espagnol Oloroso. Ce whiskey irlandais se d\u00e9guste mieux avec une goutte d\u2019eau, ou dans un cocktail bien \u00e9quilibr\u00e9 o\u00f9 chantent ses saveurs \u00e9pic\u00e9es mais douces.<\/p>\n\n\n\n<p><strong>Fait en Irlande, fa\u00e7onn\u00e9 par le monde<\/strong><\/p>\n\n\n\n<p>Limerick est situ\u00e9 \u00e0 l\u2019estuaire de la rivi\u00e8re Shannon, o\u00f9 le plus grand fleuve d\u2019Irlande rencontre l\u2019oc\u00e9an Atlantique sur la c\u00f4te ouest du pays. C\u2019est un endroit o\u00f9 la vie et l\u2019histoire des gens sont compl\u00e8tement li\u00e9es \u00e0 l\u2019exploration de l\u2019oc\u00e9an et aux plaisirs de la <em>Wild Atlantic Way <\/em>sauvage. L\u2019original Sailor\u2019s Home a \u00e9t\u00e9 construit en 1856 comme un havre de paix, pour offrir un accueil et un sanctuaire lors du voyage aux marins et aux explorateurs passant par Limerick.<\/p>\n\n\n\n<p>Inspir\u00e9es par cet h\u00e9ritage, des expressions tout \u00e0 fait distinctives ont \u00e9t\u00e9 \u00e9labor\u00e9es par le l\u00e9gendaire <em>whiskey maker<\/em>, Dr Jack \u00d3\u2019S\u00e9, pour r\u00e9compenser ceux qui recherchent de nouvelles exp\u00e9riences gustatives dans de grands endroits. Sailor\u2019s Home ne ressemble \u00e0 aucun autre whiskey irlandais. Chaque expression explore la qualit\u00e9 de la distillation, du vieillissement et de la finition du whiskey irlandais avec des infusions de saveurs incroyables provenant de f\u00fbts d\u2019Espagne, des \u00c9tats-Unis et des climats tropicaux des Cara\u00efbes.<\/p>\n","protected":false},"excerpt":{"rendered":"<div class=\"page\" title=\"Page 39\">\n<div class=\"section\">\n<div class=\"layoutArea\">\n<div class=\"column\">\n<p style=\"text-align: left;\"><strong>70 cl \u2022 43\u00b0<\/p>\n<p>Matie\u0300re premie\u0300re<\/strong> : Orge et avoine irlandaises malte\u0301es et non malte\u0301es <br \/><strong>Vieillissement<\/strong> : Fu\u0302ts de bourbon ame\u0301ricain et fu\u0302ts de sherry espagnols Oloroso<br \/><strong>Nez<\/strong> : Raisins verts, e\u0301pices chaudes et che\u0302ne mielle\u0301<br \/><strong>Palais<\/strong> : Cre\u0301meux, captivant, e\u0301pices, amandes grille\u0301es, vanille<br \/><strong>Finale<\/strong> : Cassonade, fruits noirs mu\u0302rs<\/p>\n<\/div>\n<\/div>\n<\/div>\n<\/div>\n","protected":false},"featured_media":725,"comment_status":"open","ping_status":"closed","template":"","meta":[],"product_cat":[24],"product_tag":[],"_links":{"self":[{"href":"https:\/\/vintagespiritgarage.fr\/index.php?rest_route=\/wp\/v2\/product\/726"}],"collection":[{"href":"https:\/\/vintagespiritgarage.fr\/index.php?rest_route=\/wp\/v2\/product"}],"about":[{"href":"https:\/\/vintagespiritgarage.fr\/index.php?rest_route=\/wp\/v2\/types\/product"}],"replies":[{"embeddable":true,"href":"https:\/\/vintagespiritgarage.fr\/index.php?rest_route=%2Fwp%2Fv2%2Fcomments&post=726"}],"wp:featuredmedia":[{"embeddable":true,"href":"https:\/\/vintagespiritgarage.fr\/index.php?rest_route=\/wp\/v2\/media\/725"}],"wp:attachment":[{"href":"https:\/\/vintagespiritgarage.fr\/index.php?rest_route=%2Fwp%2Fv2%2Fmedia&parent=726"}],"wp:term":[{"taxonomy":"product_cat","embeddable":true,"href":"https:\/\/vintagespiritgarage.fr\/index.php?rest_route=%2Fwp%2Fv2%2Fproduct_cat&post=726"},{"taxonomy":"product_tag","embeddable":true,"href":"https:\/\/vintagespiritgarage.fr\/index.php?rest_route=%2Fwp%2Fv2%2Fproduct_tag&post=726"}],"curies":[{"name":"wp","href":"https:\/\/api.w.org\/{rel}","templated":true}]}}