{"id":727,"date":"2022-02-01T16:15:51","date_gmt":"2022-02-01T15:15:51","guid":{"rendered":"https:\/\/vintagespiritgarage.fr\/?post_type=product&#038;p=727"},"modified":"2022-02-01T16:25:28","modified_gmt":"2022-02-01T15:25:28","slug":"sailors-home-the-horizon-10-ans","status":"publish","type":"product","link":"https:\/\/vintagespiritgarage.fr\/?product=sailors-home-the-horizon-10-ans","title":{"rendered":"Sailor&rsquo;s Home &#8211; The Horizon, 10 ans"},"content":{"rendered":"\n<p><strong>WHISKEY IRLANDAIS THE HORIZON 10 ANS (THE ISLANDS SERIES)<\/strong><\/p>\n\n\n\n<p>Horizon est \u00e9labor\u00e9 \u00e0 partir d\u2019un m\u00e9lange exceptionnel de malt irlandais et de whisky de grain vieilli pendant au moins 10 ans dans des f\u00fbts de bourbon am\u00e9ricain. Le whisky remarquable est ensuite mis dans des f\u00fbts de rhum de la Barbade soigneusement s\u00e9lectionn\u00e9s pour une p\u00e9riode de finition de 6 mois. Horizon est le premier de la s\u00e9rie <em>Islands<\/em>, refl\u00e9tant la qu\u00eate de Sailor\u2019s Home pour des exp\u00e9riences de whisky audacieuses. Il doit \u00eatre d\u00e9gust\u00e9 dans un verre sp\u00e9cial dans un endroit sp\u00e9cial, comme vous le souhaitez.<\/p>\n\n\n\n<p><strong>Fait en Irlande, fa\u00e7onn\u00e9 par le monde<\/strong><\/p>\n\n\n\n<p>Limerick est situ\u00e9 \u00e0 l\u2019estuaire de la rivi\u00e8re Shannon, o\u00f9 le plus grand fleuve d\u2019Irlande rencontre l\u2019oc\u00e9an Atlantique sur la c\u00f4te ouest du pays. C\u2019est un endroit o\u00f9 la vie et l\u2019histoire des gens sont compl\u00e8tement li\u00e9es \u00e0 l\u2019exploration de l\u2019oc\u00e9an et aux plaisirs de la <em>Wild Atlantic Way <\/em>sauvage. L\u2019original Sailor\u2019s Home a \u00e9t\u00e9 construit en 1856 comme un havre de paix, pour offrir un accueil et un sanctuaire lors du voyage aux marins et aux explorateurs passant par Limerick.<\/p>\n\n\n\n<p>Inspir\u00e9es par cet h\u00e9ritage, des expressions tout \u00e0 fait distinctives ont \u00e9t\u00e9 \u00e9labor\u00e9es par le l\u00e9gendaire <em>whiskey maker<\/em>, Dr Jack \u00d3\u2019S\u00e9, pour r\u00e9compenser ceux qui recherchent de nouvelles exp\u00e9riences gustatives dans de grands endroits. Sailor\u2019s Home ne ressemble \u00e0 aucun autre whiskey irlandais. Chaque expression explore la qualit\u00e9 de la distillation, du vieillissement et de la finition du whiskey irlandais avec des infusions de saveurs incroyables provenant de f\u00fbts d\u2019Espagne, des \u00c9tats-Unis et des climats tropicaux des Cara\u00efbes.<\/p>\n","protected":false},"excerpt":{"rendered":"<div class=\"page\" title=\"Page 39\">\n<div class=\"section\">\n<div class=\"layoutArea\">\n<div class=\"column\">\n<p style=\"text-align: left;\"><strong>70 cl \u2022 43\u00b0<\/p>\n<p><\/strong>Blend de malt irlandais et de whisky de grain vieilli pendant au moins 10 ans dans des fu\u0302ts de bourbon ame\u0301ricain. Le whisky est ensuite mis dans des fu\u0302ts de rhum de la Barbade soigneusement se\u0301lectionne\u0301s pour une pe\u0301riode de finition de 6 mois.<\/p>\n<p><strong>Nez<\/strong> : Sucre roux alle\u0301chant et fruits tropicaux mu\u0302rs<br \/><strong>Palais<\/strong> : Melting pot de miel malte\u0301, che\u0302ne, rhum soyeux, vanille et banane carame\u0301lise\u0301e<br \/><strong>Finale<\/strong> : Caramel au beurre, zeste d\u2019orange<\/p>\n<\/div>\n<\/div>\n<\/div>\n<\/div>\n","protected":false},"featured_media":724,"comment_status":"open","ping_status":"closed","template":"","meta":[],"product_cat":[24],"product_tag":[],"_links":{"self":[{"href":"https:\/\/vintagespiritgarage.fr\/index.php?rest_route=\/wp\/v2\/product\/727"}],"collection":[{"href":"https:\/\/vintagespiritgarage.fr\/index.php?rest_route=\/wp\/v2\/product"}],"about":[{"href":"https:\/\/vintagespiritgarage.fr\/index.php?rest_route=\/wp\/v2\/types\/product"}],"replies":[{"embeddable":true,"href":"https:\/\/vintagespiritgarage.fr\/index.php?rest_route=%2Fwp%2Fv2%2Fcomments&post=727"}],"wp:featuredmedia":[{"embeddable":true,"href":"https:\/\/vintagespiritgarage.fr\/index.php?rest_route=\/wp\/v2\/media\/724"}],"wp:attachment":[{"href":"https:\/\/vintagespiritgarage.fr\/index.php?rest_route=%2Fwp%2Fv2%2Fmedia&parent=727"}],"wp:term":[{"taxonomy":"product_cat","embeddable":true,"href":"https:\/\/vintagespiritgarage.fr\/index.php?rest_route=%2Fwp%2Fv2%2Fproduct_cat&post=727"},{"taxonomy":"product_tag","embeddable":true,"href":"https:\/\/vintagespiritgarage.fr\/index.php?rest_route=%2Fwp%2Fv2%2Fproduct_tag&post=727"}],"curies":[{"name":"wp","href":"https:\/\/api.w.org\/{rel}","templated":true}]}}