{"id":728,"date":"2022-02-01T16:27:41","date_gmt":"2022-02-01T15:27:41","guid":{"rendered":"https:\/\/vintagespiritgarage.fr\/?post_type=product&#038;p=728"},"modified":"2023-12-29T14:29:43","modified_gmt":"2023-12-29T13:29:43","slug":"sailors-home-caravelle","status":"publish","type":"product","link":"https:\/\/vintagespiritgarage.fr\/?product=sailors-home-caravelle","title":{"rendered":"Sailor&rsquo;s Home &#8211; Caravelle"},"content":{"rendered":"\n<p><strong>EXPLOREZ LE RHUM AGRICOLE DE LA MARTINIQUE LUXURIANTE (THE ISLANDS SERIES)<\/strong><\/p>\n\n\n\n<p>La Caravelle doit son nom au voilier utilis\u00e9 pour de longs voyages d\u2019exploration aux XVe, XVIe et XVIIe si\u00e8cles, et \u00e0 la presqu\u2019ile de Caravelle, sa nature sauvage et luxuriante.<br>Ce whiskey rassemble de remarquables whiskeys irlandais de malt et de grain, vieillis 10 ans en f\u00fbts de bourbon am\u00e9ricain. La Martinique a une AOC sp\u00e9cifique contr\u00f4lant la fa\u00e7on dont le rhum agricole est produit &#8211; la finition dans des f\u00fbts de rhum de Martinique s\u00e9lectionn\u00e9s introduit des notes de saveur terreuses et exotiques.<\/p>\n\n\n\n<p><strong>Fait en Irlande, fa\u00e7onn\u00e9 par le monde<\/strong><\/p>\n\n\n\n<p>Limerick est situ\u00e9 \u00e0 l\u2019estuaire de la rivi\u00e8re Shannon, o\u00f9 le plus grand fleuve d\u2019Irlande rencontre l\u2019oc\u00e9an Atlantique sur la c\u00f4te ouest du pays. C\u2019est un endroit o\u00f9 la vie et l\u2019histoire des gens sont compl\u00e8tement li\u00e9es \u00e0 l\u2019exploration de l\u2019oc\u00e9an et aux plaisirs de la <em>Wild Atlantic Way <\/em>sauvage. L\u2019original Sailor\u2019s Home a \u00e9t\u00e9 construit en 1856 comme un havre de paix, pour offrir un accueil et un sanctuaire lors du voyage aux marins et aux explorateurs passant par Limerick.<\/p>\n\n\n\n<p>Inspir\u00e9es par cet h\u00e9ritage, des expressions tout \u00e0 fait distinctives ont \u00e9t\u00e9 \u00e9labor\u00e9es par le l\u00e9gendaire <em>whiskey maker<\/em>, Dr Jack \u00d3\u2019S\u00e9, pour r\u00e9compenser ceux qui recherchent de nouvelles exp\u00e9riences gustatives dans de grands endroits. Sailor\u2019s Home ne ressemble \u00e0 aucun autre whiskey irlandais. Chaque expression explore la qualit\u00e9 de la distillation, du vieillissement et de la finition du whiskey irlandais avec des infusions de saveurs incroyables provenant de f\u00fbts d\u2019Espagne, des \u00c9tats-Unis et des climats tropicaux des Cara\u00efbes.<\/p>\n","protected":false},"excerpt":{"rendered":"<div class=\"page\" title=\"Page 39\">\n<div class=\"section\">\n<div class=\"layoutArea\">\n<div class=\"column\">\n<p style=\"text-align: left;\"><strong>70 cl \u2022 46\u00b0<br \/><\/strong><\/p>\n<div class=\"page\" title=\"Page 39\">\n<div class=\"section\">\n<div class=\"layoutArea\">\n<div class=\"column\">\n<p>Blend de malt irlandais et de whisky de grain vieilli pendant au moins 10 ans dans des fu\u0302ts de bourbon ame\u0301ricain, puis dans des fu\u0302ts de rhum agricole martiniquais. <br \/><strong>Nez<\/strong> : Ananas, herbe, sucre demerara <br \/><strong>Palais<\/strong> : Caramel onctueux gras, canne a\u0300 sucre, orange sanguine, r\u00e9glisse<br \/><strong>Finale<\/strong> : Bananes confites<\/p>\n<\/div>\n<\/div>\n<\/div>\n<\/div>\n<\/div>\n<\/div>\n<\/div>\n<\/div>\n","protected":false},"featured_media":729,"comment_status":"open","ping_status":"closed","template":"","meta":[],"product_cat":[24],"product_tag":[],"_links":{"self":[{"href":"https:\/\/vintagespiritgarage.fr\/index.php?rest_route=\/wp\/v2\/product\/728"}],"collection":[{"href":"https:\/\/vintagespiritgarage.fr\/index.php?rest_route=\/wp\/v2\/product"}],"about":[{"href":"https:\/\/vintagespiritgarage.fr\/index.php?rest_route=\/wp\/v2\/types\/product"}],"replies":[{"embeddable":true,"href":"https:\/\/vintagespiritgarage.fr\/index.php?rest_route=%2Fwp%2Fv2%2Fcomments&post=728"}],"wp:featuredmedia":[{"embeddable":true,"href":"https:\/\/vintagespiritgarage.fr\/index.php?rest_route=\/wp\/v2\/media\/729"}],"wp:attachment":[{"href":"https:\/\/vintagespiritgarage.fr\/index.php?rest_route=%2Fwp%2Fv2%2Fmedia&parent=728"}],"wp:term":[{"taxonomy":"product_cat","embeddable":true,"href":"https:\/\/vintagespiritgarage.fr\/index.php?rest_route=%2Fwp%2Fv2%2Fproduct_cat&post=728"},{"taxonomy":"product_tag","embeddable":true,"href":"https:\/\/vintagespiritgarage.fr\/index.php?rest_route=%2Fwp%2Fv2%2Fproduct_tag&post=728"}],"curies":[{"name":"wp","href":"https:\/\/api.w.org\/{rel}","templated":true}]}}