{"id":810,"date":"2022-12-20T16:59:17","date_gmt":"2022-12-20T15:59:17","guid":{"rendered":"https:\/\/vintagespiritgarage.fr\/?post_type=product&#038;p=810"},"modified":"2022-12-20T17:12:49","modified_gmt":"2022-12-20T16:12:49","slug":"eau-de-coings-distillerie-denoix","status":"publish","type":"product","link":"https:\/\/vintagespiritgarage.fr\/?product=eau-de-coings-distillerie-denoix","title":{"rendered":"Eau de coings &#8211; Distillerie Denoix"},"content":{"rendered":"<div class=\"page\" title=\"Page 71\">\n<div class=\"section\">\n<div class=\"layoutArea\">\n<div class=\"column\">\n<p><strong>MA\u00ceTRES LIQUORISTES DEPUIS 1839<\/strong><\/p>\n<p>Quatre ge\u0301ne\u0301rations se sont transmises les secrets de fabrication des spe\u0301cialite\u0301s de la maison Denoix. Jamais la moindre fuite vers la concurrence qui s\u2019agace&#8230;<\/p>\n<p>Cette distillerie a e\u0301te\u0301 fonde\u0301e en 1839 par Pierre Lacoste a\u0300 Brive la Gaillarde, en Corre\u0300ze.<\/p>\n<p>Louis Denoix se joint ensuite a\u0300 lui, l&rsquo;histoire peut commencer, la ce\u0301le\u0300bre \u00ab Supre\u0302me de noix \u00bb est invente\u0301e.<br \/>\nEn e\u0301laborant ses recettes comme au XIXe sie\u0300cle, la distillerie Denoix pre\u0301serve un patrimoine, un savoir-faire, une qualite\u0301 et le vrai gou\u0302t de la nature.<\/p>\n<p>Les ape\u0301ritifs et liqueurs Denoix sont garantis sans colorant et sans aro\u0302me ajoute\u0301.<\/p>\n<p>Pierre Lacoste repose en paix.<\/p>\n<\/div>\n<\/div>\n<\/div>\n<\/div>\n","protected":false},"excerpt":{"rendered":"<div class=\"page\" title=\"Page 71\">\n<div class=\"section\">\n<div class=\"layoutArea\">\n<div class=\"column\">\n<p style=\"text-align: left;\">70 cl \u2022 30\u00b0<\/p>\n<p style=\"text-align: left;\">Liqueur de jus de coings, du pays de Brive, cognac, armagnac, sirop de sucre cuit au feu de bois<\/p>\n<p style=\"text-align: left;\">Le coing est un fruit typique de la r\u00e9gion de Brive. La r\u00e9colte s\u2019effectue en septembre et donne des fruits juteux et sucr\u00e9s. En broyant les coings ils r\u00e9cup\u00e8rent le jus qui donnera \u00e0 la liqueur son go\u00fbt suave et d\u00e9licat.<\/p>\n<p style=\"text-align: left;\">La distillerie Denoix l\u2019assemble avec du Cognac, de l\u2019Armagnac et un sirop de sucre cuit au feu de bois.<\/p>\n<\/div>\n<\/div>\n<\/div>\n<\/div>\n","protected":false},"featured_media":811,"comment_status":"open","ping_status":"closed","template":"","meta":[],"product_cat":[17],"product_tag":[],"_links":{"self":[{"href":"https:\/\/vintagespiritgarage.fr\/index.php?rest_route=\/wp\/v2\/product\/810"}],"collection":[{"href":"https:\/\/vintagespiritgarage.fr\/index.php?rest_route=\/wp\/v2\/product"}],"about":[{"href":"https:\/\/vintagespiritgarage.fr\/index.php?rest_route=\/wp\/v2\/types\/product"}],"replies":[{"embeddable":true,"href":"https:\/\/vintagespiritgarage.fr\/index.php?rest_route=%2Fwp%2Fv2%2Fcomments&post=810"}],"wp:featuredmedia":[{"embeddable":true,"href":"https:\/\/vintagespiritgarage.fr\/index.php?rest_route=\/wp\/v2\/media\/811"}],"wp:attachment":[{"href":"https:\/\/vintagespiritgarage.fr\/index.php?rest_route=%2Fwp%2Fv2%2Fmedia&parent=810"}],"wp:term":[{"taxonomy":"product_cat","embeddable":true,"href":"https:\/\/vintagespiritgarage.fr\/index.php?rest_route=%2Fwp%2Fv2%2Fproduct_cat&post=810"},{"taxonomy":"product_tag","embeddable":true,"href":"https:\/\/vintagespiritgarage.fr\/index.php?rest_route=%2Fwp%2Fv2%2Fproduct_tag&post=810"}],"curies":[{"name":"wp","href":"https:\/\/api.w.org\/{rel}","templated":true}]}}