{"id":812,"date":"2023-01-02T16:05:36","date_gmt":"2023-01-02T15:05:36","guid":{"rendered":"https:\/\/vintagespiritgarage.fr\/?post_type=product&#038;p=812"},"modified":"2025-08-19T07:23:33","modified_gmt":"2025-08-19T06:23:33","slug":"supasawa","status":"publish","type":"product","link":"https:\/\/vintagespiritgarage.fr\/?product=supasawa","title":{"rendered":"Su\u0304pa\u0304sawa\u0304"},"content":{"rendered":"<div class=\"page\" title=\"Page 86\">\n<div class=\"layoutArea\">\n<div class=\"column\">\n<p>ORIGINE : Belgique<\/p>\n<p>LE CITRON, \u00c0 C\u00d4T\u00c9 C&rsquo;EST DU BEURRE !<\/p>\n<\/div>\n<\/div>\n<\/div>\n<div class=\"page\" title=\"Page 70\">\n<div class=\"section\">\n<div class=\"layoutArea\">\n<div class=\"page\" title=\"Page 1\">\n<div class=\"section\">\n<div class=\"layoutArea\">\n<p>Trouver la formule acide id\u00e9ale peut demander de nombreuses ann\u00e9es d&rsquo;exp\u00e9rience, de tests et de jus, avec un co\u00fbt \u00e9norme en denr\u00e9es p\u00e9rissables, des sacs poubelles pleins de d\u00e9chets et, finalement, une d\u00e9pendance peu fiable \u00e0 la qualit\u00e9 variable des produits frais. Sans parler de l&rsquo;\u00e9norme empreinte carbone caus\u00e9e par l&rsquo;importation d&rsquo;agrumes frais depuis des lieux exotiques. S\u016bp\u0101saw\u0101 remet la cr\u00e9ativit\u00e9 dans la mixologie, et donne aux mixologues professionnels et amateurs une solution acide de qualit\u00e9 sup\u00e9rieure fiable, stable, \u00e9conomique et durable, avec une longue dur\u00e9e de conservation.<\/p>\n<\/div>\n<\/div>\n<\/div>\n<\/div>\n<\/div>\n<\/div>\n","protected":false},"excerpt":{"rendered":"<div class=\"page\" title=\"Page 70\">\n<div class=\"section\">\n<div class=\"layoutArea\">\n<div class=\"column\">\n<p>70 cl \/ 10 l<\/p>\n<p>Su\u0304pa\u0304sawa\u0304 est un premium sour mix, indispensable dans chaque bar. Un vrai bonheur pour tout barman. Obtenir vos cordials pour vos cocktails, rien de plus facile ! Compose\u0301 d\u2019eau distille\u0301e, de 5 types d\u2019acides organiques, de sucre et une pince\u0301e de sel. Su\u0304pa\u0304sawa\u0304, l\u2019ingre\u0301dient irremplac\u0327able pour vos cocktails !<\/p>\n<\/div>\n<\/div>\n<\/div>\n<\/div>\n","protected":false},"featured_media":813,"comment_status":"open","ping_status":"closed","template":"","meta":[],"product_cat":[26],"product_tag":[],"_links":{"self":[{"href":"https:\/\/vintagespiritgarage.fr\/index.php?rest_route=\/wp\/v2\/product\/812"}],"collection":[{"href":"https:\/\/vintagespiritgarage.fr\/index.php?rest_route=\/wp\/v2\/product"}],"about":[{"href":"https:\/\/vintagespiritgarage.fr\/index.php?rest_route=\/wp\/v2\/types\/product"}],"replies":[{"embeddable":true,"href":"https:\/\/vintagespiritgarage.fr\/index.php?rest_route=%2Fwp%2Fv2%2Fcomments&post=812"}],"wp:featuredmedia":[{"embeddable":true,"href":"https:\/\/vintagespiritgarage.fr\/index.php?rest_route=\/wp\/v2\/media\/813"}],"wp:attachment":[{"href":"https:\/\/vintagespiritgarage.fr\/index.php?rest_route=%2Fwp%2Fv2%2Fmedia&parent=812"}],"wp:term":[{"taxonomy":"product_cat","embeddable":true,"href":"https:\/\/vintagespiritgarage.fr\/index.php?rest_route=%2Fwp%2Fv2%2Fproduct_cat&post=812"},{"taxonomy":"product_tag","embeddable":true,"href":"https:\/\/vintagespiritgarage.fr\/index.php?rest_route=%2Fwp%2Fv2%2Fproduct_tag&post=812"}],"curies":[{"name":"wp","href":"https:\/\/api.w.org\/{rel}","templated":true}]}}