{"id":827,"date":"2023-01-19T15:37:25","date_gmt":"2023-01-19T14:37:25","guid":{"rendered":"https:\/\/vintagespiritgarage.fr\/?post_type=product&#038;p=827"},"modified":"2023-01-19T15:39:49","modified_gmt":"2023-01-19T14:39:49","slug":"j-gasco-green-tonic","status":"publish","type":"product","link":"https:\/\/vintagespiritgarage.fr\/?product=j-gasco-green-tonic","title":{"rendered":"J.Gasco &#8211; Green Tonic"},"content":{"rendered":"<div class=\"page\" title=\"Page 86\">\n<div class=\"layoutArea\">\n<div class=\"column\">\n<p>ORIGINE : Italie<\/p>\n<p>20 cl<\/p>\n<p>La gamme de softs Gasco, lance\u0301e a\u0300 Turin en 2013, est actuellement pre\u0301sente dans 25 pays.<br \/>\nCes softs sont fabrique\u0301s avec des ingre\u0301dients naturels et des matie\u0300res premie\u0300res soigneusement se\u0301lectionne\u0301es, sans colorants ni conservateurs artificiels. Gra\u0302ce a\u0300 leur gou\u0302t extre\u0302mement rafrai\u0302chissant et raffine\u0301, ils sont e\u0301galement ide\u0301aux comme ape\u0301ritif sans alcool.<\/p>\n<\/div>\n<\/div>\n<\/div>\n","protected":false},"excerpt":{"rendered":"<div class=\"page\" title=\"Page 86\">\n<div class=\"layoutArea\">\n<div class=\"column\">\n<div class=\"page\" title=\"Page 83\">\n<div class=\"layoutArea\">\n<div class=\"column\">\n<div class=\"page\" title=\"Page 83\">\n<div class=\"layoutArea\">\n<div class=\"column\">\n<p>Green tonic est le nouveau tonic de J.Gasco naturellement aromatis\u00e9 au distillat de concombre. Go\u00fbt bien structur\u00e9, persistant et net, notes herbac\u00e9es fra\u00eeches et vibrantes bien \u00e9quilibr\u00e9es par l&rsquo;huile essentielle de citron. Texture velout\u00e9e, carbonatation \u00e9lev\u00e9e avec des bulles fines et persistantes. D\u00e9licieux d\u00e9gust\u00e9 pur comme boisson, se marie bien avec les gins aromatiques, \u00e0 essayer aussi m\u00e9lang\u00e9 avec de la vodka ou dans des mocktails pour ceux qui pr\u00e9f\u00e8rent une boisson non alcoolis\u00e9e.<\/p>\n<\/div>\n<\/div>\n<\/div>\n<\/div>\n<\/div>\n<\/div>\n<\/div>\n<\/div>\n<\/div>\n","protected":false},"featured_media":828,"comment_status":"open","ping_status":"closed","template":"","meta":[],"product_cat":[26],"product_tag":[],"_links":{"self":[{"href":"https:\/\/vintagespiritgarage.fr\/index.php?rest_route=\/wp\/v2\/product\/827"}],"collection":[{"href":"https:\/\/vintagespiritgarage.fr\/index.php?rest_route=\/wp\/v2\/product"}],"about":[{"href":"https:\/\/vintagespiritgarage.fr\/index.php?rest_route=\/wp\/v2\/types\/product"}],"replies":[{"embeddable":true,"href":"https:\/\/vintagespiritgarage.fr\/index.php?rest_route=%2Fwp%2Fv2%2Fcomments&post=827"}],"wp:featuredmedia":[{"embeddable":true,"href":"https:\/\/vintagespiritgarage.fr\/index.php?rest_route=\/wp\/v2\/media\/828"}],"wp:attachment":[{"href":"https:\/\/vintagespiritgarage.fr\/index.php?rest_route=%2Fwp%2Fv2%2Fmedia&parent=827"}],"wp:term":[{"taxonomy":"product_cat","embeddable":true,"href":"https:\/\/vintagespiritgarage.fr\/index.php?rest_route=%2Fwp%2Fv2%2Fproduct_cat&post=827"},{"taxonomy":"product_tag","embeddable":true,"href":"https:\/\/vintagespiritgarage.fr\/index.php?rest_route=%2Fwp%2Fv2%2Fproduct_tag&post=827"}],"curies":[{"name":"wp","href":"https:\/\/api.w.org\/{rel}","templated":true}]}}