{"id":829,"date":"2023-01-19T15:43:55","date_gmt":"2023-01-19T14:43:55","guid":{"rendered":"https:\/\/vintagespiritgarage.fr\/?post_type=product&#038;p=829"},"modified":"2023-11-27T09:20:34","modified_gmt":"2023-11-27T08:20:34","slug":"sailors-home-stormchaser","status":"publish","type":"product","link":"https:\/\/vintagespiritgarage.fr\/?product=sailors-home-stormchaser","title":{"rendered":"Sailor&rsquo;s Home &#8211; Stormchaser"},"content":{"rendered":"\r\n\r\n\r\n<p><strong>Fait en Irlande, fa\u00e7onn\u00e9 par le monde<\/strong><\/p>\r\n\r\n\r\n\r\n<p>Limerick est situ\u00e9 \u00e0 l\u2019estuaire de la rivi\u00e8re Shannon, o\u00f9 le plus grand fleuve d\u2019Irlande rencontre l\u2019oc\u00e9an Atlantique sur la c\u00f4te ouest du pays. C\u2019est un endroit o\u00f9 la vie et l\u2019histoire des gens sont compl\u00e8tement li\u00e9es \u00e0 l\u2019exploration de l\u2019oc\u00e9an et aux plaisirs de la <em>Wild Atlantic Way <\/em>sauvage. L\u2019original Sailor\u2019s Home a \u00e9t\u00e9 construit en 1856 comme un havre de paix, pour offrir un accueil et un sanctuaire lors du voyage aux marins et aux explorateurs passant par Limerick.<\/p>\r\n\r\n\r\n\r\n<p>Inspir\u00e9es par cet h\u00e9ritage, des expressions tout \u00e0 fait distinctives ont \u00e9t\u00e9 \u00e9labor\u00e9es par le l\u00e9gendaire <em>whiskey maker<\/em>, Dr Jack \u00d3\u2019S\u00e9, pour r\u00e9compenser ceux qui recherchent de nouvelles exp\u00e9riences gustatives dans de grands endroits. Sailor\u2019s Home ne ressemble \u00e0 aucun autre whiskey irlandais. Chaque expression explore la qualit\u00e9 de la distillation, du vieillissement et de la finition du whiskey irlandais avec des infusions de saveurs incroyables provenant de f\u00fbts d\u2019Espagne, des \u00c9tats-Unis et des climats tropicaux des Cara\u00efbes.<\/p>\r\n","protected":false},"excerpt":{"rendered":"<div class=\"page\" title=\"Page 39\">\n<div class=\"section\">\n<div class=\"layoutArea\">\n<div class=\"column\">\n<p style=\"text-align: left;\"><strong>70 cl \u2022 46\u00b0<\/p>\n<p><\/strong>Whiskey irlandais Single Malt triple distillation vieilli en fu\u0302ts de che\u0302ne vierge et ex-bourbon avec deux finitions de fu\u0302ts intense\u0301ment diffe\u0301rentes mais comple\u0301mentaires &#8211; fu\u0302t de stout irlandais artisanal et fu\u0302ts de Made\u0300re.<\/p>\n<p><strong>Nez<\/strong> : Cacao, houblon doux-amer, malt torre\u0301fie\u0301<br \/><strong>Palais<\/strong> : Notes subtiles d\u2019e\u0301pices, espresso et chocolat noir, vanille cre\u0301meuse et zeste d\u2019orange<br \/><strong>Finale<\/strong> : Me\u0301lasse, notes de fruits noirs<\/p>\n<\/div>\n<\/div>\n<\/div>\n<\/div>\n","protected":false},"featured_media":830,"comment_status":"open","ping_status":"closed","template":"","meta":[],"product_cat":[24],"product_tag":[],"_links":{"self":[{"href":"https:\/\/vintagespiritgarage.fr\/index.php?rest_route=\/wp\/v2\/product\/829"}],"collection":[{"href":"https:\/\/vintagespiritgarage.fr\/index.php?rest_route=\/wp\/v2\/product"}],"about":[{"href":"https:\/\/vintagespiritgarage.fr\/index.php?rest_route=\/wp\/v2\/types\/product"}],"replies":[{"embeddable":true,"href":"https:\/\/vintagespiritgarage.fr\/index.php?rest_route=%2Fwp%2Fv2%2Fcomments&post=829"}],"wp:featuredmedia":[{"embeddable":true,"href":"https:\/\/vintagespiritgarage.fr\/index.php?rest_route=\/wp\/v2\/media\/830"}],"wp:attachment":[{"href":"https:\/\/vintagespiritgarage.fr\/index.php?rest_route=%2Fwp%2Fv2%2Fmedia&parent=829"}],"wp:term":[{"taxonomy":"product_cat","embeddable":true,"href":"https:\/\/vintagespiritgarage.fr\/index.php?rest_route=%2Fwp%2Fv2%2Fproduct_cat&post=829"},{"taxonomy":"product_tag","embeddable":true,"href":"https:\/\/vintagespiritgarage.fr\/index.php?rest_route=%2Fwp%2Fv2%2Fproduct_tag&post=829"}],"curies":[{"name":"wp","href":"https:\/\/api.w.org\/{rel}","templated":true}]}}