{"id":865,"date":"2023-08-14T08:51:52","date_gmt":"2023-08-14T07:51:52","guid":{"rendered":"https:\/\/vintagespiritgarage.fr\/?post_type=product&#038;p=865"},"modified":"2023-08-14T08:54:53","modified_gmt":"2023-08-14T07:54:53","slug":"romeos-gin-v","status":"publish","type":"product","link":"https:\/\/vintagespiritgarage.fr\/?product=romeos-gin-v","title":{"rendered":"Romeo&rsquo;s Gin V"},"content":{"rendered":"<p class=\"p1\"><strong>L&rsquo;art du gin<\/strong><\/p>\n<p class=\"p1\"><span class=\"s1\">Imagin\u00e9 \u00e0 Montr\u00e9al, ce gin c\u00e9l\u00e8bre la cr\u00e9ativit\u00e9. Voil\u00e0 une eau-de-vie con\u00e7ue pour les non-conformistes; ceux pour qui les limites n\u2019existent pas et qui cr\u00e9ent ce qui nous fait r\u00e9fl\u00e9chir et avancer. Ensemble, nous pouvons faire une diff\u00e9rence, d\u00e9mocratiser l\u2019art et se faire entendre. Chaque \u00e9dition limit\u00e9e met en valeur des artistes urbains s\u00e9lectionn\u00e9s, de Montr\u00e9al et d\u2019ailleurs.<br \/>\n<\/span><span class=\"s1\">C\u2019est la grande f\u00eate des cinq sens !<\/span><\/p>\n","protected":false},"excerpt":{"rendered":"<div class=\"page\" title=\"Page 31\">\n<div class=\"section\">\n<div class=\"layoutArea\">\n<div class=\"column\">\n<p>Romeo\u2019s gin ouvre les portes vers une nouvelle dimension de de\u0301gustation avec ce gin unique et surre\u0301el au citron vert, melon miel et raisin vert. Une co-cre\u0301ation avec l\u2019artiste nume\u0301rique canadien FVCKRENDER, qui repousse une fois de plus les limites de ce qu\u2019un spiritueux peut e\u0302tre.<\/p>\n<p>70 cl \u2022 41\u00b0<\/p>\n<p><strong>Nez<\/strong> : Fraicheur, charge\u0301 en agrume avec une le\u0301ge\u0300re acidite\u0301<br \/>\n<strong>Palais<\/strong> : Agrume et raisin vert<br \/>\n<strong>Finale<\/strong> : Toujours la fraicheur des agrumes avec la gourmandise du melon miel et de l\u2019amande<\/p>\n<\/div>\n<\/div>\n<\/div>\n<\/div>\n","protected":false},"featured_media":866,"comment_status":"open","ping_status":"closed","template":"","meta":[],"product_cat":[19],"product_tag":[],"_links":{"self":[{"href":"https:\/\/vintagespiritgarage.fr\/index.php?rest_route=\/wp\/v2\/product\/865"}],"collection":[{"href":"https:\/\/vintagespiritgarage.fr\/index.php?rest_route=\/wp\/v2\/product"}],"about":[{"href":"https:\/\/vintagespiritgarage.fr\/index.php?rest_route=\/wp\/v2\/types\/product"}],"replies":[{"embeddable":true,"href":"https:\/\/vintagespiritgarage.fr\/index.php?rest_route=%2Fwp%2Fv2%2Fcomments&post=865"}],"wp:featuredmedia":[{"embeddable":true,"href":"https:\/\/vintagespiritgarage.fr\/index.php?rest_route=\/wp\/v2\/media\/866"}],"wp:attachment":[{"href":"https:\/\/vintagespiritgarage.fr\/index.php?rest_route=%2Fwp%2Fv2%2Fmedia&parent=865"}],"wp:term":[{"taxonomy":"product_cat","embeddable":true,"href":"https:\/\/vintagespiritgarage.fr\/index.php?rest_route=%2Fwp%2Fv2%2Fproduct_cat&post=865"},{"taxonomy":"product_tag","embeddable":true,"href":"https:\/\/vintagespiritgarage.fr\/index.php?rest_route=%2Fwp%2Fv2%2Fproduct_tag&post=865"}],"curies":[{"name":"wp","href":"https:\/\/api.w.org\/{rel}","templated":true}]}}