{"id":867,"date":"2023-08-14T09:02:07","date_gmt":"2023-08-14T08:02:07","guid":{"rendered":"https:\/\/vintagespiritgarage.fr\/?post_type=product&#038;p=867"},"modified":"2023-08-14T09:19:40","modified_gmt":"2023-08-14T08:19:40","slug":"papa-legba","status":"publish","type":"product","link":"https:\/\/vintagespiritgarage.fr\/?product=papa-legba","title":{"rendered":"Papa Legba"},"content":{"rendered":"<p>Papa Legba est dans les croyances Vaudou le passeur du monde des vivants vers celui des esprits. On lui fait offrandes lors de c\u00e9r\u00e9monies pour attirer sa bienveillance, en flattant son go\u00fbt pour les mets sucr\u00e9s. C&rsquo;est pourquoi le spiritueux Papa Legba associe un rhum vieux avec des extraits naturels de banane, vanille et coco. C&rsquo;est une boisson voluptueuse, avec de d\u00e9licieux ar\u00f4mes de canne \u00e0 sucre et de subtiles notes d&rsquo;\u00e9pices et fruits exotiques.<\/p>\n","protected":false},"excerpt":{"rendered":"<p class=\"p1\"><strong>70 cl \u2022 40\u00b0<br \/>\n<\/strong><\/p>\n<p class=\"p1\">Papa Legba associe un Rhum vieux avec des extraits naturels de banane, vanille et coco. C\u2019est une boisson voluptueuse, avec de de\u0301licieux aro\u0302mes de canne a\u0300 sucre et subtiles notes d\u2019e\u0301pices et fruits exotiques.<strong><br \/>\n<\/strong><\/p>\n<p><strong>Robe<\/strong>\u00a0: brun acajou<br \/>\n<strong>Nez<\/strong> : Le premier nez est explosif sur des notes chaudes de coco, banane et de vanille bourbon. L\u2019agitation confirme ce bouquet. Le rhum vieux appara\u00eet dans un second temps.<br \/>\n<strong>Bouche<\/strong>\u00a0: La bouche est tr\u00e8s ronde, fruit\u00e9e. On distingue clairement l\u2019orange qui s\u2019entrem\u00eale avec le bois\u00e9 et des notes torr\u00e9fi\u00e9es. L\u2019ensemble est doux, sirupeux.<\/p>\n","protected":false},"featured_media":868,"comment_status":"open","ping_status":"closed","template":"","meta":[],"product_cat":[37],"product_tag":[],"_links":{"self":[{"href":"https:\/\/vintagespiritgarage.fr\/index.php?rest_route=\/wp\/v2\/product\/867"}],"collection":[{"href":"https:\/\/vintagespiritgarage.fr\/index.php?rest_route=\/wp\/v2\/product"}],"about":[{"href":"https:\/\/vintagespiritgarage.fr\/index.php?rest_route=\/wp\/v2\/types\/product"}],"replies":[{"embeddable":true,"href":"https:\/\/vintagespiritgarage.fr\/index.php?rest_route=%2Fwp%2Fv2%2Fcomments&post=867"}],"wp:featuredmedia":[{"embeddable":true,"href":"https:\/\/vintagespiritgarage.fr\/index.php?rest_route=\/wp\/v2\/media\/868"}],"wp:attachment":[{"href":"https:\/\/vintagespiritgarage.fr\/index.php?rest_route=%2Fwp%2Fv2%2Fmedia&parent=867"}],"wp:term":[{"taxonomy":"product_cat","embeddable":true,"href":"https:\/\/vintagespiritgarage.fr\/index.php?rest_route=%2Fwp%2Fv2%2Fproduct_cat&post=867"},{"taxonomy":"product_tag","embeddable":true,"href":"https:\/\/vintagespiritgarage.fr\/index.php?rest_route=%2Fwp%2Fv2%2Fproduct_tag&post=867"}],"curies":[{"name":"wp","href":"https:\/\/api.w.org\/{rel}","templated":true}]}}