{"id":905,"date":"2024-06-21T15:01:05","date_gmt":"2024-06-21T14:01:05","guid":{"rendered":"https:\/\/vintagespiritgarage.fr\/?post_type=product&#038;p=905"},"modified":"2024-06-21T15:03:56","modified_gmt":"2024-06-21T14:03:56","slug":"castro-vermood-vermouth-rosso","status":"publish","type":"product","link":"https:\/\/vintagespiritgarage.fr\/?product=castro-vermood-vermouth-rosso","title":{"rendered":"Castro Vermood &#8211; Vermouth Rosso"},"content":{"rendered":"<div class=\"page\" title=\"Page 54\">\n<div class=\"section\">\n<div class=\"layoutArea\">\n<div class=\"column\">\n<p>La distillerie Castro est une authentique entreprise grecque, re\u0301pute\u0301e pour son savoir-faire traditionnel et sa notorie\u0301te\u0301 dans la re\u0301gion de Patras. L\u2019histoire de cette distillerie familiale remonte au XIXe sie\u0300cle et trouve ses origines sur l\u2019i\u0302le de Chios, terre reconnue dans le monde entier pour sa prestigieuse production de mastic.<\/p>\n<p>En 1939, Panagiotis Hahalis, le grand-p\u00e8re des actuels distillateurs, a aromatis\u00e9 le vermouth avec des herbes de l&rsquo;\u00eele de Chios et a transf\u00e9r\u00e9 la distillerie et sa recette de Chios \u00e0 Patras, c\u00e9l\u00e8bre pour ses c\u00e9pages muscat.<\/p>\n<p>Aujourd&rsquo;hui, la coop\u00e9ration entre la distillerie Tentoura Castro &#8211; G.P. Hahalis et le barman sp\u00e9cialis\u00e9 Argiris Oikonomakos a donn\u00e9 naissance au Vermood, dans lequel l&rsquo;ancienne recette est perfectionn\u00e9e et acquiert une ambiance moderne.<\/p>\n<\/div>\n<\/div>\n<\/div>\n<\/div>\n","protected":false},"excerpt":{"rendered":"<div class=\"page\" title=\"Page 1\">\n<div class=\"section\">\n<div class=\"layoutArea\">\n<div class=\"column\">\n<div class=\"page\" title=\"Page 54\">\n<div class=\"section\">\n<div class=\"layoutArea\">\n<div class=\"column\">\n<p>75 cl \u2022 19\u00b0<\/p>\n<p>La douceur est naturelle et provient d&rsquo;un vin demi-sec (Rhoditis &amp; Mavrodaphne) aromatis\u00e9 avec de l&rsquo;armoise, de la racine de gentiane, du piment de la Jama\u00efque, de la bergamote, du safran (Krokos) et des extraits d&rsquo;\u00e9pices de Tentoura Castro. Un produit innovant \u00e0 base d&rsquo;extraits 100% naturels. Il contient du miel grec qui renforce sa saveur particuli\u00e8re et ne contient ni colorant ni sucre ajout\u00e9.<br \/>\n\u00c0 d\u00e9guster l\u00e9g\u00e8rement frais (12-13\u00baC) en ap\u00e9ritif, nature, avec des gla\u00e7ons ou dans les cocktails les plus originaux.<\/p>\n<\/div>\n<\/div>\n<\/div>\n<\/div>\n<\/div>\n<\/div>\n<\/div>\n<\/div>\n","protected":false},"featured_media":906,"comment_status":"open","ping_status":"closed","template":"","meta":[],"product_cat":[22],"product_tag":[],"_links":{"self":[{"href":"https:\/\/vintagespiritgarage.fr\/index.php?rest_route=\/wp\/v2\/product\/905"}],"collection":[{"href":"https:\/\/vintagespiritgarage.fr\/index.php?rest_route=\/wp\/v2\/product"}],"about":[{"href":"https:\/\/vintagespiritgarage.fr\/index.php?rest_route=\/wp\/v2\/types\/product"}],"replies":[{"embeddable":true,"href":"https:\/\/vintagespiritgarage.fr\/index.php?rest_route=%2Fwp%2Fv2%2Fcomments&post=905"}],"wp:featuredmedia":[{"embeddable":true,"href":"https:\/\/vintagespiritgarage.fr\/index.php?rest_route=\/wp\/v2\/media\/906"}],"wp:attachment":[{"href":"https:\/\/vintagespiritgarage.fr\/index.php?rest_route=%2Fwp%2Fv2%2Fmedia&parent=905"}],"wp:term":[{"taxonomy":"product_cat","embeddable":true,"href":"https:\/\/vintagespiritgarage.fr\/index.php?rest_route=%2Fwp%2Fv2%2Fproduct_cat&post=905"},{"taxonomy":"product_tag","embeddable":true,"href":"https:\/\/vintagespiritgarage.fr\/index.php?rest_route=%2Fwp%2Fv2%2Fproduct_tag&post=905"}],"curies":[{"name":"wp","href":"https:\/\/api.w.org\/{rel}","templated":true}]}}