{"id":909,"date":"2024-06-21T15:10:17","date_gmt":"2024-06-21T14:10:17","guid":{"rendered":"https:\/\/vintagespiritgarage.fr\/?post_type=product&#038;p=909"},"modified":"2024-06-21T15:13:37","modified_gmt":"2024-06-21T14:13:37","slug":"ouzo-castro","status":"publish","type":"product","link":"https:\/\/vintagespiritgarage.fr\/?product=ouzo-castro","title":{"rendered":"Ouzo Castro"},"content":{"rendered":"<div class=\"page\" title=\"Page 54\">\n<div class=\"section\">\n<div class=\"layoutArea\">\n<div class=\"column\">\n<p>La distillerie Castro est une authentique entreprise grecque, re\u0301pute\u0301e pour son savoir-faire traditionnel et sa notorie\u0301te\u0301 dans la re\u0301gion de Patras. L\u2019histoire de cette distillerie familiale remonte au XIXe sie\u0300cle et trouve ses origines sur l\u2019i\u0302le de Chios, terre reconnue dans le monde entier pour sa prestigieuse production de mastic.<\/p>\n<\/div>\n<\/div>\n<\/div>\n<\/div>\n","protected":false},"excerpt":{"rendered":"<div class=\"page\" title=\"Page 1\">\n<div class=\"section\">\n<div class=\"layoutArea\">\n<div class=\"column\">\n<div class=\"page\" title=\"Page 54\">\n<div class=\"section\">\n<div class=\"layoutArea\">\n<div class=\"column\">\n<div class=\"page\" title=\"Page 54\">\n<div class=\"section\">\n<div class=\"layoutArea\">\n<div class=\"column\">\n<p>70 cl \u2022 40\u00b0<\/p>\n<p>L&rsquo;Ouzo Castro est originaire du village fortifi\u00e9 d&rsquo;Agios Georgios Sikousis sur l&rsquo;\u00eele de Chios et est produit dans des alambics traditionnels en cuivre \u00e0 partir d&rsquo;un distillat \u00e0 100 % d&rsquo;anis, de fenouil et de mastic naturel de Chios, ainsi que d&rsquo;autres graines aromatiques. L&rsquo;essence du distillat, riche en saveurs et en ar\u00f4mes, est patiemment recueillie et mise en bouteille sans ajout de sucre.<\/p>\n<p>L&rsquo;Ouzo Castro contient des extraits naturels et des huiles essentielles de mastic de Chios et d&rsquo;anis.<\/p>\n<p>Vous pouvez le d\u00e9guster pur ou avec des gla\u00e7ons.<\/p>\n<\/div>\n<\/div>\n<\/div>\n<\/div>\n<\/div>\n<\/div>\n<\/div>\n<\/div>\n<\/div>\n<\/div>\n<\/div>\n<\/div>\n","protected":false},"featured_media":910,"comment_status":"open","ping_status":"closed","template":"","meta":[],"product_cat":[17],"product_tag":[],"_links":{"self":[{"href":"https:\/\/vintagespiritgarage.fr\/index.php?rest_route=\/wp\/v2\/product\/909"}],"collection":[{"href":"https:\/\/vintagespiritgarage.fr\/index.php?rest_route=\/wp\/v2\/product"}],"about":[{"href":"https:\/\/vintagespiritgarage.fr\/index.php?rest_route=\/wp\/v2\/types\/product"}],"replies":[{"embeddable":true,"href":"https:\/\/vintagespiritgarage.fr\/index.php?rest_route=%2Fwp%2Fv2%2Fcomments&post=909"}],"wp:featuredmedia":[{"embeddable":true,"href":"https:\/\/vintagespiritgarage.fr\/index.php?rest_route=\/wp\/v2\/media\/910"}],"wp:attachment":[{"href":"https:\/\/vintagespiritgarage.fr\/index.php?rest_route=%2Fwp%2Fv2%2Fmedia&parent=909"}],"wp:term":[{"taxonomy":"product_cat","embeddable":true,"href":"https:\/\/vintagespiritgarage.fr\/index.php?rest_route=%2Fwp%2Fv2%2Fproduct_cat&post=909"},{"taxonomy":"product_tag","embeddable":true,"href":"https:\/\/vintagespiritgarage.fr\/index.php?rest_route=%2Fwp%2Fv2%2Fproduct_tag&post=909"}],"curies":[{"name":"wp","href":"https:\/\/api.w.org\/{rel}","templated":true}]}}