{"id":92,"date":"2015-03-06T18:40:28","date_gmt":"2015-03-06T17:40:28","guid":{"rendered":"http:\/\/localhost:8888\/?product=rakomelo"},"modified":"2021-05-05T17:06:25","modified_gmt":"2021-05-05T16:06:25","slug":"rakomelo","status":"publish","type":"product","link":"https:\/\/vintagespiritgarage.fr\/?product=rakomelo","title":{"rendered":"Roots Kanela"},"content":{"rendered":"<p>Finest Roots a \u00e9t\u00e9 fond\u00e9e en 2011. C\u2019est une ligne originale de 4 produits de haut de gamme, vraiment premium. Soigneusement \u00e9labor\u00e9s dans notre\u00a0distillerie, nos produits Finest Roots\u00a0ont \u00e9t\u00e9 lanc\u00e9s en f\u00e9vrier 2013.<\/p>\n<p>Nos distilleries, une entreprise familiale fond\u00e9e en 1850 \u00e0 Kalamata, en Gr\u00e8ce, sont parmi les plus anciennes distilleries du pays. Au cours de nos\u00a0163 ann\u00e9es d\u2019histoire, elles ont re\u00e7u plusieurs prix internationaux. Contrairement aux pratiques courantes, tous nos produits, jusqu\u2019\u00e0 la derni\u00e8re goutte, sont faits uniquement avec 100% d\u2019extraits naturels, sans additifs artificiels ni essences de\u00a0saveur. La philosophie Roots Finest est d\u2019offrir une gamme premium de tr\u00e8s haute qualit\u00e9, absolument pure, sans concessions.<\/p>\n","protected":false},"excerpt":{"rendered":"<p>Extraction naturelle de cannelle, clou de girofle, noix de muscade, agrumes. Une ancienne\u00a0liqueur d\u2019une ville portuaire du 15e si\u00e8cle venue jusqu\u2019\u00e0 nous, recette transmise de bouche en bouche. Tentura d\u00e9livre des notes de cannelle que soutient sa liqueur, exp\u00e9rience profonde et sophistiqu\u00e9e. Cette sensation unique perdure dans une harmonique parfaite.<\/p>\n<p><strong>Saveur<\/strong> : Riche et luxuriante avec un go\u00fbt de terre, de vanille fran\u00e7aise et la sensation de la menthe poivr\u00e9e, l\u2019impression d\u2019un bonbon. Bo\u00eete \u00e0 cigares de c\u00e8dre en arri\u00e8re-go\u00fbt.<\/p>\n<p><strong>Ar\u00f4me<\/strong> : Un peu sucr\u00e9, \u00e9pic\u00e9, parfum de cannelle.<\/p>\n<p><strong>Couleur<\/strong> : Riche, marron moelleux rouge avec des tons pastel.<\/p>\n","protected":false},"featured_media":668,"comment_status":"open","ping_status":"closed","template":"","meta":[],"product_cat":[17],"product_tag":[],"_links":{"self":[{"href":"https:\/\/vintagespiritgarage.fr\/index.php?rest_route=\/wp\/v2\/product\/92"}],"collection":[{"href":"https:\/\/vintagespiritgarage.fr\/index.php?rest_route=\/wp\/v2\/product"}],"about":[{"href":"https:\/\/vintagespiritgarage.fr\/index.php?rest_route=\/wp\/v2\/types\/product"}],"replies":[{"embeddable":true,"href":"https:\/\/vintagespiritgarage.fr\/index.php?rest_route=%2Fwp%2Fv2%2Fcomments&post=92"}],"wp:featuredmedia":[{"embeddable":true,"href":"https:\/\/vintagespiritgarage.fr\/index.php?rest_route=\/wp\/v2\/media\/668"}],"wp:attachment":[{"href":"https:\/\/vintagespiritgarage.fr\/index.php?rest_route=%2Fwp%2Fv2%2Fmedia&parent=92"}],"wp:term":[{"taxonomy":"product_cat","embeddable":true,"href":"https:\/\/vintagespiritgarage.fr\/index.php?rest_route=%2Fwp%2Fv2%2Fproduct_cat&post=92"},{"taxonomy":"product_tag","embeddable":true,"href":"https:\/\/vintagespiritgarage.fr\/index.php?rest_route=%2Fwp%2Fv2%2Fproduct_tag&post=92"}],"curies":[{"name":"wp","href":"https:\/\/api.w.org\/{rel}","templated":true}]}}