{"id":920,"date":"2024-07-15T09:42:53","date_gmt":"2024-07-15T08:42:53","guid":{"rendered":"https:\/\/vintagespiritgarage.fr\/?post_type=product&#038;p=920"},"modified":"2024-07-15T09:49:26","modified_gmt":"2024-07-15T08:49:26","slug":"prosecco-extra-dry-filipetti","status":"publish","type":"product","link":"https:\/\/vintagespiritgarage.fr\/?product=prosecco-extra-dry-filipetti","title":{"rendered":"Prosecco Extra Dry Filipetti"},"content":{"rendered":"<p>Le Prosecco Extra Dry Filipetti se distingue par ses bulles fines, synonymes de fra\u00eecheur et de l\u00e9g\u00e8ret\u00e9. Il d\u00e9voile un nez frais et d\u00e9licat avec des ar\u00f4mes s\u00e9duisants de pommes vertes et de fleurs d\u2019acacia. En bouche, ce Prosecco offre une harmonie de saveurs fruit\u00e9es soutenues par une acidit\u00e9 \u00e9quilibr\u00e9e. Son caract\u00e8re sec, sans \u00eatre aust\u00e8re, apporte une d\u00e9licatesse appr\u00e9ciable \u00e0 chaque gorg\u00e9e.<\/p>\n","protected":false},"excerpt":{"rendered":"<div class=\"page\" title=\"Page 51\">\n<div class=\"section\">\n<div class=\"layoutArea\">\n<div class=\"column\">\n<p>75 cl \u2022 11\u00b0<\/p>\n<p><strong>Palais<\/strong> : Tre\u0300s frais, notes de pomme et d\u2019agrumes, bien e\u0301quilibre\u0301<br \/>\n<strong>De\u0301gustation<\/strong> : Parfait pour les spritz et autres cocktails. Seul en ape\u0301ritif, avec des crustace\u0301s, du poisson ou de la viande<\/p>\n<\/div>\n<\/div>\n<\/div>\n<\/div>\n","protected":false},"featured_media":921,"comment_status":"open","ping_status":"closed","template":"","meta":[],"product_cat":[23,17],"product_tag":[],"_links":{"self":[{"href":"https:\/\/vintagespiritgarage.fr\/index.php?rest_route=\/wp\/v2\/product\/920"}],"collection":[{"href":"https:\/\/vintagespiritgarage.fr\/index.php?rest_route=\/wp\/v2\/product"}],"about":[{"href":"https:\/\/vintagespiritgarage.fr\/index.php?rest_route=\/wp\/v2\/types\/product"}],"replies":[{"embeddable":true,"href":"https:\/\/vintagespiritgarage.fr\/index.php?rest_route=%2Fwp%2Fv2%2Fcomments&post=920"}],"wp:featuredmedia":[{"embeddable":true,"href":"https:\/\/vintagespiritgarage.fr\/index.php?rest_route=\/wp\/v2\/media\/921"}],"wp:attachment":[{"href":"https:\/\/vintagespiritgarage.fr\/index.php?rest_route=%2Fwp%2Fv2%2Fmedia&parent=920"}],"wp:term":[{"taxonomy":"product_cat","embeddable":true,"href":"https:\/\/vintagespiritgarage.fr\/index.php?rest_route=%2Fwp%2Fv2%2Fproduct_cat&post=920"},{"taxonomy":"product_tag","embeddable":true,"href":"https:\/\/vintagespiritgarage.fr\/index.php?rest_route=%2Fwp%2Fv2%2Fproduct_tag&post=920"}],"curies":[{"name":"wp","href":"https:\/\/api.w.org\/{rel}","templated":true}]}}