{"id":948,"date":"2025-01-15T15:37:51","date_gmt":"2025-01-15T14:37:51","guid":{"rendered":"https:\/\/vintagespiritgarage.fr\/?post_type=product&#038;p=948"},"modified":"2025-01-15T15:41:38","modified_gmt":"2025-01-15T14:41:38","slug":"helsinki-whiskey-100-rye-malt","status":"publish","type":"product","link":"https:\/\/vintagespiritgarage.fr\/?product=helsinki-whiskey-100-rye-malt","title":{"rendered":"Helsinki Whiskey &#8211; 100% Rye Malt"},"content":{"rendered":"<div class=\"page\" title=\"Page 38\">\n<div class=\"section\">\n<div class=\"layoutArea\">\n<div class=\"column\">\n<p>Premier whiskey de seigle distille\u0301 a\u0300 Helsinki, ce malt corse\u0301 est e\u0301labore\u0301 exclusivement a\u0300 partir de seigle finlandais de qualite\u0301 supe\u0301rieure. Distille\u0301 a\u0300 la main et vieilli au moins 5 ans, il est e\u0301leve\u0301 dans des fu\u0302ts de che\u0302ne ame\u0301ricain, de bourbon et de seigle, soigneusement se\u0301lectionne\u0301s. Son profil aromatique e\u0301quilibre douceur, piquant et caracte\u0300re fort du seigle, conforme\u0301ment a\u0300 la philosophie du HDCO. Chaque bouteille nume\u0301rote\u0301e est signe\u0301e par le mai\u0302tre distillateur Mikko Mykka\u0308nen.<\/p>\n<\/div>\n<\/div>\n<\/div>\n<\/div>\n<p class=\"p1\"><span class=\"s1\">The Helsinki Distilling est le r\u00e9sultat des ambitions de trois amis de longue date experts et passionn\u00e9s de spiritueux, S\u00e9amus Holohan, Kai Kilpinen et Mikko Mykk\u00e4nen. Leur objectif est de produire des spiritueux haut de gamme.<\/span><\/p>\n","protected":false},"excerpt":{"rendered":"<div class=\"page\" title=\"Page 38\">\n<div class=\"section\">\n<div class=\"layoutArea\">\n<div class=\"column\">\n<p><strong>50 cl \u2022 47,5\u00b0<\/strong><\/p>\n<p><strong>Composition<\/strong> : 100% Malt de seigle<br \/>\n<strong>Cask<\/strong> : Virgin American Oak, Ex-Bourbon, Ex-Rye Release : #17<br \/>\n<strong>Nez<\/strong> : Vanille, caramel, pain de seigle, miel, chocolat noir<br \/>\n<strong>Palais<\/strong> : Riche, vanille, abricots secs, toffee, re\u0301glisse, cafe\u0301 torre\u0301fie\u0301, herbes, tanins (en ajoutant une goutte d\u2019eau)<br \/>\n<strong>Finale<\/strong> : Longue, e\u0301pices de seigle, poivre blanc<\/p>\n<\/div>\n<\/div>\n<\/div>\n<\/div>\n","protected":false},"featured_media":949,"comment_status":"open","ping_status":"closed","template":"","meta":[],"product_cat":[24],"product_tag":[],"_links":{"self":[{"href":"https:\/\/vintagespiritgarage.fr\/index.php?rest_route=\/wp\/v2\/product\/948"}],"collection":[{"href":"https:\/\/vintagespiritgarage.fr\/index.php?rest_route=\/wp\/v2\/product"}],"about":[{"href":"https:\/\/vintagespiritgarage.fr\/index.php?rest_route=\/wp\/v2\/types\/product"}],"replies":[{"embeddable":true,"href":"https:\/\/vintagespiritgarage.fr\/index.php?rest_route=%2Fwp%2Fv2%2Fcomments&post=948"}],"wp:featuredmedia":[{"embeddable":true,"href":"https:\/\/vintagespiritgarage.fr\/index.php?rest_route=\/wp\/v2\/media\/949"}],"wp:attachment":[{"href":"https:\/\/vintagespiritgarage.fr\/index.php?rest_route=%2Fwp%2Fv2%2Fmedia&parent=948"}],"wp:term":[{"taxonomy":"product_cat","embeddable":true,"href":"https:\/\/vintagespiritgarage.fr\/index.php?rest_route=%2Fwp%2Fv2%2Fproduct_cat&post=948"},{"taxonomy":"product_tag","embeddable":true,"href":"https:\/\/vintagespiritgarage.fr\/index.php?rest_route=%2Fwp%2Fv2%2Fproduct_tag&post=948"}],"curies":[{"name":"wp","href":"https:\/\/api.w.org\/{rel}","templated":true}]}}